{"id":33954,"date":"2026-03-17T15:01:05","date_gmt":"2026-03-17T14:01:05","guid":{"rendered":"https:\/\/www.mengibarfillers.com\/ver-caso-de-estudio-linea-de-llenado-en-caliente-multiformato-de-alta-velocidad-para-desodorantes-y-antitranspirantes\/"},"modified":"2026-04-10T12:42:15","modified_gmt":"2026-04-10T10:42:15","slug":"ver-caso-de-estudio-linea-de-llenado-en-caliente-multiformato-de-alta-velocidad-para-desodorantes-y-antitranspirantes","status":"publish","type":"page","link":"https:\/\/www.mengibarfillers.com\/es\/ver-caso-de-estudio-linea-de-llenado-en-caliente-multiformato-de-alta-velocidad-para-desodorantes-y-antitranspirantes\/","title":{"rendered":"Ver caso de estudio: L\u00ednea de llenado en caliente multiformato de alta velocidad para desodorantes y antitranspirantes."},"content":{"rendered":"\t\t<div data-elementor-type=\"wp-page\" data-elementor-id=\"33954\" class=\"elementor elementor-33954 elementor-33843\" data-elementor-post-type=\"page\">\n\t\t\t\t<div class=\"elementor-element elementor-element-4cc9c4f e-flex e-con-boxed e-con e-parent\" data-id=\"4cc9c4f\" data-element_type=\"container\" data-e-type=\"container\" data-settings=\"{&quot;background_background&quot;:&quot;classic&quot;,&quot;_ob_use_container_extras&quot;:&quot;no&quot;,&quot;_ob_column_hoveranimator&quot;:&quot;no&quot;,&quot;_ob_glider_is_slider&quot;:&quot;no&quot;,&quot;_ob_column_has_pseudo&quot;:&quot;no&quot;}\">\n\t\t\t\t\t<div class=\"e-con-inner\">\n\t\t<div class=\"elementor-element elementor-element-d0ca195 e-flex e-con-boxed e-con e-child\" data-id=\"d0ca195\" data-element_type=\"container\" data-e-type=\"container\" data-settings=\"{&quot;_ob_use_container_extras&quot;:&quot;no&quot;,&quot;_ob_column_hoveranimator&quot;:&quot;no&quot;,&quot;_ob_glider_is_slider&quot;:&quot;no&quot;,&quot;_ob_column_has_pseudo&quot;:&quot;no&quot;}\">\n\t\t\t\t\t<div class=\"e-con-inner\">\n\t\t\t\t<div class=\"elementor-element elementor-element-595e258 ob-harakiri-inherit ob-has-background-overlay elementor-widget elementor-widget-heading\" data-id=\"595e258\" data-element_type=\"widget\" data-e-type=\"widget\" data-settings=\"{&quot;_ob_use_harakiri&quot;:&quot;yes&quot;,&quot;_ob_harakiri_writing_mode&quot;:&quot;inherit&quot;,&quot;_ob_harakiri_text_clip&quot;:&quot;none&quot;,&quot;_ob_widget_stalker_use&quot;:&quot;no&quot;,&quot;_ob_poopart_use&quot;:&quot;yes&quot;,&quot;_ob_shadough_use&quot;:&quot;no&quot;,&quot;_ob_allow_hoveranimator&quot;:&quot;no&quot;}\" data-widget_type=\"heading.default\">\n\t\t\t\t<div class=\"elementor-widget-container\">\n\t\t\t\t\t<h1 class=\"elementor-heading-title elementor-size-default\">L\u00ednea de llenado en caliente multiformato de alta velocidad<\/h1>\t\t\t\t<\/div>\n\t\t\t\t<\/div>\n\t\t\t\t<div class=\"elementor-element elementor-element-75312dc ob-harakiri-inherit ob-has-background-overlay elementor-widget elementor-widget-heading\" data-id=\"75312dc\" data-element_type=\"widget\" data-e-type=\"widget\" data-settings=\"{&quot;_ob_use_harakiri&quot;:&quot;yes&quot;,&quot;_ob_harakiri_writing_mode&quot;:&quot;inherit&quot;,&quot;_ob_harakiri_text_clip&quot;:&quot;none&quot;,&quot;_ob_widget_stalker_use&quot;:&quot;no&quot;,&quot;_ob_poopart_use&quot;:&quot;yes&quot;,&quot;_ob_shadough_use&quot;:&quot;no&quot;,&quot;_ob_allow_hoveranimator&quot;:&quot;no&quot;}\" data-widget_type=\"heading.default\">\n\t\t\t\t<div class=\"elementor-widget-container\">\n\t\t\t\t\t<h2 class=\"elementor-heading-title elementor-size-default\">Desodorantes en barra y roll-on - 300 UPM<\/h2>\t\t\t\t<\/div>\n\t\t\t\t<\/div>\n\t\t\t\t<div class=\"elementor-element elementor-element-94f1143 ob-harakiri-inherit ob-has-background-overlay elementor-widget elementor-widget-text-editor\" data-id=\"94f1143\" data-element_type=\"widget\" data-e-type=\"widget\" data-settings=\"{&quot;_ob_use_harakiri&quot;:&quot;yes&quot;,&quot;_ob_harakiri_writing_mode&quot;:&quot;inherit&quot;,&quot;_ob_postman_use&quot;:&quot;no&quot;,&quot;_ob_widget_stalker_use&quot;:&quot;no&quot;,&quot;_ob_poopart_use&quot;:&quot;yes&quot;,&quot;_ob_shadough_use&quot;:&quot;no&quot;,&quot;_ob_allow_hoveranimator&quot;:&quot;no&quot;}\" data-widget_type=\"text-editor.default\">\n\t\t\t\t<div class=\"elementor-widget-container\">\n\t\t\t\t\t\t\t\t\t<p data-start=\"590\" data-end=\"706\">Descubre c\u00f3mo se logran la flexibilidad, la optimizaci\u00f3n del espacio y la estabilidad a alta velocidad en una sola l\u00ednea totalmente integrada.<\/p><p data-start=\"751\" data-end=\"936\">Este caso de ingenier\u00eda muestra c\u00f3mo funciona una l\u00ednea de desodorantes de 300 UPM bajo restricciones de producci\u00f3n reales, combinando cambios de formato r\u00e1pidos, manipulaci\u00f3n automatizada de pucks (soportes) y una arquitectura de l\u00ednea optimizada.<\/p><p>Para obtener acceso exclusivo al v\u00eddeo y PDF de este caso de \u00e9xito, te solicitamos amablemente que completes un breve formulario.<\/p>\t\t\t\t\t\t\t\t<\/div>\n\t\t\t\t<\/div>\n\t\t\t\t<div class=\"elementor-element elementor-element-61b43f5 ob-has-background-overlay elementor-widget elementor-widget-image\" data-id=\"61b43f5\" data-element_type=\"widget\" data-e-type=\"widget\" data-settings=\"{&quot;_ob_photomorph_use&quot;:&quot;no&quot;,&quot;_ob_widget_stalker_use&quot;:&quot;no&quot;,&quot;_ob_poopart_use&quot;:&quot;yes&quot;,&quot;_ob_shadough_use&quot;:&quot;no&quot;,&quot;_ob_allow_hoveranimator&quot;:&quot;no&quot;}\" data-widget_type=\"image.default\">\n\t\t\t\t<div class=\"elementor-widget-container\">\n\t\t\t\t\t\t\t\t\t\t\t\t\t\t\t<img fetchpriority=\"high\" decoding=\"async\" width=\"594\" height=\"274\" src=\"https:\/\/www.mengibarfillers.com\/wp-content\/uploads\/2026\/03\/High-speed-multi-format-hot-fill-line-for-deodorants-and-antiperspirants-forms.png\" class=\"attachment-large size-large wp-image-33852\" alt=\"\" srcset=\"https:\/\/www.mengibarfillers.com\/wp-content\/uploads\/2026\/03\/High-speed-multi-format-hot-fill-line-for-deodorants-and-antiperspirants-forms.png 594w, https:\/\/www.mengibarfillers.com\/wp-content\/uploads\/2026\/03\/High-speed-multi-format-hot-fill-line-for-deodorants-and-antiperspirants-forms-300x138.png 300w\" sizes=\"(max-width: 594px) 100vw, 594px\" \/>\t\t\t\t\t\t\t\t\t\t\t\t\t\t\t<\/div>\n\t\t\t\t<\/div>\n\t\t\t\t\t<\/div>\n\t\t\t\t<\/div>\n\t\t<div class=\"elementor-element elementor-element-f8e4e41 e-flex e-con-boxed e-con e-child\" data-id=\"f8e4e41\" data-element_type=\"container\" data-e-type=\"container\" data-settings=\"{&quot;background_background&quot;:&quot;classic&quot;,&quot;_ob_use_container_extras&quot;:&quot;no&quot;,&quot;_ob_column_hoveranimator&quot;:&quot;no&quot;,&quot;_ob_glider_is_slider&quot;:&quot;no&quot;,&quot;_ob_column_has_pseudo&quot;:&quot;no&quot;}\">\n\t\t\t\t\t<div class=\"e-con-inner\">\n\t\t\t\t<div class=\"elementor-element elementor-element-7e5f23c ob-harakiri-inherit ob-has-background-overlay elementor-widget elementor-widget-heading\" data-id=\"7e5f23c\" data-element_type=\"widget\" data-e-type=\"widget\" data-settings=\"{&quot;_ob_use_harakiri&quot;:&quot;yes&quot;,&quot;_ob_harakiri_writing_mode&quot;:&quot;inherit&quot;,&quot;_ob_harakiri_text_clip&quot;:&quot;none&quot;,&quot;_ob_widget_stalker_use&quot;:&quot;no&quot;,&quot;_ob_poopart_use&quot;:&quot;yes&quot;,&quot;_ob_shadough_use&quot;:&quot;no&quot;,&quot;_ob_allow_hoveranimator&quot;:&quot;no&quot;}\" data-widget_type=\"heading.default\">\n\t\t\t\t<div class=\"elementor-widget-container\">\n\t\t\t\t\t<h2 class=\"elementor-heading-title elementor-size-default\">Acceder al caso de ingenier\u00eda completo<\/h2>\t\t\t\t<\/div>\n\t\t\t\t<\/div>\n\t\t\t\t<div class=\"elementor-element elementor-element-2d89c3e elementor-widget__width-initial ob-harakiri-inherit ob-has-background-overlay elementor-widget elementor-widget-text-editor\" data-id=\"2d89c3e\" data-element_type=\"widget\" data-e-type=\"widget\" data-settings=\"{&quot;_ob_use_harakiri&quot;:&quot;yes&quot;,&quot;_ob_harakiri_writing_mode&quot;:&quot;inherit&quot;,&quot;_ob_postman_use&quot;:&quot;no&quot;,&quot;_ob_widget_stalker_use&quot;:&quot;no&quot;,&quot;_ob_poopart_use&quot;:&quot;yes&quot;,&quot;_ob_shadough_use&quot;:&quot;no&quot;,&quot;_ob_allow_hoveranimator&quot;:&quot;no&quot;}\" data-widget_type=\"text-editor.default\">\n\t\t\t\t<div class=\"elementor-widget-container\">\n\t\t\t\t\t\t\t\t\t<p data-start=\"1298\" data-end=\"1375\">Obtener acceso instant\u00e1neo al caso de estudio completo, incluyendo el v\u00eddeo y el PDF t\u00e9cnico.<\/p>\t\t\t\t\t\t\t\t<\/div>\n\t\t\t\t<\/div>\n\t\t<div class=\"elementor-element elementor-element-fcdfc4f e-flex e-con-boxed e-con e-child\" data-id=\"fcdfc4f\" data-element_type=\"container\" data-e-type=\"container\" data-settings=\"{&quot;_ob_use_container_extras&quot;:&quot;no&quot;,&quot;_ob_column_hoveranimator&quot;:&quot;no&quot;,&quot;_ob_glider_is_slider&quot;:&quot;no&quot;,&quot;_ob_column_has_pseudo&quot;:&quot;no&quot;}\">\n\t\t\t\t\t<div class=\"e-con-inner\">\n\t\t<div class=\"elementor-element elementor-element-651e7bc e-flex e-con-boxed e-con e-child\" data-id=\"651e7bc\" data-element_type=\"container\" data-e-type=\"container\" data-settings=\"{&quot;background_background&quot;:&quot;classic&quot;,&quot;_ob_use_container_extras&quot;:&quot;no&quot;,&quot;_ob_column_hoveranimator&quot;:&quot;no&quot;,&quot;_ob_glider_is_slider&quot;:&quot;no&quot;,&quot;_ob_column_has_pseudo&quot;:&quot;no&quot;}\">\n\t\t\t\t\t<div class=\"e-con-inner\">\n\t\t\t\t<div class=\"elementor-element elementor-element-79d8d1c elementor-widget__width-initial ob-has-background-overlay elementor-widget elementor-widget-html\" data-id=\"79d8d1c\" data-element_type=\"widget\" data-e-type=\"widget\" data-settings=\"{&quot;_ob_widget_stalker_use&quot;:&quot;no&quot;,&quot;_ob_poopart_use&quot;:&quot;yes&quot;,&quot;_ob_shadough_use&quot;:&quot;no&quot;,&quot;_ob_allow_hoveranimator&quot;:&quot;no&quot;}\" data-widget_type=\"html.default\">\n\t\t\t\t<div class=\"elementor-widget-container\">\n\t\t\t\t\t<script charset=\"utf-8\" type=\"text\/javascript\" src=\"\/\/js-eu1.hsforms.net\/forms\/embed\/v2.js\"><\/script>\n<script>\n  hbspt.forms.create({\n    portalId: \"25740744\",\n    formId: \"10dcee98-7c42-4b8a-a494-ed7a771d0cdb\",\n    region: \"eu1\"\n  });\n<\/script>\t\t\t\t<\/div>\n\t\t\t\t<\/div>\n\t\t\t\t\t<\/div>\n\t\t\t\t<\/div>\n\t\t\t\t\t<\/div>\n\t\t\t\t<\/div>\n\t\t\t\t\t<\/div>\n\t\t\t\t<\/div>\n\t\t\t\t\t<\/div>\n\t\t\t\t<\/div>\n\t\t\t\t<\/div>\n\t\t","protected":false},"excerpt":{"rendered":"<p>L\u00ednea de llenado en caliente multiformato de alta velocidad Desodorantes en barra y roll-on &#8211; 300 UPM Descubre c\u00f3mo se logran la flexibilidad, la optimizaci\u00f3n del espacio y la estabilidad a alta velocidad en una sola l\u00ednea totalmente integrada. Este caso de ingenier\u00eda muestra c\u00f3mo funciona una l\u00ednea de desodorantes de 300 UPM bajo restricciones [&hellip;]<\/p>\n","protected":false},"author":12,"featured_media":33762,"parent":0,"menu_order":0,"comment_status":"closed","ping_status":"closed","template":"","meta":{"_acf_changed":false,"content-type":"","footnotes":""},"class_list":["post-33954","page","type-page","status-publish","has-post-thumbnail","hentry"],"acf":[],"yoast_head":"<!-- This site is optimized with the Yoast SEO plugin v27.3 - https:\/\/yoast.com\/product\/yoast-seo-wordpress\/ -->\n<title>Caso de estudio: Sistema de llenado, tapado y sobretapado | Mengibar<\/title>\n<meta name=\"description\" content=\"Descubre la l\u00ednea de llenado monobloque automatizada con tecnolog\u00eda SmartFlow, que cuenta con cabezales antiespumantes y una limpieza CIP eficiente.\" \/>\n<meta name=\"robots\" content=\"index, follow, max-snippet:-1, max-image-preview:large, max-video-preview:-1\" \/>\n<link rel=\"canonical\" href=\"https:\/\/www.mengibarfillers.com\/es\/ver-caso-de-estudio-linea-de-llenado-en-caliente-multiformato-de-alta-velocidad-para-desodorantes-y-antitranspirantes\/\" \/>\n<meta property=\"og:locale\" content=\"es_ES\" \/>\n<meta property=\"og:type\" content=\"article\" \/>\n<meta property=\"og:title\" content=\"Caso de estudio: Sistema de llenado, tapado y sobretapado | Mengibar\" \/>\n<meta property=\"og:description\" content=\"Descubre la l\u00ednea de llenado monobloque automatizada con tecnolog\u00eda SmartFlow, que cuenta con cabezales antiespumantes y una limpieza CIP eficiente.\" \/>\n<meta property=\"og:url\" content=\"https:\/\/www.mengibarfillers.com\/es\/ver-caso-de-estudio-linea-de-llenado-en-caliente-multiformato-de-alta-velocidad-para-desodorantes-y-antitranspirantes\/\" \/>\n<meta property=\"og:site_name\" content=\"MENGIBAR - Packaging Machinery\" \/>\n<meta property=\"article:modified_time\" content=\"2026-04-10T10:42:15+00:00\" \/>\n<meta property=\"og:image\" content=\"https:\/\/www.mengibarfillers.com\/wp-content\/uploads\/2026\/03\/High-speed-multi-format-hot-fill-line-for-deodorants-and-antiperspirants.jpg\" \/>\n\t<meta property=\"og:image:width\" content=\"1920\" \/>\n\t<meta property=\"og:image:height\" content=\"1080\" \/>\n\t<meta property=\"og:image:type\" content=\"image\/jpeg\" \/>\n<meta name=\"twitter:card\" content=\"summary_large_image\" \/>\n<meta name=\"twitter:label1\" content=\"Tiempo de lectura\" \/>\n\t<meta name=\"twitter:data1\" content=\"1 minuto\" \/>\n<script type=\"application\/ld+json\" class=\"yoast-schema-graph\">{\"@context\":\"https:\\\/\\\/schema.org\",\"@graph\":[{\"@type\":\"WebPage\",\"@id\":\"https:\\\/\\\/www.mengibarfillers.com\\\/es\\\/ver-caso-de-estudio-linea-de-llenado-en-caliente-multiformato-de-alta-velocidad-para-desodorantes-y-antitranspirantes\\\/\",\"url\":\"https:\\\/\\\/www.mengibarfillers.com\\\/es\\\/ver-caso-de-estudio-linea-de-llenado-en-caliente-multiformato-de-alta-velocidad-para-desodorantes-y-antitranspirantes\\\/\",\"name\":\"Caso de estudio: Sistema de llenado, tapado y sobretapado | Mengibar\",\"isPartOf\":{\"@id\":\"https:\\\/\\\/www.mengibarfillers.com\\\/es\\\/#website\"},\"primaryImageOfPage\":{\"@id\":\"https:\\\/\\\/www.mengibarfillers.com\\\/es\\\/ver-caso-de-estudio-linea-de-llenado-en-caliente-multiformato-de-alta-velocidad-para-desodorantes-y-antitranspirantes\\\/#primaryimage\"},\"image\":{\"@id\":\"https:\\\/\\\/www.mengibarfillers.com\\\/es\\\/ver-caso-de-estudio-linea-de-llenado-en-caliente-multiformato-de-alta-velocidad-para-desodorantes-y-antitranspirantes\\\/#primaryimage\"},\"thumbnailUrl\":\"https:\\\/\\\/www.mengibarfillers.com\\\/wp-content\\\/uploads\\\/2026\\\/03\\\/High-speed-multi-format-hot-fill-line-for-deodorants-and-antiperspirants.jpg\",\"datePublished\":\"2026-03-17T14:01:05+00:00\",\"dateModified\":\"2026-04-10T10:42:15+00:00\",\"description\":\"Descubre la l\u00ednea de llenado monobloque automatizada con tecnolog\u00eda SmartFlow, que cuenta con cabezales antiespumantes y una limpieza CIP eficiente.\",\"breadcrumb\":{\"@id\":\"https:\\\/\\\/www.mengibarfillers.com\\\/es\\\/ver-caso-de-estudio-linea-de-llenado-en-caliente-multiformato-de-alta-velocidad-para-desodorantes-y-antitranspirantes\\\/#breadcrumb\"},\"inLanguage\":\"es\",\"potentialAction\":[{\"@type\":\"ReadAction\",\"target\":[\"https:\\\/\\\/www.mengibarfillers.com\\\/es\\\/ver-caso-de-estudio-linea-de-llenado-en-caliente-multiformato-de-alta-velocidad-para-desodorantes-y-antitranspirantes\\\/\"]}]},{\"@type\":\"ImageObject\",\"inLanguage\":\"es\",\"@id\":\"https:\\\/\\\/www.mengibarfillers.com\\\/es\\\/ver-caso-de-estudio-linea-de-llenado-en-caliente-multiformato-de-alta-velocidad-para-desodorantes-y-antitranspirantes\\\/#primaryimage\",\"url\":\"https:\\\/\\\/www.mengibarfillers.com\\\/wp-content\\\/uploads\\\/2026\\\/03\\\/High-speed-multi-format-hot-fill-line-for-deodorants-and-antiperspirants.jpg\",\"contentUrl\":\"https:\\\/\\\/www.mengibarfillers.com\\\/wp-content\\\/uploads\\\/2026\\\/03\\\/High-speed-multi-format-hot-fill-line-for-deodorants-and-antiperspirants.jpg\",\"width\":1920,\"height\":1080,\"caption\":\"Hot fill line for deodorants handling multi-format containers at high speed (300 UPM)\"},{\"@type\":\"BreadcrumbList\",\"@id\":\"https:\\\/\\\/www.mengibarfillers.com\\\/es\\\/ver-caso-de-estudio-linea-de-llenado-en-caliente-multiformato-de-alta-velocidad-para-desodorantes-y-antitranspirantes\\\/#breadcrumb\",\"itemListElement\":[{\"@type\":\"ListItem\",\"position\":1,\"name\":\"Home\",\"item\":\"https:\\\/\\\/www.mengibarfillers.com\\\/es\\\/home\\\/\"},{\"@type\":\"ListItem\",\"position\":2,\"name\":\"Ver caso de estudio: L\u00ednea de llenado en caliente multiformato de alta velocidad para desodorantes y antitranspirantes.\"}]},{\"@type\":\"WebSite\",\"@id\":\"https:\\\/\\\/www.mengibarfillers.com\\\/es\\\/#website\",\"url\":\"https:\\\/\\\/www.mengibarfillers.com\\\/es\\\/\",\"name\":\"MENGIBAR - Packaging Machinery\",\"description\":\"\",\"publisher\":{\"@id\":\"https:\\\/\\\/www.mengibarfillers.com\\\/es\\\/#organization\"},\"potentialAction\":[{\"@type\":\"SearchAction\",\"target\":{\"@type\":\"EntryPoint\",\"urlTemplate\":\"https:\\\/\\\/www.mengibarfillers.com\\\/es\\\/?s={search_term_string}\"},\"query-input\":{\"@type\":\"PropertyValueSpecification\",\"valueRequired\":true,\"valueName\":\"search_term_string\"}}],\"inLanguage\":\"es\"},{\"@type\":\"Organization\",\"@id\":\"https:\\\/\\\/www.mengibarfillers.com\\\/es\\\/#organization\",\"name\":\"MENGIBAR - Packaging Machinery\",\"url\":\"https:\\\/\\\/www.mengibarfillers.com\\\/es\\\/\",\"logo\":{\"@type\":\"ImageObject\",\"inLanguage\":\"es\",\"@id\":\"https:\\\/\\\/www.mengibarfillers.com\\\/es\\\/#\\\/schema\\\/logo\\\/image\\\/\",\"url\":\"https:\\\/\\\/www.mengibarfillers.com\\\/wp-content\\\/uploads\\\/2023\\\/01\\\/logo-mengibar-color-250px.png\",\"contentUrl\":\"https:\\\/\\\/www.mengibarfillers.com\\\/wp-content\\\/uploads\\\/2023\\\/01\\\/logo-mengibar-color-250px.png\",\"width\":250,\"height\":53,\"caption\":\"MENGIBAR - Packaging Machinery\"},\"image\":{\"@id\":\"https:\\\/\\\/www.mengibarfillers.com\\\/es\\\/#\\\/schema\\\/logo\\\/image\\\/\"}}]}<\/script>\n<!-- \/ Yoast SEO plugin. -->","yoast_head_json":{"title":"Caso de estudio: Sistema de llenado, tapado y sobretapado | Mengibar","description":"Descubre la l\u00ednea de llenado monobloque automatizada con tecnolog\u00eda SmartFlow, que cuenta con cabezales antiespumantes y una limpieza CIP eficiente.","robots":{"index":"index","follow":"follow","max-snippet":"max-snippet:-1","max-image-preview":"max-image-preview:large","max-video-preview":"max-video-preview:-1"},"canonical":"https:\/\/www.mengibarfillers.com\/es\/ver-caso-de-estudio-linea-de-llenado-en-caliente-multiformato-de-alta-velocidad-para-desodorantes-y-antitranspirantes\/","og_locale":"es_ES","og_type":"article","og_title":"Caso de estudio: Sistema de llenado, tapado y sobretapado | Mengibar","og_description":"Descubre la l\u00ednea de llenado monobloque automatizada con tecnolog\u00eda SmartFlow, que cuenta con cabezales antiespumantes y una limpieza CIP eficiente.","og_url":"https:\/\/www.mengibarfillers.com\/es\/ver-caso-de-estudio-linea-de-llenado-en-caliente-multiformato-de-alta-velocidad-para-desodorantes-y-antitranspirantes\/","og_site_name":"MENGIBAR - Packaging Machinery","article_modified_time":"2026-04-10T10:42:15+00:00","og_image":[{"width":1920,"height":1080,"url":"https:\/\/www.mengibarfillers.com\/wp-content\/uploads\/2026\/03\/High-speed-multi-format-hot-fill-line-for-deodorants-and-antiperspirants.jpg","type":"image\/jpeg"}],"twitter_card":"summary_large_image","twitter_misc":{"Tiempo de lectura":"1 minuto"},"schema":{"@context":"https:\/\/schema.org","@graph":[{"@type":"WebPage","@id":"https:\/\/www.mengibarfillers.com\/es\/ver-caso-de-estudio-linea-de-llenado-en-caliente-multiformato-de-alta-velocidad-para-desodorantes-y-antitranspirantes\/","url":"https:\/\/www.mengibarfillers.com\/es\/ver-caso-de-estudio-linea-de-llenado-en-caliente-multiformato-de-alta-velocidad-para-desodorantes-y-antitranspirantes\/","name":"Caso de estudio: Sistema de llenado, tapado y sobretapado | Mengibar","isPartOf":{"@id":"https:\/\/www.mengibarfillers.com\/es\/#website"},"primaryImageOfPage":{"@id":"https:\/\/www.mengibarfillers.com\/es\/ver-caso-de-estudio-linea-de-llenado-en-caliente-multiformato-de-alta-velocidad-para-desodorantes-y-antitranspirantes\/#primaryimage"},"image":{"@id":"https:\/\/www.mengibarfillers.com\/es\/ver-caso-de-estudio-linea-de-llenado-en-caliente-multiformato-de-alta-velocidad-para-desodorantes-y-antitranspirantes\/#primaryimage"},"thumbnailUrl":"https:\/\/www.mengibarfillers.com\/wp-content\/uploads\/2026\/03\/High-speed-multi-format-hot-fill-line-for-deodorants-and-antiperspirants.jpg","datePublished":"2026-03-17T14:01:05+00:00","dateModified":"2026-04-10T10:42:15+00:00","description":"Descubre la l\u00ednea de llenado monobloque automatizada con tecnolog\u00eda SmartFlow, que cuenta con cabezales antiespumantes y una limpieza CIP eficiente.","breadcrumb":{"@id":"https:\/\/www.mengibarfillers.com\/es\/ver-caso-de-estudio-linea-de-llenado-en-caliente-multiformato-de-alta-velocidad-para-desodorantes-y-antitranspirantes\/#breadcrumb"},"inLanguage":"es","potentialAction":[{"@type":"ReadAction","target":["https:\/\/www.mengibarfillers.com\/es\/ver-caso-de-estudio-linea-de-llenado-en-caliente-multiformato-de-alta-velocidad-para-desodorantes-y-antitranspirantes\/"]}]},{"@type":"ImageObject","inLanguage":"es","@id":"https:\/\/www.mengibarfillers.com\/es\/ver-caso-de-estudio-linea-de-llenado-en-caliente-multiformato-de-alta-velocidad-para-desodorantes-y-antitranspirantes\/#primaryimage","url":"https:\/\/www.mengibarfillers.com\/wp-content\/uploads\/2026\/03\/High-speed-multi-format-hot-fill-line-for-deodorants-and-antiperspirants.jpg","contentUrl":"https:\/\/www.mengibarfillers.com\/wp-content\/uploads\/2026\/03\/High-speed-multi-format-hot-fill-line-for-deodorants-and-antiperspirants.jpg","width":1920,"height":1080,"caption":"Hot fill line for deodorants handling multi-format containers at high speed (300 UPM)"},{"@type":"BreadcrumbList","@id":"https:\/\/www.mengibarfillers.com\/es\/ver-caso-de-estudio-linea-de-llenado-en-caliente-multiformato-de-alta-velocidad-para-desodorantes-y-antitranspirantes\/#breadcrumb","itemListElement":[{"@type":"ListItem","position":1,"name":"Home","item":"https:\/\/www.mengibarfillers.com\/es\/home\/"},{"@type":"ListItem","position":2,"name":"Ver caso de estudio: L\u00ednea de llenado en caliente multiformato de alta velocidad para desodorantes y antitranspirantes."}]},{"@type":"WebSite","@id":"https:\/\/www.mengibarfillers.com\/es\/#website","url":"https:\/\/www.mengibarfillers.com\/es\/","name":"MENGIBAR - Packaging Machinery","description":"","publisher":{"@id":"https:\/\/www.mengibarfillers.com\/es\/#organization"},"potentialAction":[{"@type":"SearchAction","target":{"@type":"EntryPoint","urlTemplate":"https:\/\/www.mengibarfillers.com\/es\/?s={search_term_string}"},"query-input":{"@type":"PropertyValueSpecification","valueRequired":true,"valueName":"search_term_string"}}],"inLanguage":"es"},{"@type":"Organization","@id":"https:\/\/www.mengibarfillers.com\/es\/#organization","name":"MENGIBAR - Packaging Machinery","url":"https:\/\/www.mengibarfillers.com\/es\/","logo":{"@type":"ImageObject","inLanguage":"es","@id":"https:\/\/www.mengibarfillers.com\/es\/#\/schema\/logo\/image\/","url":"https:\/\/www.mengibarfillers.com\/wp-content\/uploads\/2023\/01\/logo-mengibar-color-250px.png","contentUrl":"https:\/\/www.mengibarfillers.com\/wp-content\/uploads\/2023\/01\/logo-mengibar-color-250px.png","width":250,"height":53,"caption":"MENGIBAR - Packaging Machinery"},"image":{"@id":"https:\/\/www.mengibarfillers.com\/es\/#\/schema\/logo\/image\/"}}]}},"_links":{"self":[{"href":"https:\/\/www.mengibarfillers.com\/es\/wp-json\/wp\/v2\/pages\/33954","targetHints":{"allow":["GET"]}}],"collection":[{"href":"https:\/\/www.mengibarfillers.com\/es\/wp-json\/wp\/v2\/pages"}],"about":[{"href":"https:\/\/www.mengibarfillers.com\/es\/wp-json\/wp\/v2\/types\/page"}],"author":[{"embeddable":true,"href":"https:\/\/www.mengibarfillers.com\/es\/wp-json\/wp\/v2\/users\/12"}],"replies":[{"embeddable":true,"href":"https:\/\/www.mengibarfillers.com\/es\/wp-json\/wp\/v2\/comments?post=33954"}],"version-history":[{"count":4,"href":"https:\/\/www.mengibarfillers.com\/es\/wp-json\/wp\/v2\/pages\/33954\/revisions"}],"predecessor-version":[{"id":33959,"href":"https:\/\/www.mengibarfillers.com\/es\/wp-json\/wp\/v2\/pages\/33954\/revisions\/33959"}],"wp:featuredmedia":[{"embeddable":true,"href":"https:\/\/www.mengibarfillers.com\/es\/wp-json\/wp\/v2\/media\/33762"}],"wp:attachment":[{"href":"https:\/\/www.mengibarfillers.com\/es\/wp-json\/wp\/v2\/media?parent=33954"}],"curies":[{"name":"wp","href":"https:\/\/api.w.org\/{rel}","templated":true}]}}