{"id":33747,"date":"2026-03-16T16:48:10","date_gmt":"2026-03-16T15:48:10","guid":{"rendered":"https:\/\/www.mengibarfillers.com\/ver-caso-de-exito-monoblock-para-llenado-y-tapado-de-18-formatos-cosmeticos-diferentes-2\/"},"modified":"2026-03-16T16:56:29","modified_gmt":"2026-03-16T15:56:29","slug":"ver-caso-de-exito-monoblock-para-llenado-y-tapado-de-18-formatos-cosmeticos-diferentes-2","status":"publish","type":"page","link":"https:\/\/www.mengibarfillers.com\/es\/ver-caso-de-exito-monoblock-para-llenado-y-tapado-de-18-formatos-cosmeticos-diferentes-2\/","title":{"rendered":"Ver caso de \u00e9xito: Monoblock para Llenado y Tapado de 18 formatos cosm\u00e9ticos diferentes"},"content":{"rendered":"\t\t<div data-elementor-type=\"wp-page\" data-elementor-id=\"33747\" class=\"elementor elementor-33747 elementor-33743\" data-elementor-post-type=\"page\">\n\t\t\t\t<div class=\"elementor-element elementor-element-2bed410 e-flex e-con-boxed e-con e-parent\" data-id=\"2bed410\" data-element_type=\"container\" data-e-type=\"container\" data-settings=\"{&quot;background_background&quot;:&quot;classic&quot;,&quot;_ob_use_container_extras&quot;:&quot;no&quot;,&quot;_ob_column_hoveranimator&quot;:&quot;no&quot;,&quot;_ob_glider_is_slider&quot;:&quot;no&quot;,&quot;_ob_column_has_pseudo&quot;:&quot;no&quot;}\">\n\t\t\t\t\t<div class=\"e-con-inner\">\n\t\t<div class=\"elementor-element elementor-element-20c170ba e-flex e-con-boxed e-con e-child\" data-id=\"20c170ba\" data-element_type=\"container\" data-e-type=\"container\" data-settings=\"{&quot;_ob_use_container_extras&quot;:&quot;no&quot;,&quot;_ob_column_hoveranimator&quot;:&quot;no&quot;,&quot;_ob_glider_is_slider&quot;:&quot;no&quot;,&quot;_ob_column_has_pseudo&quot;:&quot;no&quot;}\">\n\t\t\t\t\t<div class=\"e-con-inner\">\n\t\t\t\t<div class=\"elementor-element elementor-element-7e5ff6f2 ob-harakiri-inherit ob-has-background-overlay elementor-widget elementor-widget-heading\" data-id=\"7e5ff6f2\" data-element_type=\"widget\" data-e-type=\"widget\" data-settings=\"{&quot;_ob_use_harakiri&quot;:&quot;yes&quot;,&quot;_ob_harakiri_writing_mode&quot;:&quot;inherit&quot;,&quot;_ob_harakiri_text_clip&quot;:&quot;none&quot;,&quot;_ob_widget_stalker_use&quot;:&quot;no&quot;,&quot;_ob_poopart_use&quot;:&quot;yes&quot;,&quot;_ob_shadough_use&quot;:&quot;no&quot;,&quot;_ob_allow_hoveranimator&quot;:&quot;no&quot;}\" data-widget_type=\"heading.default\">\n\t\t\t\t<div class=\"elementor-widget-container\">\n\t\t\t\t\t<h2 class=\"elementor-heading-title elementor-size-default\">Monoblock para Llenado y Tapado de 18 formatos cosm\u00e9ticos diferentes\n<\/h2>\t\t\t\t<\/div>\n\t\t\t\t<\/div>\n\t\t\t\t<div class=\"elementor-element elementor-element-d7510ee ob-harakiri-inherit ob-has-background-overlay elementor-widget elementor-widget-text-editor\" data-id=\"d7510ee\" data-element_type=\"widget\" data-e-type=\"widget\" data-settings=\"{&quot;_ob_use_harakiri&quot;:&quot;yes&quot;,&quot;_ob_harakiri_writing_mode&quot;:&quot;inherit&quot;,&quot;_ob_postman_use&quot;:&quot;no&quot;,&quot;_ob_widget_stalker_use&quot;:&quot;no&quot;,&quot;_ob_poopart_use&quot;:&quot;yes&quot;,&quot;_ob_shadough_use&quot;:&quot;no&quot;,&quot;_ob_allow_hoveranimator&quot;:&quot;no&quot;}\" data-widget_type=\"text-editor.default\">\n\t\t\t\t<div class=\"elementor-widget-container\">\n\t\t\t\t\t\t\t\t\t<p>Este nuevo equipo puede manejar 18 formatos y presentaciones diferentes, entre botellas, tarros y otros envases, en diversos materiales como PE y vidrio<\/p><p>La l\u00ednea m\u00faltiple est\u00e1 espec\u00edficamente dise\u00f1ada para la industria cosm\u00e9tica y puede combinar el Llenado de cremas, t\u00f3nicos o sueros para el cuidado de la piel de diferentes naturalezas, desde l\u00edquidos semis\u00f3lidos y altamente viscosos hasta l\u00edquidos m\u00e1s ligeros.<\/p><p>El proceso de Tapado tambi\u00e9n es vers\u00e1til y puede manejar varios formatos como bombas dosificadoras de pulverizaci\u00f3n a rosca y a presi\u00f3n, bombas dosificadoras de espuma, varios tipos diferentes de tapas y sobre tapas e incluyendo el sello Casca, como tapado intermedio en frascos.<\/p><p style=\"font-weight: 400;\">Para obtener acceso exclusivo a este v\u00eddeo de \u00e9xito, le rogamos que rellene el siguiente formulario.<\/p>\t\t\t\t\t\t\t\t<\/div>\n\t\t\t\t<\/div>\n\t\t\t\t<div class=\"elementor-element elementor-element-30c2f70e ob-has-background-overlay elementor-widget elementor-widget-image\" data-id=\"30c2f70e\" data-element_type=\"widget\" data-e-type=\"widget\" data-settings=\"{&quot;_ob_photomorph_use&quot;:&quot;no&quot;,&quot;_ob_widget_stalker_use&quot;:&quot;no&quot;,&quot;_ob_poopart_use&quot;:&quot;yes&quot;,&quot;_ob_shadough_use&quot;:&quot;no&quot;,&quot;_ob_allow_hoveranimator&quot;:&quot;no&quot;}\" data-widget_type=\"image.default\">\n\t\t\t\t<div class=\"elementor-widget-container\">\n\t\t\t\t\t\t\t\t\t\t\t\t\t\t\t<img fetchpriority=\"high\" decoding=\"async\" width=\"800\" height=\"263\" src=\"https:\/\/www.mengibarfillers.com\/wp-content\/uploads\/2023\/02\/18-different-Cosmetic-presentations-1-1024x336.jpg\" class=\"attachment-large size-large wp-image-26966\" alt=\"Sistema Monoblock Cosmetics de Mengibar para el llenado y taponado de 18 formatos diferentes de envases cosm\u00e9ticos, incluyendo frascos y tarros de PE y vidrio.\" srcset=\"https:\/\/www.mengibarfillers.com\/wp-content\/uploads\/2023\/02\/18-different-Cosmetic-presentations-1-1024x336.jpg 1024w, https:\/\/www.mengibarfillers.com\/wp-content\/uploads\/2023\/02\/18-different-Cosmetic-presentations-1-300x98.jpg 300w, https:\/\/www.mengibarfillers.com\/wp-content\/uploads\/2023\/02\/18-different-Cosmetic-presentations-1-768x252.jpg 768w, https:\/\/www.mengibarfillers.com\/wp-content\/uploads\/2023\/02\/18-different-Cosmetic-presentations-1-1536x503.jpg 1536w, https:\/\/www.mengibarfillers.com\/wp-content\/uploads\/2023\/02\/18-different-Cosmetic-presentations-1-2048x671.jpg 2048w\" sizes=\"(max-width: 800px) 100vw, 800px\" \/>\t\t\t\t\t\t\t\t\t\t\t\t\t\t\t<\/div>\n\t\t\t\t<\/div>\n\t\t\t\t\t<\/div>\n\t\t\t\t<\/div>\n\t\t<div class=\"elementor-element elementor-element-568a5e55 e-flex e-con-boxed e-con e-child\" data-id=\"568a5e55\" data-element_type=\"container\" data-e-type=\"container\" data-settings=\"{&quot;background_background&quot;:&quot;classic&quot;,&quot;_ob_use_container_extras&quot;:&quot;no&quot;,&quot;_ob_column_hoveranimator&quot;:&quot;no&quot;,&quot;_ob_glider_is_slider&quot;:&quot;no&quot;,&quot;_ob_column_has_pseudo&quot;:&quot;no&quot;}\">\n\t\t\t\t\t<div class=\"e-con-inner\">\n\t\t\t\t<div class=\"elementor-element elementor-element-9f8dbc7 ob-harakiri-inherit ob-has-background-overlay elementor-widget elementor-widget-heading\" data-id=\"9f8dbc7\" data-element_type=\"widget\" data-e-type=\"widget\" data-settings=\"{&quot;_ob_use_harakiri&quot;:&quot;yes&quot;,&quot;_ob_harakiri_writing_mode&quot;:&quot;inherit&quot;,&quot;_ob_harakiri_text_clip&quot;:&quot;none&quot;,&quot;_ob_widget_stalker_use&quot;:&quot;no&quot;,&quot;_ob_poopart_use&quot;:&quot;yes&quot;,&quot;_ob_shadough_use&quot;:&quot;no&quot;,&quot;_ob_allow_hoveranimator&quot;:&quot;no&quot;}\" data-widget_type=\"heading.default\">\n\t\t\t\t<div class=\"elementor-widget-container\">\n\t\t\t\t\t<h2 class=\"elementor-heading-title elementor-size-default\">Reg\u00edstrese para ver el caso pr\u00e1ctico<\/h2>\t\t\t\t<\/div>\n\t\t\t\t<\/div>\n\t\t<div class=\"elementor-element elementor-element-5dea8ea7 e-flex e-con-boxed e-con e-child\" data-id=\"5dea8ea7\" data-element_type=\"container\" data-e-type=\"container\" data-settings=\"{&quot;_ob_use_container_extras&quot;:&quot;no&quot;,&quot;_ob_column_hoveranimator&quot;:&quot;no&quot;,&quot;_ob_glider_is_slider&quot;:&quot;no&quot;,&quot;_ob_column_has_pseudo&quot;:&quot;no&quot;}\">\n\t\t\t\t\t<div class=\"e-con-inner\">\n\t\t<div class=\"elementor-element elementor-element-27cf92dc e-flex e-con-boxed e-con e-child\" data-id=\"27cf92dc\" data-element_type=\"container\" data-e-type=\"container\" data-settings=\"{&quot;background_background&quot;:&quot;classic&quot;,&quot;_ob_use_container_extras&quot;:&quot;no&quot;,&quot;_ob_column_hoveranimator&quot;:&quot;no&quot;,&quot;_ob_glider_is_slider&quot;:&quot;no&quot;,&quot;_ob_column_has_pseudo&quot;:&quot;no&quot;}\">\n\t\t\t\t\t<div class=\"e-con-inner\">\n\t\t\t\t<div class=\"elementor-element elementor-element-58e250e3 elementor-widget__width-initial ob-has-background-overlay elementor-widget elementor-widget-html\" data-id=\"58e250e3\" data-element_type=\"widget\" data-e-type=\"widget\" data-settings=\"{&quot;_ob_widget_stalker_use&quot;:&quot;no&quot;,&quot;_ob_poopart_use&quot;:&quot;yes&quot;,&quot;_ob_shadough_use&quot;:&quot;no&quot;,&quot;_ob_allow_hoveranimator&quot;:&quot;no&quot;}\" data-widget_type=\"html.default\">\n\t\t\t\t<div class=\"elementor-widget-container\">\n\t\t\t\t\t<script charset=\"utf-8\" type=\"text\/javascript\" src=\"\/\/js-eu1.hsforms.net\/forms\/embed\/v2.js\"><\/script><script>hbspt.forms.create({\n    portalId: \"25740744\",\n    formId: \"7202dcf8-7d8a-4679-80b1-09a3f9843bb1\",\n    region: \"eu1\"\n  });\n<\/script>\t\t\t\t<\/div>\n\t\t\t\t<\/div>\n\t\t\t\t\t<\/div>\n\t\t\t\t<\/div>\n\t\t\t\t\t<\/div>\n\t\t\t\t<\/div>\n\t\t\t\t\t<\/div>\n\t\t\t\t<\/div>\n\t\t\t\t\t<\/div>\n\t\t\t\t<\/div>\n\t\t\t\t<\/div>\n\t\t","protected":false},"excerpt":{"rendered":"<p>Monoblock para Llenado y Tapado de 18 formatos cosm\u00e9ticos diferentes Este nuevo equipo puede manejar 18 formatos y presentaciones diferentes, entre botellas, tarros y otros envases, en diversos materiales como PE y vidrio La l\u00ednea m\u00faltiple est\u00e1 espec\u00edficamente dise\u00f1ada para la industria cosm\u00e9tica y puede combinar el Llenado de cremas, t\u00f3nicos o sueros para el [&hellip;]<\/p>\n","protected":false},"author":12,"featured_media":0,"parent":0,"menu_order":0,"comment_status":"closed","ping_status":"closed","template":"","meta":{"_acf_changed":false,"content-type":"","footnotes":""},"class_list":["post-33747","page","type-page","status-publish","hentry"],"acf":[],"yoast_head":"<!-- This site is optimized with the Yoast SEO plugin v27.5 - https:\/\/yoast.com\/product\/yoast-seo-wordpress\/ -->\n<title>Ver caso de \u00e9xito: Monoblock para Llenado y Tapado de 18 formatos cosm\u00e9ticos diferentes - MENGIBAR - Packaging Machinery<\/title>\n<meta name=\"robots\" content=\"index, follow, max-snippet:-1, max-image-preview:large, max-video-preview:-1\" \/>\n<link rel=\"canonical\" href=\"https:\/\/www.mengibarfillers.com\/es\/ver-caso-de-exito-monoblock-para-llenado-y-tapado-de-18-formatos-cosmeticos-diferentes-2\/\" \/>\n<meta property=\"og:locale\" content=\"es_ES\" \/>\n<meta property=\"og:type\" content=\"article\" \/>\n<meta property=\"og:title\" content=\"Ver caso de \u00e9xito: Monoblock para Llenado y Tapado de 18 formatos cosm\u00e9ticos diferentes - MENGIBAR - Packaging Machinery\" \/>\n<meta property=\"og:description\" content=\"Monoblock para Llenado y Tapado de 18 formatos cosm\u00e9ticos diferentes Este nuevo equipo puede manejar 18 formatos y presentaciones diferentes, entre botellas, tarros y otros envases, en diversos materiales como PE y vidrio La l\u00ednea m\u00faltiple est\u00e1 espec\u00edficamente dise\u00f1ada para la industria cosm\u00e9tica y puede combinar el Llenado de cremas, t\u00f3nicos o sueros para el [&hellip;]\" \/>\n<meta property=\"og:url\" content=\"https:\/\/www.mengibarfillers.com\/es\/ver-caso-de-exito-monoblock-para-llenado-y-tapado-de-18-formatos-cosmeticos-diferentes-2\/\" \/>\n<meta property=\"og:site_name\" content=\"MENGIBAR - Packaging Machinery\" \/>\n<meta property=\"article:modified_time\" content=\"2026-03-16T15:56:29+00:00\" \/>\n<meta property=\"og:image\" content=\"https:\/\/www.mengibarfillers.com\/wp-content\/uploads\/2023\/02\/18-different-Cosmetic-presentations-1.jpg\" \/>\n\t<meta property=\"og:image:width\" content=\"2350\" \/>\n\t<meta property=\"og:image:height\" content=\"770\" \/>\n\t<meta property=\"og:image:type\" content=\"image\/jpeg\" \/>\n<meta name=\"twitter:card\" content=\"summary_large_image\" \/>\n<meta name=\"twitter:label1\" content=\"Tiempo de lectura\" \/>\n\t<meta name=\"twitter:data1\" content=\"1 minuto\" \/>\n<script type=\"application\/ld+json\" class=\"yoast-schema-graph\">{\"@context\":\"https:\\\/\\\/schema.org\",\"@graph\":[{\"@type\":\"WebPage\",\"@id\":\"https:\\\/\\\/www.mengibarfillers.com\\\/es\\\/ver-caso-de-exito-monoblock-para-llenado-y-tapado-de-18-formatos-cosmeticos-diferentes-2\\\/\",\"url\":\"https:\\\/\\\/www.mengibarfillers.com\\\/es\\\/ver-caso-de-exito-monoblock-para-llenado-y-tapado-de-18-formatos-cosmeticos-diferentes-2\\\/\",\"name\":\"Ver caso de \u00e9xito: Monoblock para Llenado y Tapado de 18 formatos cosm\u00e9ticos diferentes - MENGIBAR - Packaging Machinery\",\"isPartOf\":{\"@id\":\"https:\\\/\\\/www.mengibarfillers.com\\\/es\\\/#website\"},\"primaryImageOfPage\":{\"@id\":\"https:\\\/\\\/www.mengibarfillers.com\\\/es\\\/ver-caso-de-exito-monoblock-para-llenado-y-tapado-de-18-formatos-cosmeticos-diferentes-2\\\/#primaryimage\"},\"image\":{\"@id\":\"https:\\\/\\\/www.mengibarfillers.com\\\/es\\\/ver-caso-de-exito-monoblock-para-llenado-y-tapado-de-18-formatos-cosmeticos-diferentes-2\\\/#primaryimage\"},\"thumbnailUrl\":\"https:\\\/\\\/www.mengibarfillers.com\\\/wp-content\\\/uploads\\\/2023\\\/02\\\/18-different-Cosmetic-presentations-1-1024x336.jpg\",\"datePublished\":\"2026-03-16T15:48:10+00:00\",\"dateModified\":\"2026-03-16T15:56:29+00:00\",\"breadcrumb\":{\"@id\":\"https:\\\/\\\/www.mengibarfillers.com\\\/es\\\/ver-caso-de-exito-monoblock-para-llenado-y-tapado-de-18-formatos-cosmeticos-diferentes-2\\\/#breadcrumb\"},\"inLanguage\":\"es\",\"potentialAction\":[{\"@type\":\"ReadAction\",\"target\":[\"https:\\\/\\\/www.mengibarfillers.com\\\/es\\\/ver-caso-de-exito-monoblock-para-llenado-y-tapado-de-18-formatos-cosmeticos-diferentes-2\\\/\"]}]},{\"@type\":\"ImageObject\",\"inLanguage\":\"es\",\"@id\":\"https:\\\/\\\/www.mengibarfillers.com\\\/es\\\/ver-caso-de-exito-monoblock-para-llenado-y-tapado-de-18-formatos-cosmeticos-diferentes-2\\\/#primaryimage\",\"url\":\"https:\\\/\\\/www.mengibarfillers.com\\\/wp-content\\\/uploads\\\/2023\\\/02\\\/18-different-Cosmetic-presentations-1-1024x336.jpg\",\"contentUrl\":\"https:\\\/\\\/www.mengibarfillers.com\\\/wp-content\\\/uploads\\\/2023\\\/02\\\/18-different-Cosmetic-presentations-1-1024x336.jpg\"},{\"@type\":\"BreadcrumbList\",\"@id\":\"https:\\\/\\\/www.mengibarfillers.com\\\/es\\\/ver-caso-de-exito-monoblock-para-llenado-y-tapado-de-18-formatos-cosmeticos-diferentes-2\\\/#breadcrumb\",\"itemListElement\":[{\"@type\":\"ListItem\",\"position\":1,\"name\":\"Home\",\"item\":\"https:\\\/\\\/www.mengibarfillers.com\\\/es\\\/home\\\/\"},{\"@type\":\"ListItem\",\"position\":2,\"name\":\"Ver caso de \u00e9xito: Monoblock para Llenado y Tapado de 18 formatos cosm\u00e9ticos diferentes\"}]},{\"@type\":\"WebSite\",\"@id\":\"https:\\\/\\\/www.mengibarfillers.com\\\/es\\\/#website\",\"url\":\"https:\\\/\\\/www.mengibarfillers.com\\\/es\\\/\",\"name\":\"MENGIBAR - Packaging Machinery\",\"description\":\"\",\"publisher\":{\"@id\":\"https:\\\/\\\/www.mengibarfillers.com\\\/es\\\/#organization\"},\"potentialAction\":[{\"@type\":\"SearchAction\",\"target\":{\"@type\":\"EntryPoint\",\"urlTemplate\":\"https:\\\/\\\/www.mengibarfillers.com\\\/es\\\/?s={search_term_string}\"},\"query-input\":{\"@type\":\"PropertyValueSpecification\",\"valueRequired\":true,\"valueName\":\"search_term_string\"}}],\"inLanguage\":\"es\"},{\"@type\":\"Organization\",\"@id\":\"https:\\\/\\\/www.mengibarfillers.com\\\/es\\\/#organization\",\"name\":\"MENGIBAR - Packaging Machinery\",\"url\":\"https:\\\/\\\/www.mengibarfillers.com\\\/es\\\/\",\"logo\":{\"@type\":\"ImageObject\",\"inLanguage\":\"es\",\"@id\":\"https:\\\/\\\/www.mengibarfillers.com\\\/es\\\/#\\\/schema\\\/logo\\\/image\\\/\",\"url\":\"https:\\\/\\\/www.mengibarfillers.com\\\/wp-content\\\/uploads\\\/2023\\\/01\\\/logo-mengibar-color-250px.png\",\"contentUrl\":\"https:\\\/\\\/www.mengibarfillers.com\\\/wp-content\\\/uploads\\\/2023\\\/01\\\/logo-mengibar-color-250px.png\",\"width\":250,\"height\":53,\"caption\":\"MENGIBAR - Packaging Machinery\"},\"image\":{\"@id\":\"https:\\\/\\\/www.mengibarfillers.com\\\/es\\\/#\\\/schema\\\/logo\\\/image\\\/\"}}]}<\/script>\n<!-- \/ Yoast SEO plugin. -->","yoast_head_json":{"title":"Ver caso de \u00e9xito: Monoblock para Llenado y Tapado de 18 formatos cosm\u00e9ticos diferentes - MENGIBAR - Packaging Machinery","robots":{"index":"index","follow":"follow","max-snippet":"max-snippet:-1","max-image-preview":"max-image-preview:large","max-video-preview":"max-video-preview:-1"},"canonical":"https:\/\/www.mengibarfillers.com\/es\/ver-caso-de-exito-monoblock-para-llenado-y-tapado-de-18-formatos-cosmeticos-diferentes-2\/","og_locale":"es_ES","og_type":"article","og_title":"Ver caso de \u00e9xito: Monoblock para Llenado y Tapado de 18 formatos cosm\u00e9ticos diferentes - MENGIBAR - Packaging Machinery","og_description":"Monoblock para Llenado y Tapado de 18 formatos cosm\u00e9ticos diferentes Este nuevo equipo puede manejar 18 formatos y presentaciones diferentes, entre botellas, tarros y otros envases, en diversos materiales como PE y vidrio La l\u00ednea m\u00faltiple est\u00e1 espec\u00edficamente dise\u00f1ada para la industria cosm\u00e9tica y puede combinar el Llenado de cremas, t\u00f3nicos o sueros para el [&hellip;]","og_url":"https:\/\/www.mengibarfillers.com\/es\/ver-caso-de-exito-monoblock-para-llenado-y-tapado-de-18-formatos-cosmeticos-diferentes-2\/","og_site_name":"MENGIBAR - Packaging Machinery","article_modified_time":"2026-03-16T15:56:29+00:00","og_image":[{"width":2350,"height":770,"url":"https:\/\/www.mengibarfillers.com\/wp-content\/uploads\/2023\/02\/18-different-Cosmetic-presentations-1.jpg","type":"image\/jpeg"}],"twitter_card":"summary_large_image","twitter_misc":{"Tiempo de lectura":"1 minuto"},"schema":{"@context":"https:\/\/schema.org","@graph":[{"@type":"WebPage","@id":"https:\/\/www.mengibarfillers.com\/es\/ver-caso-de-exito-monoblock-para-llenado-y-tapado-de-18-formatos-cosmeticos-diferentes-2\/","url":"https:\/\/www.mengibarfillers.com\/es\/ver-caso-de-exito-monoblock-para-llenado-y-tapado-de-18-formatos-cosmeticos-diferentes-2\/","name":"Ver caso de \u00e9xito: Monoblock para Llenado y Tapado de 18 formatos cosm\u00e9ticos diferentes - MENGIBAR - Packaging Machinery","isPartOf":{"@id":"https:\/\/www.mengibarfillers.com\/es\/#website"},"primaryImageOfPage":{"@id":"https:\/\/www.mengibarfillers.com\/es\/ver-caso-de-exito-monoblock-para-llenado-y-tapado-de-18-formatos-cosmeticos-diferentes-2\/#primaryimage"},"image":{"@id":"https:\/\/www.mengibarfillers.com\/es\/ver-caso-de-exito-monoblock-para-llenado-y-tapado-de-18-formatos-cosmeticos-diferentes-2\/#primaryimage"},"thumbnailUrl":"https:\/\/www.mengibarfillers.com\/wp-content\/uploads\/2023\/02\/18-different-Cosmetic-presentations-1-1024x336.jpg","datePublished":"2026-03-16T15:48:10+00:00","dateModified":"2026-03-16T15:56:29+00:00","breadcrumb":{"@id":"https:\/\/www.mengibarfillers.com\/es\/ver-caso-de-exito-monoblock-para-llenado-y-tapado-de-18-formatos-cosmeticos-diferentes-2\/#breadcrumb"},"inLanguage":"es","potentialAction":[{"@type":"ReadAction","target":["https:\/\/www.mengibarfillers.com\/es\/ver-caso-de-exito-monoblock-para-llenado-y-tapado-de-18-formatos-cosmeticos-diferentes-2\/"]}]},{"@type":"ImageObject","inLanguage":"es","@id":"https:\/\/www.mengibarfillers.com\/es\/ver-caso-de-exito-monoblock-para-llenado-y-tapado-de-18-formatos-cosmeticos-diferentes-2\/#primaryimage","url":"https:\/\/www.mengibarfillers.com\/wp-content\/uploads\/2023\/02\/18-different-Cosmetic-presentations-1-1024x336.jpg","contentUrl":"https:\/\/www.mengibarfillers.com\/wp-content\/uploads\/2023\/02\/18-different-Cosmetic-presentations-1-1024x336.jpg"},{"@type":"BreadcrumbList","@id":"https:\/\/www.mengibarfillers.com\/es\/ver-caso-de-exito-monoblock-para-llenado-y-tapado-de-18-formatos-cosmeticos-diferentes-2\/#breadcrumb","itemListElement":[{"@type":"ListItem","position":1,"name":"Home","item":"https:\/\/www.mengibarfillers.com\/es\/home\/"},{"@type":"ListItem","position":2,"name":"Ver caso de \u00e9xito: Monoblock para Llenado y Tapado de 18 formatos cosm\u00e9ticos diferentes"}]},{"@type":"WebSite","@id":"https:\/\/www.mengibarfillers.com\/es\/#website","url":"https:\/\/www.mengibarfillers.com\/es\/","name":"MENGIBAR - Packaging Machinery","description":"","publisher":{"@id":"https:\/\/www.mengibarfillers.com\/es\/#organization"},"potentialAction":[{"@type":"SearchAction","target":{"@type":"EntryPoint","urlTemplate":"https:\/\/www.mengibarfillers.com\/es\/?s={search_term_string}"},"query-input":{"@type":"PropertyValueSpecification","valueRequired":true,"valueName":"search_term_string"}}],"inLanguage":"es"},{"@type":"Organization","@id":"https:\/\/www.mengibarfillers.com\/es\/#organization","name":"MENGIBAR - Packaging Machinery","url":"https:\/\/www.mengibarfillers.com\/es\/","logo":{"@type":"ImageObject","inLanguage":"es","@id":"https:\/\/www.mengibarfillers.com\/es\/#\/schema\/logo\/image\/","url":"https:\/\/www.mengibarfillers.com\/wp-content\/uploads\/2023\/01\/logo-mengibar-color-250px.png","contentUrl":"https:\/\/www.mengibarfillers.com\/wp-content\/uploads\/2023\/01\/logo-mengibar-color-250px.png","width":250,"height":53,"caption":"MENGIBAR - Packaging Machinery"},"image":{"@id":"https:\/\/www.mengibarfillers.com\/es\/#\/schema\/logo\/image\/"}}]}},"_links":{"self":[{"href":"https:\/\/www.mengibarfillers.com\/es\/wp-json\/wp\/v2\/pages\/33747","targetHints":{"allow":["GET"]}}],"collection":[{"href":"https:\/\/www.mengibarfillers.com\/es\/wp-json\/wp\/v2\/pages"}],"about":[{"href":"https:\/\/www.mengibarfillers.com\/es\/wp-json\/wp\/v2\/types\/page"}],"author":[{"embeddable":true,"href":"https:\/\/www.mengibarfillers.com\/es\/wp-json\/wp\/v2\/users\/12"}],"replies":[{"embeddable":true,"href":"https:\/\/www.mengibarfillers.com\/es\/wp-json\/wp\/v2\/comments?post=33747"}],"version-history":[{"count":3,"href":"https:\/\/www.mengibarfillers.com\/es\/wp-json\/wp\/v2\/pages\/33747\/revisions"}],"predecessor-version":[{"id":33754,"href":"https:\/\/www.mengibarfillers.com\/es\/wp-json\/wp\/v2\/pages\/33747\/revisions\/33754"}],"wp:attachment":[{"href":"https:\/\/www.mengibarfillers.com\/es\/wp-json\/wp\/v2\/media?parent=33747"}],"curies":[{"name":"wp","href":"https:\/\/api.w.org\/{rel}","templated":true}]}}