{"id":33087,"date":"2025-08-08T12:38:07","date_gmt":"2025-08-08T10:38:07","guid":{"rendered":"https:\/\/www.mengibarfillers.com\/?page_id=33087"},"modified":"2025-10-14T16:45:58","modified_gmt":"2025-10-14T14:45:58","slug":"llenado-liquidos-corrosivos-con-bombas-gatillo-y-tapones-de-recarga","status":"publish","type":"page","link":"https:\/\/www.mengibarfillers.com\/es\/llenado-liquidos-corrosivos-con-bombas-gatillo-y-tapones-de-recarga\/","title":{"rendered":"Llenado de l\u00edquidos corrosivos con bombas de gatillo y tapones de recarga"},"content":{"rendered":"\t\t<div data-elementor-type=\"wp-page\" data-elementor-id=\"33087\" class=\"elementor elementor-33087 elementor-33073\" data-elementor-post-type=\"page\">\n\t\t\t\t<div class=\"elementor-element elementor-element-4cc9c4f e-flex e-con-boxed e-con e-parent\" data-id=\"4cc9c4f\" data-element_type=\"container\" data-e-type=\"container\" data-settings=\"{&quot;background_background&quot;:&quot;classic&quot;,&quot;_ob_use_container_extras&quot;:&quot;no&quot;,&quot;_ob_column_hoveranimator&quot;:&quot;no&quot;,&quot;_ob_glider_is_slider&quot;:&quot;no&quot;,&quot;_ob_column_has_pseudo&quot;:&quot;no&quot;}\">\n\t\t\t\t\t<div class=\"e-con-inner\">\n\t\t<div class=\"elementor-element elementor-element-d0ca195 e-flex e-con-boxed e-con e-child\" data-id=\"d0ca195\" data-element_type=\"container\" data-e-type=\"container\" data-settings=\"{&quot;_ob_use_container_extras&quot;:&quot;no&quot;,&quot;_ob_column_hoveranimator&quot;:&quot;no&quot;,&quot;_ob_glider_is_slider&quot;:&quot;no&quot;,&quot;_ob_column_has_pseudo&quot;:&quot;no&quot;}\">\n\t\t\t\t\t<div class=\"e-con-inner\">\n\t\t\t\t<div class=\"elementor-element elementor-element-595e258 ob-harakiri-inherit ob-has-background-overlay elementor-widget elementor-widget-heading\" data-id=\"595e258\" data-element_type=\"widget\" data-e-type=\"widget\" data-settings=\"{&quot;_ob_use_harakiri&quot;:&quot;yes&quot;,&quot;_ob_harakiri_writing_mode&quot;:&quot;inherit&quot;,&quot;_ob_harakiri_text_clip&quot;:&quot;none&quot;,&quot;_ob_widget_stalker_use&quot;:&quot;no&quot;,&quot;_ob_poopart_use&quot;:&quot;yes&quot;,&quot;_ob_shadough_use&quot;:&quot;no&quot;,&quot;_ob_allow_hoveranimator&quot;:&quot;no&quot;}\" data-widget_type=\"heading.default\">\n\t\t\t\t<div class=\"elementor-widget-container\">\n\t\t\t\t\t<h1 class=\"elementor-heading-title elementor-size-default\">Llenado de l\u00edquidos corrosivos con bombas de gatillo y tapones de recarga<\/h1>\t\t\t\t<\/div>\n\t\t\t\t<\/div>\n\t\t\t\t<div class=\"elementor-element elementor-element-94f1143 ob-harakiri-inherit ob-has-background-overlay elementor-widget elementor-widget-text-editor\" data-id=\"94f1143\" data-element_type=\"widget\" data-e-type=\"widget\" data-settings=\"{&quot;_ob_use_harakiri&quot;:&quot;yes&quot;,&quot;_ob_harakiri_writing_mode&quot;:&quot;inherit&quot;,&quot;_ob_postman_use&quot;:&quot;no&quot;,&quot;_ob_widget_stalker_use&quot;:&quot;no&quot;,&quot;_ob_poopart_use&quot;:&quot;yes&quot;,&quot;_ob_shadough_use&quot;:&quot;no&quot;,&quot;_ob_allow_hoveranimator&quot;:&quot;no&quot;}\" data-widget_type=\"text-editor.default\">\n\t\t\t\t<div class=\"elementor-widget-container\">\n\t\t\t\t\t\t\t\t\t<p data-start=\"0\" data-end=\"334\">Descubra c\u00f3mo Mengibar super\u00f3 el reto de llenar l\u00edquidos altamente corrosivos. Nuestra vers\u00e1til Monoblock BR16\/8\/165 funciona a 100-150 rpm con una eficiencia operativa total (OEE) superior al 98 %, y cuenta con una protecci\u00f3n avanzada contra la corrosi\u00f3n gracias a los recubrimientos de Hastelloy y PA11, adem\u00e1s de carcasas sobrepresurizadas y un sistema de ventilaci\u00f3n personalizado para manejar de forma segura los vapores corrosivos. <\/p><p data-start=\"336\" data-end=\"429\" data-is-last-node=\"\" data-is-only-node=\"\">Para obtener acceso exclusivo a este inspirador v\u00eddeo sobre una historia de \u00e9xito, rellene un breve formulario.<\/p>\t\t\t\t\t\t\t\t<\/div>\n\t\t\t\t<\/div>\n\t\t\t\t<div class=\"elementor-element elementor-element-61b43f5 ob-has-background-overlay elementor-widget elementor-widget-image\" data-id=\"61b43f5\" data-element_type=\"widget\" data-e-type=\"widget\" data-settings=\"{&quot;_ob_photomorph_use&quot;:&quot;no&quot;,&quot;_ob_widget_stalker_use&quot;:&quot;no&quot;,&quot;_ob_poopart_use&quot;:&quot;yes&quot;,&quot;_ob_shadough_use&quot;:&quot;no&quot;,&quot;_ob_allow_hoveranimator&quot;:&quot;no&quot;}\" data-widget_type=\"image.default\">\n\t\t\t\t<div class=\"elementor-widget-container\">\n\t\t\t\t\t\t\t\t\t\t\t\t\t\t\t<img fetchpriority=\"high\" decoding=\"async\" width=\"594\" height=\"274\" src=\"https:\/\/www.mengibarfillers.com\/wp-content\/uploads\/2025\/08\/Complete-atex-rated-line.png\" class=\"attachment-large size-large wp-image-33077\" alt=\"\" srcset=\"https:\/\/www.mengibarfillers.com\/wp-content\/uploads\/2025\/08\/Complete-atex-rated-line.png 594w, https:\/\/www.mengibarfillers.com\/wp-content\/uploads\/2025\/08\/Complete-atex-rated-line-300x138.png 300w\" sizes=\"(max-width: 594px) 100vw, 594px\" \/>\t\t\t\t\t\t\t\t\t\t\t\t\t\t\t<\/div>\n\t\t\t\t<\/div>\n\t\t\t\t\t<\/div>\n\t\t\t\t<\/div>\n\t\t<div class=\"elementor-element elementor-element-f8e4e41 e-flex e-con-boxed e-con e-child\" data-id=\"f8e4e41\" data-element_type=\"container\" data-e-type=\"container\" data-settings=\"{&quot;background_background&quot;:&quot;classic&quot;,&quot;_ob_use_container_extras&quot;:&quot;no&quot;,&quot;_ob_column_hoveranimator&quot;:&quot;no&quot;,&quot;_ob_glider_is_slider&quot;:&quot;no&quot;,&quot;_ob_column_has_pseudo&quot;:&quot;no&quot;}\">\n\t\t\t\t\t<div class=\"e-con-inner\">\n\t\t\t\t<div class=\"elementor-element elementor-element-7e5f23c ob-harakiri-inherit ob-has-background-overlay elementor-widget elementor-widget-heading\" data-id=\"7e5f23c\" data-element_type=\"widget\" data-e-type=\"widget\" data-settings=\"{&quot;_ob_use_harakiri&quot;:&quot;yes&quot;,&quot;_ob_harakiri_writing_mode&quot;:&quot;inherit&quot;,&quot;_ob_harakiri_text_clip&quot;:&quot;none&quot;,&quot;_ob_widget_stalker_use&quot;:&quot;no&quot;,&quot;_ob_poopart_use&quot;:&quot;yes&quot;,&quot;_ob_shadough_use&quot;:&quot;no&quot;,&quot;_ob_allow_hoveranimator&quot;:&quot;no&quot;}\" data-widget_type=\"heading.default\">\n\t\t\t\t<div class=\"elementor-widget-container\">\n\t\t\t\t\t<h2 class=\"elementor-heading-title elementor-size-default\">Reg\u00edstrese para ver el caso pr\u00e1ctico<\/h2>\t\t\t\t<\/div>\n\t\t\t\t<\/div>\n\t\t<div class=\"elementor-element elementor-element-fcdfc4f e-flex e-con-boxed e-con e-child\" data-id=\"fcdfc4f\" data-element_type=\"container\" data-e-type=\"container\" data-settings=\"{&quot;_ob_use_container_extras&quot;:&quot;no&quot;,&quot;_ob_column_hoveranimator&quot;:&quot;no&quot;,&quot;_ob_glider_is_slider&quot;:&quot;no&quot;,&quot;_ob_column_has_pseudo&quot;:&quot;no&quot;}\">\n\t\t\t\t\t<div class=\"e-con-inner\">\n\t\t<div class=\"elementor-element elementor-element-651e7bc e-flex e-con-boxed e-con e-child\" data-id=\"651e7bc\" data-element_type=\"container\" data-e-type=\"container\" data-settings=\"{&quot;background_background&quot;:&quot;classic&quot;,&quot;_ob_use_container_extras&quot;:&quot;no&quot;,&quot;_ob_column_hoveranimator&quot;:&quot;no&quot;,&quot;_ob_glider_is_slider&quot;:&quot;no&quot;,&quot;_ob_column_has_pseudo&quot;:&quot;no&quot;}\">\n\t\t\t\t\t<div class=\"e-con-inner\">\n\t\t\t\t<div class=\"elementor-element elementor-element-79d8d1c elementor-widget__width-initial ob-has-background-overlay elementor-widget elementor-widget-html\" data-id=\"79d8d1c\" data-element_type=\"widget\" data-e-type=\"widget\" data-settings=\"{&quot;_ob_widget_stalker_use&quot;:&quot;no&quot;,&quot;_ob_poopart_use&quot;:&quot;yes&quot;,&quot;_ob_shadough_use&quot;:&quot;no&quot;,&quot;_ob_allow_hoveranimator&quot;:&quot;no&quot;}\" data-widget_type=\"html.default\">\n\t\t\t\t<div class=\"elementor-widget-container\">\n\t\t\t\t\t<script charset=\"utf-8\" type=\"text\/javascript\" src=\"\/\/js-eu1.hsforms.net\/forms\/embed\/v2.js\"><\/script>\n<script>\n  hbspt.forms.create({\n    portalId: \"25740744\",\n    formId: \"646cab39-1b5b-40d2-a995-609244ea19ac\",\n    region: \"eu1\"\n  });\n<\/script>\t\t\t\t<\/div>\n\t\t\t\t<\/div>\n\t\t\t\t\t<\/div>\n\t\t\t\t<\/div>\n\t\t\t\t\t<\/div>\n\t\t\t\t<\/div>\n\t\t\t\t\t<\/div>\n\t\t\t\t<\/div>\n\t\t\t\t\t<\/div>\n\t\t\t\t<\/div>\n\t\t\t\t<\/div>\n\t\t","protected":false},"excerpt":{"rendered":"<p>Llenado de l\u00edquidos corrosivos con bombas de gatillo y tapones de recarga Descubra c\u00f3mo Mengibar super\u00f3 el reto de llenar l\u00edquidos altamente corrosivos. Nuestra vers\u00e1til Monoblock BR16\/8\/165 funciona a 100-150 rpm con una eficiencia operativa total (OEE) superior al 98 %, y cuenta con una protecci\u00f3n avanzada contra la corrosi\u00f3n gracias a los recubrimientos de [&hellip;]<\/p>\n","protected":false},"author":14,"featured_media":0,"parent":0,"menu_order":0,"comment_status":"closed","ping_status":"closed","template":"","meta":{"_acf_changed":false,"content-type":"","footnotes":""},"class_list":["post-33087","page","type-page","status-publish","hentry"],"acf":[],"yoast_head":"<!-- This site is optimized with the Yoast SEO plugin v27.5 - https:\/\/yoast.com\/product\/yoast-seo-wordpress\/ -->\n<title>Caso pr\u00e1ctico: Llenado de l\u00edquidos corrosivos con bombas de gatillo | Mengibar<\/title>\n<meta name=\"description\" content=\"Mengibar personaliza su sistema para el llenado de l\u00edquidos corrosivos utilizando bombas de gatillo y tapones de recarga, lo que garantiza una alta eficiencia.\" \/>\n<meta name=\"robots\" content=\"index, follow, max-snippet:-1, max-image-preview:large, max-video-preview:-1\" \/>\n<link rel=\"canonical\" href=\"https:\/\/www.mengibarfillers.com\/es\/llenado-liquidos-corrosivos-con-bombas-gatillo-y-tapones-de-recarga\/\" \/>\n<meta property=\"og:locale\" content=\"es_ES\" \/>\n<meta property=\"og:type\" content=\"article\" \/>\n<meta property=\"og:title\" content=\"Caso pr\u00e1ctico: Llenado de l\u00edquidos corrosivos con bombas de gatillo | Mengibar\" \/>\n<meta property=\"og:description\" content=\"Mengibar personaliza su sistema para el llenado de l\u00edquidos corrosivos utilizando bombas de gatillo y tapones de recarga, lo que garantiza una alta eficiencia.\" \/>\n<meta property=\"og:url\" content=\"https:\/\/www.mengibarfillers.com\/es\/llenado-liquidos-corrosivos-con-bombas-gatillo-y-tapones-de-recarga\/\" \/>\n<meta property=\"og:site_name\" content=\"MENGIBAR - Packaging Machinery\" \/>\n<meta property=\"article:modified_time\" content=\"2025-10-14T14:45:58+00:00\" \/>\n<meta property=\"og:image\" content=\"https:\/\/www.mengibarfillers.com\/wp-content\/uploads\/2025\/08\/Complete-atex-rated-line.png\" \/>\n\t<meta property=\"og:image:width\" content=\"594\" \/>\n\t<meta property=\"og:image:height\" content=\"274\" \/>\n\t<meta property=\"og:image:type\" content=\"image\/png\" \/>\n<meta name=\"twitter:card\" content=\"summary_large_image\" \/>\n<meta name=\"twitter:label1\" content=\"Tiempo de lectura\" \/>\n\t<meta name=\"twitter:data1\" content=\"1 minuto\" \/>\n<script type=\"application\/ld+json\" class=\"yoast-schema-graph\">{\"@context\":\"https:\\\/\\\/schema.org\",\"@graph\":[{\"@type\":\"WebPage\",\"@id\":\"https:\\\/\\\/www.mengibarfillers.com\\\/es\\\/llenado-liquidos-corrosivos-con-bombas-gatillo-y-tapones-de-recarga\\\/\",\"url\":\"https:\\\/\\\/www.mengibarfillers.com\\\/es\\\/llenado-liquidos-corrosivos-con-bombas-gatillo-y-tapones-de-recarga\\\/\",\"name\":\"Caso pr\u00e1ctico: Llenado de l\u00edquidos corrosivos con bombas de gatillo | Mengibar\",\"isPartOf\":{\"@id\":\"https:\\\/\\\/www.mengibarfillers.com\\\/es\\\/#website\"},\"primaryImageOfPage\":{\"@id\":\"https:\\\/\\\/www.mengibarfillers.com\\\/es\\\/llenado-liquidos-corrosivos-con-bombas-gatillo-y-tapones-de-recarga\\\/#primaryimage\"},\"image\":{\"@id\":\"https:\\\/\\\/www.mengibarfillers.com\\\/es\\\/llenado-liquidos-corrosivos-con-bombas-gatillo-y-tapones-de-recarga\\\/#primaryimage\"},\"thumbnailUrl\":\"https:\\\/\\\/www.mengibarfillers.com\\\/wp-content\\\/uploads\\\/2025\\\/08\\\/Complete-atex-rated-line.png\",\"datePublished\":\"2025-08-08T10:38:07+00:00\",\"dateModified\":\"2025-10-14T14:45:58+00:00\",\"description\":\"Mengibar personaliza su sistema para el llenado de l\u00edquidos corrosivos utilizando bombas de gatillo y tapones de recarga, lo que garantiza una alta eficiencia.\",\"breadcrumb\":{\"@id\":\"https:\\\/\\\/www.mengibarfillers.com\\\/es\\\/llenado-liquidos-corrosivos-con-bombas-gatillo-y-tapones-de-recarga\\\/#breadcrumb\"},\"inLanguage\":\"es\",\"potentialAction\":[{\"@type\":\"ReadAction\",\"target\":[\"https:\\\/\\\/www.mengibarfillers.com\\\/es\\\/llenado-liquidos-corrosivos-con-bombas-gatillo-y-tapones-de-recarga\\\/\"]}]},{\"@type\":\"ImageObject\",\"inLanguage\":\"es\",\"@id\":\"https:\\\/\\\/www.mengibarfillers.com\\\/es\\\/llenado-liquidos-corrosivos-con-bombas-gatillo-y-tapones-de-recarga\\\/#primaryimage\",\"url\":\"https:\\\/\\\/www.mengibarfillers.com\\\/wp-content\\\/uploads\\\/2025\\\/08\\\/Complete-atex-rated-line.png\",\"contentUrl\":\"https:\\\/\\\/www.mengibarfillers.com\\\/wp-content\\\/uploads\\\/2025\\\/08\\\/Complete-atex-rated-line.png\"},{\"@type\":\"BreadcrumbList\",\"@id\":\"https:\\\/\\\/www.mengibarfillers.com\\\/es\\\/llenado-liquidos-corrosivos-con-bombas-gatillo-y-tapones-de-recarga\\\/#breadcrumb\",\"itemListElement\":[{\"@type\":\"ListItem\",\"position\":1,\"name\":\"Home\",\"item\":\"https:\\\/\\\/www.mengibarfillers.com\\\/es\\\/home\\\/\"},{\"@type\":\"ListItem\",\"position\":2,\"name\":\"Llenado de l\u00edquidos corrosivos con bombas de gatillo y tapones de recarga\"}]},{\"@type\":\"WebSite\",\"@id\":\"https:\\\/\\\/www.mengibarfillers.com\\\/es\\\/#website\",\"url\":\"https:\\\/\\\/www.mengibarfillers.com\\\/es\\\/\",\"name\":\"MENGIBAR - Packaging Machinery\",\"description\":\"\",\"publisher\":{\"@id\":\"https:\\\/\\\/www.mengibarfillers.com\\\/es\\\/#organization\"},\"potentialAction\":[{\"@type\":\"SearchAction\",\"target\":{\"@type\":\"EntryPoint\",\"urlTemplate\":\"https:\\\/\\\/www.mengibarfillers.com\\\/es\\\/?s={search_term_string}\"},\"query-input\":{\"@type\":\"PropertyValueSpecification\",\"valueRequired\":true,\"valueName\":\"search_term_string\"}}],\"inLanguage\":\"es\"},{\"@type\":\"Organization\",\"@id\":\"https:\\\/\\\/www.mengibarfillers.com\\\/es\\\/#organization\",\"name\":\"MENGIBAR - Packaging Machinery\",\"url\":\"https:\\\/\\\/www.mengibarfillers.com\\\/es\\\/\",\"logo\":{\"@type\":\"ImageObject\",\"inLanguage\":\"es\",\"@id\":\"https:\\\/\\\/www.mengibarfillers.com\\\/es\\\/#\\\/schema\\\/logo\\\/image\\\/\",\"url\":\"https:\\\/\\\/www.mengibarfillers.com\\\/wp-content\\\/uploads\\\/2023\\\/01\\\/logo-mengibar-color-250px.png\",\"contentUrl\":\"https:\\\/\\\/www.mengibarfillers.com\\\/wp-content\\\/uploads\\\/2023\\\/01\\\/logo-mengibar-color-250px.png\",\"width\":250,\"height\":53,\"caption\":\"MENGIBAR - Packaging Machinery\"},\"image\":{\"@id\":\"https:\\\/\\\/www.mengibarfillers.com\\\/es\\\/#\\\/schema\\\/logo\\\/image\\\/\"}}]}<\/script>\n<!-- \/ Yoast SEO plugin. -->","yoast_head_json":{"title":"Caso pr\u00e1ctico: Llenado de l\u00edquidos corrosivos con bombas de gatillo | Mengibar","description":"Mengibar personaliza su sistema para el llenado de l\u00edquidos corrosivos utilizando bombas de gatillo y tapones de recarga, lo que garantiza una alta eficiencia.","robots":{"index":"index","follow":"follow","max-snippet":"max-snippet:-1","max-image-preview":"max-image-preview:large","max-video-preview":"max-video-preview:-1"},"canonical":"https:\/\/www.mengibarfillers.com\/es\/llenado-liquidos-corrosivos-con-bombas-gatillo-y-tapones-de-recarga\/","og_locale":"es_ES","og_type":"article","og_title":"Caso pr\u00e1ctico: Llenado de l\u00edquidos corrosivos con bombas de gatillo | Mengibar","og_description":"Mengibar personaliza su sistema para el llenado de l\u00edquidos corrosivos utilizando bombas de gatillo y tapones de recarga, lo que garantiza una alta eficiencia.","og_url":"https:\/\/www.mengibarfillers.com\/es\/llenado-liquidos-corrosivos-con-bombas-gatillo-y-tapones-de-recarga\/","og_site_name":"MENGIBAR - Packaging Machinery","article_modified_time":"2025-10-14T14:45:58+00:00","og_image":[{"width":594,"height":274,"url":"https:\/\/www.mengibarfillers.com\/wp-content\/uploads\/2025\/08\/Complete-atex-rated-line.png","type":"image\/png"}],"twitter_card":"summary_large_image","twitter_misc":{"Tiempo de lectura":"1 minuto"},"schema":{"@context":"https:\/\/schema.org","@graph":[{"@type":"WebPage","@id":"https:\/\/www.mengibarfillers.com\/es\/llenado-liquidos-corrosivos-con-bombas-gatillo-y-tapones-de-recarga\/","url":"https:\/\/www.mengibarfillers.com\/es\/llenado-liquidos-corrosivos-con-bombas-gatillo-y-tapones-de-recarga\/","name":"Caso pr\u00e1ctico: Llenado de l\u00edquidos corrosivos con bombas de gatillo | Mengibar","isPartOf":{"@id":"https:\/\/www.mengibarfillers.com\/es\/#website"},"primaryImageOfPage":{"@id":"https:\/\/www.mengibarfillers.com\/es\/llenado-liquidos-corrosivos-con-bombas-gatillo-y-tapones-de-recarga\/#primaryimage"},"image":{"@id":"https:\/\/www.mengibarfillers.com\/es\/llenado-liquidos-corrosivos-con-bombas-gatillo-y-tapones-de-recarga\/#primaryimage"},"thumbnailUrl":"https:\/\/www.mengibarfillers.com\/wp-content\/uploads\/2025\/08\/Complete-atex-rated-line.png","datePublished":"2025-08-08T10:38:07+00:00","dateModified":"2025-10-14T14:45:58+00:00","description":"Mengibar personaliza su sistema para el llenado de l\u00edquidos corrosivos utilizando bombas de gatillo y tapones de recarga, lo que garantiza una alta eficiencia.","breadcrumb":{"@id":"https:\/\/www.mengibarfillers.com\/es\/llenado-liquidos-corrosivos-con-bombas-gatillo-y-tapones-de-recarga\/#breadcrumb"},"inLanguage":"es","potentialAction":[{"@type":"ReadAction","target":["https:\/\/www.mengibarfillers.com\/es\/llenado-liquidos-corrosivos-con-bombas-gatillo-y-tapones-de-recarga\/"]}]},{"@type":"ImageObject","inLanguage":"es","@id":"https:\/\/www.mengibarfillers.com\/es\/llenado-liquidos-corrosivos-con-bombas-gatillo-y-tapones-de-recarga\/#primaryimage","url":"https:\/\/www.mengibarfillers.com\/wp-content\/uploads\/2025\/08\/Complete-atex-rated-line.png","contentUrl":"https:\/\/www.mengibarfillers.com\/wp-content\/uploads\/2025\/08\/Complete-atex-rated-line.png"},{"@type":"BreadcrumbList","@id":"https:\/\/www.mengibarfillers.com\/es\/llenado-liquidos-corrosivos-con-bombas-gatillo-y-tapones-de-recarga\/#breadcrumb","itemListElement":[{"@type":"ListItem","position":1,"name":"Home","item":"https:\/\/www.mengibarfillers.com\/es\/home\/"},{"@type":"ListItem","position":2,"name":"Llenado de l\u00edquidos corrosivos con bombas de gatillo y tapones de recarga"}]},{"@type":"WebSite","@id":"https:\/\/www.mengibarfillers.com\/es\/#website","url":"https:\/\/www.mengibarfillers.com\/es\/","name":"MENGIBAR - Packaging Machinery","description":"","publisher":{"@id":"https:\/\/www.mengibarfillers.com\/es\/#organization"},"potentialAction":[{"@type":"SearchAction","target":{"@type":"EntryPoint","urlTemplate":"https:\/\/www.mengibarfillers.com\/es\/?s={search_term_string}"},"query-input":{"@type":"PropertyValueSpecification","valueRequired":true,"valueName":"search_term_string"}}],"inLanguage":"es"},{"@type":"Organization","@id":"https:\/\/www.mengibarfillers.com\/es\/#organization","name":"MENGIBAR - Packaging Machinery","url":"https:\/\/www.mengibarfillers.com\/es\/","logo":{"@type":"ImageObject","inLanguage":"es","@id":"https:\/\/www.mengibarfillers.com\/es\/#\/schema\/logo\/image\/","url":"https:\/\/www.mengibarfillers.com\/wp-content\/uploads\/2023\/01\/logo-mengibar-color-250px.png","contentUrl":"https:\/\/www.mengibarfillers.com\/wp-content\/uploads\/2023\/01\/logo-mengibar-color-250px.png","width":250,"height":53,"caption":"MENGIBAR - Packaging Machinery"},"image":{"@id":"https:\/\/www.mengibarfillers.com\/es\/#\/schema\/logo\/image\/"}}]}},"_links":{"self":[{"href":"https:\/\/www.mengibarfillers.com\/es\/wp-json\/wp\/v2\/pages\/33087","targetHints":{"allow":["GET"]}}],"collection":[{"href":"https:\/\/www.mengibarfillers.com\/es\/wp-json\/wp\/v2\/pages"}],"about":[{"href":"https:\/\/www.mengibarfillers.com\/es\/wp-json\/wp\/v2\/types\/page"}],"author":[{"embeddable":true,"href":"https:\/\/www.mengibarfillers.com\/es\/wp-json\/wp\/v2\/users\/14"}],"replies":[{"embeddable":true,"href":"https:\/\/www.mengibarfillers.com\/es\/wp-json\/wp\/v2\/comments?post=33087"}],"version-history":[{"count":8,"href":"https:\/\/www.mengibarfillers.com\/es\/wp-json\/wp\/v2\/pages\/33087\/revisions"}],"predecessor-version":[{"id":33358,"href":"https:\/\/www.mengibarfillers.com\/es\/wp-json\/wp\/v2\/pages\/33087\/revisions\/33358"}],"wp:attachment":[{"href":"https:\/\/www.mengibarfillers.com\/es\/wp-json\/wp\/v2\/media?parent=33087"}],"curies":[{"name":"wp","href":"https:\/\/api.w.org\/{rel}","templated":true}]}}