{"id":31675,"date":"2025-01-22T13:26:55","date_gmt":"2025-01-22T12:26:55","guid":{"rendered":"https:\/\/www.mengibarfillers.com\/ver-estudio-de-caso-tunel-de-llenado-en-caliente-y-enfriamiento-para-desodorante-en-barra-y-antitranspirante\/"},"modified":"2025-01-22T14:01:36","modified_gmt":"2025-01-22T13:01:36","slug":"ver-estudio-de-caso-tunel-de-llenado-en-caliente-y-enfriamiento-para-desodorante-en-barra-y-antitranspirante","status":"publish","type":"page","link":"https:\/\/www.mengibarfillers.com\/es\/ver-estudio-de-caso-tunel-de-llenado-en-caliente-y-enfriamiento-para-desodorante-en-barra-y-antitranspirante\/","title":{"rendered":"Ver estudio de caso: T\u00fanel de llenado en caliente y enfriamiento para desodorante en barra y antitranspirante"},"content":{"rendered":"\t\t<div data-elementor-type=\"wp-page\" data-elementor-id=\"31675\" class=\"elementor elementor-31675 elementor-31666\" data-elementor-post-type=\"page\">\n\t\t\t\t<div class=\"elementor-element elementor-element-2bed410 e-flex e-con-boxed e-con e-parent\" data-id=\"2bed410\" data-element_type=\"container\" data-e-type=\"container\" data-settings=\"{&quot;background_background&quot;:&quot;classic&quot;,&quot;_ob_use_container_extras&quot;:&quot;no&quot;,&quot;_ob_column_hoveranimator&quot;:&quot;no&quot;,&quot;_ob_glider_is_slider&quot;:&quot;no&quot;,&quot;_ob_column_has_pseudo&quot;:&quot;no&quot;}\">\n\t\t\t\t\t<div class=\"e-con-inner\">\n\t\t<div class=\"elementor-element elementor-element-20c170ba e-flex e-con-boxed e-con e-child\" data-id=\"20c170ba\" data-element_type=\"container\" data-e-type=\"container\" data-settings=\"{&quot;_ob_use_container_extras&quot;:&quot;no&quot;,&quot;_ob_column_hoveranimator&quot;:&quot;no&quot;,&quot;_ob_glider_is_slider&quot;:&quot;no&quot;,&quot;_ob_column_has_pseudo&quot;:&quot;no&quot;}\">\n\t\t\t\t\t<div class=\"e-con-inner\">\n\t\t\t\t<div class=\"elementor-element elementor-element-7e5ff6f2 ob-harakiri-inherit ob-has-background-overlay elementor-widget elementor-widget-heading\" data-id=\"7e5ff6f2\" data-element_type=\"widget\" data-e-type=\"widget\" data-settings=\"{&quot;_ob_use_harakiri&quot;:&quot;yes&quot;,&quot;_ob_harakiri_writing_mode&quot;:&quot;inherit&quot;,&quot;_ob_harakiri_text_clip&quot;:&quot;none&quot;,&quot;_ob_widget_stalker_use&quot;:&quot;no&quot;,&quot;_ob_poopart_use&quot;:&quot;yes&quot;,&quot;_ob_shadough_use&quot;:&quot;no&quot;,&quot;_ob_allow_hoveranimator&quot;:&quot;no&quot;}\" data-widget_type=\"heading.default\">\n\t\t\t\t<div class=\"elementor-widget-container\">\n\t\t\t\t\t<h2 class=\"elementor-heading-title elementor-size-default\">T\u00fanel de llenado en caliente y enfriamiento para desodorante en barra y antitranspirante\n\n\n<\/h2>\t\t\t\t<\/div>\n\t\t\t\t<\/div>\n\t\t\t\t<div class=\"elementor-element elementor-element-d7510ee ob-harakiri-inherit ob-has-background-overlay elementor-widget elementor-widget-text-editor\" data-id=\"d7510ee\" data-element_type=\"widget\" data-e-type=\"widget\" data-settings=\"{&quot;_ob_use_harakiri&quot;:&quot;yes&quot;,&quot;_ob_harakiri_writing_mode&quot;:&quot;inherit&quot;,&quot;_ob_postman_use&quot;:&quot;no&quot;,&quot;_ob_widget_stalker_use&quot;:&quot;no&quot;,&quot;_ob_poopart_use&quot;:&quot;yes&quot;,&quot;_ob_shadough_use&quot;:&quot;no&quot;,&quot;_ob_allow_hoveranimator&quot;:&quot;no&quot;}\" data-widget_type=\"text-editor.default\">\n\t\t\t\t<div class=\"elementor-widget-container\">\n\t\t\t\t\t\t\t\t\t<p style=\"font-weight: 400;\">Descubra c\u00f3mo esta l\u00ednea con clasificaci\u00f3n ATEX para desodorantes en barra y antitranspirantes, dise\u00f1ada por Mengibar, alcanza una impresionante producci\u00f3n de 250 unidades por minuto. Equipada con clasificaci\u00f3n autom\u00e1tica de frascos, llenado en caliente, refrigeraci\u00f3n, tapado, eliminaci\u00f3n de envases e inversi\u00f3n de botes, junto con un sistema de gesti\u00f3n de envases de vanguardia, esta soluci\u00f3n garantiza un funcionamiento perfecto en siete formatos de envasado diferentes. <\/p>\n<p style=\"font-weight: 400;\">Para obtener acceso exclusivo a este v\u00eddeo de \u00e9xito, le rogamos que rellene el siguiente formulario.<\/p>\n\t\t\t\t\t\t\t\t<\/div>\n\t\t\t\t<\/div>\n\t\t\t\t<div class=\"elementor-element elementor-element-30c2f70e ob-has-background-overlay elementor-widget elementor-widget-image\" data-id=\"30c2f70e\" data-element_type=\"widget\" data-e-type=\"widget\" data-settings=\"{&quot;_ob_photomorph_use&quot;:&quot;no&quot;,&quot;_ob_widget_stalker_use&quot;:&quot;no&quot;,&quot;_ob_poopart_use&quot;:&quot;yes&quot;,&quot;_ob_shadough_use&quot;:&quot;no&quot;,&quot;_ob_allow_hoveranimator&quot;:&quot;no&quot;}\" data-widget_type=\"image.default\">\n\t\t\t\t<div class=\"elementor-widget-container\">\n\t\t\t\t\t\t\t\t\t\t\t\t\t\t\t<img fetchpriority=\"high\" decoding=\"async\" width=\"594\" height=\"274\" src=\"https:\/\/www.mengibarfillers.com\/wp-content\/uploads\/2025\/01\/Complete-atex-rated-line.png\" class=\"attachment-large size-large wp-image-31671\" alt=\"\" srcset=\"https:\/\/www.mengibarfillers.com\/wp-content\/uploads\/2025\/01\/Complete-atex-rated-line.png 594w, https:\/\/www.mengibarfillers.com\/wp-content\/uploads\/2025\/01\/Complete-atex-rated-line-300x138.png 300w\" sizes=\"(max-width: 594px) 100vw, 594px\" \/>\t\t\t\t\t\t\t\t\t\t\t\t\t\t\t<\/div>\n\t\t\t\t<\/div>\n\t\t\t\t\t<\/div>\n\t\t\t\t<\/div>\n\t\t<div class=\"elementor-element elementor-element-568a5e55 e-flex e-con-boxed e-con e-child\" data-id=\"568a5e55\" data-element_type=\"container\" data-e-type=\"container\" data-settings=\"{&quot;background_background&quot;:&quot;classic&quot;,&quot;_ob_use_container_extras&quot;:&quot;no&quot;,&quot;_ob_column_hoveranimator&quot;:&quot;no&quot;,&quot;_ob_glider_is_slider&quot;:&quot;no&quot;,&quot;_ob_column_has_pseudo&quot;:&quot;no&quot;}\">\n\t\t\t\t\t<div class=\"e-con-inner\">\n\t\t\t\t<div class=\"elementor-element elementor-element-9f8dbc7 ob-harakiri-inherit ob-has-background-overlay elementor-widget elementor-widget-heading\" data-id=\"9f8dbc7\" data-element_type=\"widget\" data-e-type=\"widget\" data-settings=\"{&quot;_ob_use_harakiri&quot;:&quot;yes&quot;,&quot;_ob_harakiri_writing_mode&quot;:&quot;inherit&quot;,&quot;_ob_harakiri_text_clip&quot;:&quot;none&quot;,&quot;_ob_widget_stalker_use&quot;:&quot;no&quot;,&quot;_ob_poopart_use&quot;:&quot;yes&quot;,&quot;_ob_shadough_use&quot;:&quot;no&quot;,&quot;_ob_allow_hoveranimator&quot;:&quot;no&quot;}\" data-widget_type=\"heading.default\">\n\t\t\t\t<div class=\"elementor-widget-container\">\n\t\t\t\t\t<h2 class=\"elementor-heading-title elementor-size-default\">Reg\u00edstrese para ver el caso pr\u00e1ctico<\/h2>\t\t\t\t<\/div>\n\t\t\t\t<\/div>\n\t\t<div class=\"elementor-element elementor-element-5dea8ea7 e-flex e-con-boxed e-con e-child\" data-id=\"5dea8ea7\" data-element_type=\"container\" data-e-type=\"container\" data-settings=\"{&quot;_ob_use_container_extras&quot;:&quot;no&quot;,&quot;_ob_column_hoveranimator&quot;:&quot;no&quot;,&quot;_ob_glider_is_slider&quot;:&quot;no&quot;,&quot;_ob_column_has_pseudo&quot;:&quot;no&quot;}\">\n\t\t\t\t\t<div class=\"e-con-inner\">\n\t\t<div class=\"elementor-element elementor-element-27cf92dc e-flex e-con-boxed e-con e-child\" data-id=\"27cf92dc\" data-element_type=\"container\" data-e-type=\"container\" data-settings=\"{&quot;background_background&quot;:&quot;classic&quot;,&quot;_ob_use_container_extras&quot;:&quot;no&quot;,&quot;_ob_column_hoveranimator&quot;:&quot;no&quot;,&quot;_ob_glider_is_slider&quot;:&quot;no&quot;,&quot;_ob_column_has_pseudo&quot;:&quot;no&quot;}\">\n\t\t\t\t\t<div class=\"e-con-inner\">\n\t\t\t\t<div class=\"elementor-element elementor-element-58e250e3 elementor-widget__width-initial ob-has-background-overlay elementor-widget elementor-widget-html\" data-id=\"58e250e3\" data-element_type=\"widget\" data-e-type=\"widget\" data-settings=\"{&quot;_ob_widget_stalker_use&quot;:&quot;no&quot;,&quot;_ob_poopart_use&quot;:&quot;yes&quot;,&quot;_ob_shadough_use&quot;:&quot;no&quot;,&quot;_ob_allow_hoveranimator&quot;:&quot;no&quot;}\" data-widget_type=\"html.default\">\n\t\t\t\t<div class=\"elementor-widget-container\">\n\t\t\t\t\t<script charset=\"utf-8\" type=\"text\/javascript\" src=\"\/\/js-eu1.hsforms.net\/forms\/embed\/v2.js\"><\/script>\n<script>\n  hbspt.forms.create({\n    portalId: \"25740744\",\n    formId: \"cf4ea6b8-d2f2-4388-a54c-215a769c74da\"\n  });\n<\/script>\t\t\t\t<\/div>\n\t\t\t\t<\/div>\n\t\t\t\t\t<\/div>\n\t\t\t\t<\/div>\n\t\t\t\t\t<\/div>\n\t\t\t\t<\/div>\n\t\t\t\t\t<\/div>\n\t\t\t\t<\/div>\n\t\t\t\t\t<\/div>\n\t\t\t\t<\/div>\n\t\t\t\t<\/div>\n\t\t","protected":false},"excerpt":{"rendered":"<p>T\u00fanel de llenado en caliente y enfriamiento para desodorante en barra y antitranspirante Descubra c\u00f3mo esta l\u00ednea con clasificaci\u00f3n ATEX para desodorantes en barra y antitranspirantes, dise\u00f1ada por Mengibar, alcanza una impresionante producci\u00f3n de 250 unidades por minuto. Equipada con clasificaci\u00f3n autom\u00e1tica de frascos, llenado en caliente, refrigeraci\u00f3n, tapado, eliminaci\u00f3n de envases e inversi\u00f3n de [&hellip;]<\/p>\n","protected":false},"author":14,"featured_media":0,"parent":0,"menu_order":0,"comment_status":"closed","ping_status":"closed","template":"","meta":{"_acf_changed":false,"content-type":"","footnotes":""},"class_list":["post-31675","page","type-page","status-publish","hentry"],"acf":[],"yoast_head":"<!-- This site is optimized with the Yoast SEO plugin v27.3 - https:\/\/yoast.com\/product\/yoast-seo-wordpress\/ -->\n<title>Ver estudio de caso: T\u00fanel de llenado en caliente y enfriamiento para desodorante en barra y antitranspirante - MENGIBAR - Packaging Machinery<\/title>\n<meta name=\"robots\" content=\"index, follow, max-snippet:-1, max-image-preview:large, max-video-preview:-1\" \/>\n<link rel=\"canonical\" href=\"https:\/\/www.mengibarfillers.com\/es\/ver-estudio-de-caso-tunel-de-llenado-en-caliente-y-enfriamiento-para-desodorante-en-barra-y-antitranspirante\/\" \/>\n<meta property=\"og:locale\" content=\"es_ES\" \/>\n<meta property=\"og:type\" content=\"article\" \/>\n<meta property=\"og:title\" content=\"Ver estudio de caso: T\u00fanel de llenado en caliente y enfriamiento para desodorante en barra y antitranspirante - MENGIBAR - Packaging Machinery\" \/>\n<meta property=\"og:description\" content=\"T\u00fanel de llenado en caliente y enfriamiento para desodorante en barra y antitranspirante Descubra c\u00f3mo esta l\u00ednea con clasificaci\u00f3n ATEX para desodorantes en barra y antitranspirantes, dise\u00f1ada por Mengibar, alcanza una impresionante producci\u00f3n de 250 unidades por minuto. Equipada con clasificaci\u00f3n autom\u00e1tica de frascos, llenado en caliente, refrigeraci\u00f3n, tapado, eliminaci\u00f3n de envases e inversi\u00f3n de [&hellip;]\" \/>\n<meta property=\"og:url\" content=\"https:\/\/www.mengibarfillers.com\/es\/ver-estudio-de-caso-tunel-de-llenado-en-caliente-y-enfriamiento-para-desodorante-en-barra-y-antitranspirante\/\" \/>\n<meta property=\"og:site_name\" content=\"MENGIBAR - Packaging Machinery\" \/>\n<meta property=\"article:modified_time\" content=\"2025-01-22T13:01:36+00:00\" \/>\n<meta property=\"og:image\" content=\"https:\/\/www.mengibarfillers.com\/wp-content\/uploads\/2025\/01\/Complete-atex-rated-line.png\" \/>\n\t<meta property=\"og:image:width\" content=\"594\" \/>\n\t<meta property=\"og:image:height\" content=\"274\" \/>\n\t<meta property=\"og:image:type\" content=\"image\/png\" \/>\n<meta name=\"twitter:card\" content=\"summary_large_image\" \/>\n<meta name=\"twitter:label1\" content=\"Tiempo de lectura\" \/>\n\t<meta name=\"twitter:data1\" content=\"1 minuto\" \/>\n<script type=\"application\/ld+json\" class=\"yoast-schema-graph\">{\"@context\":\"https:\\\/\\\/schema.org\",\"@graph\":[{\"@type\":\"WebPage\",\"@id\":\"https:\\\/\\\/www.mengibarfillers.com\\\/es\\\/ver-estudio-de-caso-tunel-de-llenado-en-caliente-y-enfriamiento-para-desodorante-en-barra-y-antitranspirante\\\/\",\"url\":\"https:\\\/\\\/www.mengibarfillers.com\\\/es\\\/ver-estudio-de-caso-tunel-de-llenado-en-caliente-y-enfriamiento-para-desodorante-en-barra-y-antitranspirante\\\/\",\"name\":\"Ver estudio de caso: T\u00fanel de llenado en caliente y enfriamiento para desodorante en barra y antitranspirante - MENGIBAR - Packaging Machinery\",\"isPartOf\":{\"@id\":\"https:\\\/\\\/www.mengibarfillers.com\\\/es\\\/#website\"},\"primaryImageOfPage\":{\"@id\":\"https:\\\/\\\/www.mengibarfillers.com\\\/es\\\/ver-estudio-de-caso-tunel-de-llenado-en-caliente-y-enfriamiento-para-desodorante-en-barra-y-antitranspirante\\\/#primaryimage\"},\"image\":{\"@id\":\"https:\\\/\\\/www.mengibarfillers.com\\\/es\\\/ver-estudio-de-caso-tunel-de-llenado-en-caliente-y-enfriamiento-para-desodorante-en-barra-y-antitranspirante\\\/#primaryimage\"},\"thumbnailUrl\":\"https:\\\/\\\/www.mengibarfillers.com\\\/wp-content\\\/uploads\\\/2025\\\/01\\\/Complete-atex-rated-line.png\",\"datePublished\":\"2025-01-22T12:26:55+00:00\",\"dateModified\":\"2025-01-22T13:01:36+00:00\",\"breadcrumb\":{\"@id\":\"https:\\\/\\\/www.mengibarfillers.com\\\/es\\\/ver-estudio-de-caso-tunel-de-llenado-en-caliente-y-enfriamiento-para-desodorante-en-barra-y-antitranspirante\\\/#breadcrumb\"},\"inLanguage\":\"es\",\"potentialAction\":[{\"@type\":\"ReadAction\",\"target\":[\"https:\\\/\\\/www.mengibarfillers.com\\\/es\\\/ver-estudio-de-caso-tunel-de-llenado-en-caliente-y-enfriamiento-para-desodorante-en-barra-y-antitranspirante\\\/\"]}]},{\"@type\":\"ImageObject\",\"inLanguage\":\"es\",\"@id\":\"https:\\\/\\\/www.mengibarfillers.com\\\/es\\\/ver-estudio-de-caso-tunel-de-llenado-en-caliente-y-enfriamiento-para-desodorante-en-barra-y-antitranspirante\\\/#primaryimage\",\"url\":\"https:\\\/\\\/www.mengibarfillers.com\\\/wp-content\\\/uploads\\\/2025\\\/01\\\/Complete-atex-rated-line.png\",\"contentUrl\":\"https:\\\/\\\/www.mengibarfillers.com\\\/wp-content\\\/uploads\\\/2025\\\/01\\\/Complete-atex-rated-line.png\"},{\"@type\":\"BreadcrumbList\",\"@id\":\"https:\\\/\\\/www.mengibarfillers.com\\\/es\\\/ver-estudio-de-caso-tunel-de-llenado-en-caliente-y-enfriamiento-para-desodorante-en-barra-y-antitranspirante\\\/#breadcrumb\",\"itemListElement\":[{\"@type\":\"ListItem\",\"position\":1,\"name\":\"Home\",\"item\":\"https:\\\/\\\/www.mengibarfillers.com\\\/es\\\/home\\\/\"},{\"@type\":\"ListItem\",\"position\":2,\"name\":\"Ver estudio de caso: T\u00fanel de llenado en caliente y enfriamiento para desodorante en barra y antitranspirante\"}]},{\"@type\":\"WebSite\",\"@id\":\"https:\\\/\\\/www.mengibarfillers.com\\\/es\\\/#website\",\"url\":\"https:\\\/\\\/www.mengibarfillers.com\\\/es\\\/\",\"name\":\"MENGIBAR - Packaging Machinery\",\"description\":\"\",\"publisher\":{\"@id\":\"https:\\\/\\\/www.mengibarfillers.com\\\/es\\\/#organization\"},\"potentialAction\":[{\"@type\":\"SearchAction\",\"target\":{\"@type\":\"EntryPoint\",\"urlTemplate\":\"https:\\\/\\\/www.mengibarfillers.com\\\/es\\\/?s={search_term_string}\"},\"query-input\":{\"@type\":\"PropertyValueSpecification\",\"valueRequired\":true,\"valueName\":\"search_term_string\"}}],\"inLanguage\":\"es\"},{\"@type\":\"Organization\",\"@id\":\"https:\\\/\\\/www.mengibarfillers.com\\\/es\\\/#organization\",\"name\":\"MENGIBAR - Packaging Machinery\",\"url\":\"https:\\\/\\\/www.mengibarfillers.com\\\/es\\\/\",\"logo\":{\"@type\":\"ImageObject\",\"inLanguage\":\"es\",\"@id\":\"https:\\\/\\\/www.mengibarfillers.com\\\/es\\\/#\\\/schema\\\/logo\\\/image\\\/\",\"url\":\"https:\\\/\\\/www.mengibarfillers.com\\\/wp-content\\\/uploads\\\/2023\\\/01\\\/logo-mengibar-color-250px.png\",\"contentUrl\":\"https:\\\/\\\/www.mengibarfillers.com\\\/wp-content\\\/uploads\\\/2023\\\/01\\\/logo-mengibar-color-250px.png\",\"width\":250,\"height\":53,\"caption\":\"MENGIBAR - Packaging Machinery\"},\"image\":{\"@id\":\"https:\\\/\\\/www.mengibarfillers.com\\\/es\\\/#\\\/schema\\\/logo\\\/image\\\/\"}}]}<\/script>\n<!-- \/ Yoast SEO plugin. -->","yoast_head_json":{"title":"Ver estudio de caso: T\u00fanel de llenado en caliente y enfriamiento para desodorante en barra y antitranspirante - MENGIBAR - Packaging Machinery","robots":{"index":"index","follow":"follow","max-snippet":"max-snippet:-1","max-image-preview":"max-image-preview:large","max-video-preview":"max-video-preview:-1"},"canonical":"https:\/\/www.mengibarfillers.com\/es\/ver-estudio-de-caso-tunel-de-llenado-en-caliente-y-enfriamiento-para-desodorante-en-barra-y-antitranspirante\/","og_locale":"es_ES","og_type":"article","og_title":"Ver estudio de caso: T\u00fanel de llenado en caliente y enfriamiento para desodorante en barra y antitranspirante - MENGIBAR - Packaging Machinery","og_description":"T\u00fanel de llenado en caliente y enfriamiento para desodorante en barra y antitranspirante Descubra c\u00f3mo esta l\u00ednea con clasificaci\u00f3n ATEX para desodorantes en barra y antitranspirantes, dise\u00f1ada por Mengibar, alcanza una impresionante producci\u00f3n de 250 unidades por minuto. Equipada con clasificaci\u00f3n autom\u00e1tica de frascos, llenado en caliente, refrigeraci\u00f3n, tapado, eliminaci\u00f3n de envases e inversi\u00f3n de [&hellip;]","og_url":"https:\/\/www.mengibarfillers.com\/es\/ver-estudio-de-caso-tunel-de-llenado-en-caliente-y-enfriamiento-para-desodorante-en-barra-y-antitranspirante\/","og_site_name":"MENGIBAR - Packaging Machinery","article_modified_time":"2025-01-22T13:01:36+00:00","og_image":[{"width":594,"height":274,"url":"https:\/\/www.mengibarfillers.com\/wp-content\/uploads\/2025\/01\/Complete-atex-rated-line.png","type":"image\/png"}],"twitter_card":"summary_large_image","twitter_misc":{"Tiempo de lectura":"1 minuto"},"schema":{"@context":"https:\/\/schema.org","@graph":[{"@type":"WebPage","@id":"https:\/\/www.mengibarfillers.com\/es\/ver-estudio-de-caso-tunel-de-llenado-en-caliente-y-enfriamiento-para-desodorante-en-barra-y-antitranspirante\/","url":"https:\/\/www.mengibarfillers.com\/es\/ver-estudio-de-caso-tunel-de-llenado-en-caliente-y-enfriamiento-para-desodorante-en-barra-y-antitranspirante\/","name":"Ver estudio de caso: T\u00fanel de llenado en caliente y enfriamiento para desodorante en barra y antitranspirante - MENGIBAR - Packaging Machinery","isPartOf":{"@id":"https:\/\/www.mengibarfillers.com\/es\/#website"},"primaryImageOfPage":{"@id":"https:\/\/www.mengibarfillers.com\/es\/ver-estudio-de-caso-tunel-de-llenado-en-caliente-y-enfriamiento-para-desodorante-en-barra-y-antitranspirante\/#primaryimage"},"image":{"@id":"https:\/\/www.mengibarfillers.com\/es\/ver-estudio-de-caso-tunel-de-llenado-en-caliente-y-enfriamiento-para-desodorante-en-barra-y-antitranspirante\/#primaryimage"},"thumbnailUrl":"https:\/\/www.mengibarfillers.com\/wp-content\/uploads\/2025\/01\/Complete-atex-rated-line.png","datePublished":"2025-01-22T12:26:55+00:00","dateModified":"2025-01-22T13:01:36+00:00","breadcrumb":{"@id":"https:\/\/www.mengibarfillers.com\/es\/ver-estudio-de-caso-tunel-de-llenado-en-caliente-y-enfriamiento-para-desodorante-en-barra-y-antitranspirante\/#breadcrumb"},"inLanguage":"es","potentialAction":[{"@type":"ReadAction","target":["https:\/\/www.mengibarfillers.com\/es\/ver-estudio-de-caso-tunel-de-llenado-en-caliente-y-enfriamiento-para-desodorante-en-barra-y-antitranspirante\/"]}]},{"@type":"ImageObject","inLanguage":"es","@id":"https:\/\/www.mengibarfillers.com\/es\/ver-estudio-de-caso-tunel-de-llenado-en-caliente-y-enfriamiento-para-desodorante-en-barra-y-antitranspirante\/#primaryimage","url":"https:\/\/www.mengibarfillers.com\/wp-content\/uploads\/2025\/01\/Complete-atex-rated-line.png","contentUrl":"https:\/\/www.mengibarfillers.com\/wp-content\/uploads\/2025\/01\/Complete-atex-rated-line.png"},{"@type":"BreadcrumbList","@id":"https:\/\/www.mengibarfillers.com\/es\/ver-estudio-de-caso-tunel-de-llenado-en-caliente-y-enfriamiento-para-desodorante-en-barra-y-antitranspirante\/#breadcrumb","itemListElement":[{"@type":"ListItem","position":1,"name":"Home","item":"https:\/\/www.mengibarfillers.com\/es\/home\/"},{"@type":"ListItem","position":2,"name":"Ver estudio de caso: T\u00fanel de llenado en caliente y enfriamiento para desodorante en barra y antitranspirante"}]},{"@type":"WebSite","@id":"https:\/\/www.mengibarfillers.com\/es\/#website","url":"https:\/\/www.mengibarfillers.com\/es\/","name":"MENGIBAR - Packaging Machinery","description":"","publisher":{"@id":"https:\/\/www.mengibarfillers.com\/es\/#organization"},"potentialAction":[{"@type":"SearchAction","target":{"@type":"EntryPoint","urlTemplate":"https:\/\/www.mengibarfillers.com\/es\/?s={search_term_string}"},"query-input":{"@type":"PropertyValueSpecification","valueRequired":true,"valueName":"search_term_string"}}],"inLanguage":"es"},{"@type":"Organization","@id":"https:\/\/www.mengibarfillers.com\/es\/#organization","name":"MENGIBAR - Packaging Machinery","url":"https:\/\/www.mengibarfillers.com\/es\/","logo":{"@type":"ImageObject","inLanguage":"es","@id":"https:\/\/www.mengibarfillers.com\/es\/#\/schema\/logo\/image\/","url":"https:\/\/www.mengibarfillers.com\/wp-content\/uploads\/2023\/01\/logo-mengibar-color-250px.png","contentUrl":"https:\/\/www.mengibarfillers.com\/wp-content\/uploads\/2023\/01\/logo-mengibar-color-250px.png","width":250,"height":53,"caption":"MENGIBAR - Packaging Machinery"},"image":{"@id":"https:\/\/www.mengibarfillers.com\/es\/#\/schema\/logo\/image\/"}}]}},"_links":{"self":[{"href":"https:\/\/www.mengibarfillers.com\/es\/wp-json\/wp\/v2\/pages\/31675","targetHints":{"allow":["GET"]}}],"collection":[{"href":"https:\/\/www.mengibarfillers.com\/es\/wp-json\/wp\/v2\/pages"}],"about":[{"href":"https:\/\/www.mengibarfillers.com\/es\/wp-json\/wp\/v2\/types\/page"}],"author":[{"embeddable":true,"href":"https:\/\/www.mengibarfillers.com\/es\/wp-json\/wp\/v2\/users\/14"}],"replies":[{"embeddable":true,"href":"https:\/\/www.mengibarfillers.com\/es\/wp-json\/wp\/v2\/comments?post=31675"}],"version-history":[{"count":1,"href":"https:\/\/www.mengibarfillers.com\/es\/wp-json\/wp\/v2\/pages\/31675\/revisions"}],"predecessor-version":[{"id":31676,"href":"https:\/\/www.mengibarfillers.com\/es\/wp-json\/wp\/v2\/pages\/31675\/revisions\/31676"}],"wp:attachment":[{"href":"https:\/\/www.mengibarfillers.com\/es\/wp-json\/wp\/v2\/media?parent=31675"}],"curies":[{"name":"wp","href":"https:\/\/api.w.org\/{rel}","templated":true}]}}