{"id":28750,"date":"2024-01-05T12:03:07","date_gmt":"2024-01-05T11:03:07","guid":{"rendered":"https:\/\/www.mengibarfillers.com\/ver-estudio-de-caso-monoblock-de-indexacion-multifuncional-para-diversas-aplicaciones\/"},"modified":"2024-01-05T12:26:00","modified_gmt":"2024-01-05T11:26:00","slug":"ver-estudio-de-caso-monoblock-de-indexacion-multifuncional-para-diversas-aplicaciones","status":"publish","type":"page","link":"https:\/\/www.mengibarfillers.com\/es\/ver-estudio-de-caso-monoblock-de-indexacion-multifuncional-para-diversas-aplicaciones\/","title":{"rendered":"Ver estudio de caso: Monoblock de indexaci\u00f3n multifuncional para diversas aplicaciones"},"content":{"rendered":"\t\t<div data-elementor-type=\"wp-page\" data-elementor-id=\"28750\" class=\"elementor elementor-28750 elementor-28742\" data-elementor-post-type=\"page\">\n\t\t\t\t<div class=\"elementor-element elementor-element-2bed410 e-flex e-con-boxed e-con e-parent\" data-id=\"2bed410\" data-element_type=\"container\" data-e-type=\"container\" data-settings=\"{&quot;background_background&quot;:&quot;classic&quot;,&quot;_ob_use_container_extras&quot;:&quot;no&quot;,&quot;_ob_column_hoveranimator&quot;:&quot;no&quot;,&quot;_ob_glider_is_slider&quot;:&quot;no&quot;,&quot;_ob_column_has_pseudo&quot;:&quot;no&quot;}\">\n\t\t\t\t\t<div class=\"e-con-inner\">\n\t\t<div class=\"elementor-element elementor-element-20c170ba e-flex e-con-boxed e-con e-parent\" data-id=\"20c170ba\" data-element_type=\"container\" data-e-type=\"container\" data-settings=\"{&quot;_ob_use_container_extras&quot;:&quot;no&quot;,&quot;_ob_column_hoveranimator&quot;:&quot;no&quot;,&quot;_ob_glider_is_slider&quot;:&quot;no&quot;,&quot;_ob_column_has_pseudo&quot;:&quot;no&quot;}\">\n\t\t\t\t\t<div class=\"e-con-inner\">\n\t\t\t\t<div class=\"elementor-element elementor-element-7e5ff6f2 ob-harakiri-inherit ob-has-background-overlay elementor-widget elementor-widget-heading\" data-id=\"7e5ff6f2\" data-element_type=\"widget\" data-e-type=\"widget\" data-settings=\"{&quot;_ob_use_harakiri&quot;:&quot;yes&quot;,&quot;_ob_harakiri_writing_mode&quot;:&quot;inherit&quot;,&quot;_ob_harakiri_text_clip&quot;:&quot;none&quot;,&quot;_ob_widget_stalker_use&quot;:&quot;no&quot;,&quot;_ob_poopart_use&quot;:&quot;yes&quot;,&quot;_ob_shadough_use&quot;:&quot;no&quot;,&quot;_ob_allow_hoveranimator&quot;:&quot;no&quot;}\" data-widget_type=\"heading.default\">\n\t\t\t\t<div class=\"elementor-widget-container\">\n\t\t\t\t\t<h2 class=\"elementor-heading-title elementor-size-default\">Monoblock de indexaci\u00f3n multifuncional para diversas aplicaciones<\/h2>\t\t\t\t<\/div>\n\t\t\t\t<\/div>\n\t\t\t\t<div class=\"elementor-element elementor-element-d7510ee ob-harakiri-inherit ob-has-background-overlay elementor-widget elementor-widget-text-editor\" data-id=\"d7510ee\" data-element_type=\"widget\" data-e-type=\"widget\" data-settings=\"{&quot;_ob_use_harakiri&quot;:&quot;yes&quot;,&quot;_ob_harakiri_writing_mode&quot;:&quot;inherit&quot;,&quot;_ob_postman_use&quot;:&quot;no&quot;,&quot;_ob_widget_stalker_use&quot;:&quot;no&quot;,&quot;_ob_poopart_use&quot;:&quot;yes&quot;,&quot;_ob_shadough_use&quot;:&quot;no&quot;,&quot;_ob_allow_hoveranimator&quot;:&quot;no&quot;}\" data-widget_type=\"text-editor.default\">\n\t\t\t\t<div class=\"elementor-widget-container\">\n\t\t\t\t\t\t\t\t\t<p>Descubra c\u00f3mo nuestro monoblock de indexaci\u00f3n multifuncional puede revolucionar sus operaciones de envasado, especialmente en las industrias de cuidado personal, cuidado de la salud y cuidado del hogar. Esta vers\u00e1til m\u00e1quina integra a la perfecci\u00f3n las operaciones de llenado, inserci\u00f3n de mecha + tap\u00f3n y tapado con rosca en una \u00fanica unidad compacta. Dise\u00f1ado para aplicaciones de velocidad moderada a baja, este modelo funciona a una notable velocidad de 50 unidades por minuto (u.p.m.), garantizando un envasado eficaz y uniforme de sus productos.<\/p>\n<p>Para obtener acceso exclusivo a este v\u00eddeo de \u00e9xito, le rogamos que rellene el siguiente formulario.<\/p>\n\t\t\t\t\t\t\t\t<\/div>\n\t\t\t\t<\/div>\n\t\t\t\t<div class=\"elementor-element elementor-element-30c2f70e ob-has-background-overlay elementor-widget elementor-widget-image\" data-id=\"30c2f70e\" data-element_type=\"widget\" data-e-type=\"widget\" data-settings=\"{&quot;_ob_photomorph_use&quot;:&quot;no&quot;,&quot;_ob_widget_stalker_use&quot;:&quot;no&quot;,&quot;_ob_poopart_use&quot;:&quot;yes&quot;,&quot;_ob_shadough_use&quot;:&quot;no&quot;,&quot;_ob_allow_hoveranimator&quot;:&quot;no&quot;}\" data-widget_type=\"image.default\">\n\t\t\t\t<div class=\"elementor-widget-container\">\n\t\t\t\t\t\t\t\t\t\t\t\t\t\t\t<img fetchpriority=\"high\" decoding=\"async\" width=\"594\" height=\"274\" src=\"https:\/\/www.mengibarfillers.com\/wp-content\/uploads\/2024\/01\/Multifunctional-Indexing-Monoblock-for-various-applications-.webp\" class=\"attachment-large size-large wp-image-28746\" alt=\"Multifunctional Indexing Monoblock for various applications in personal care, home care\" srcset=\"https:\/\/www.mengibarfillers.com\/wp-content\/uploads\/2024\/01\/Multifunctional-Indexing-Monoblock-for-various-applications-.webp 594w, https:\/\/www.mengibarfillers.com\/wp-content\/uploads\/2024\/01\/Multifunctional-Indexing-Monoblock-for-various-applications--300x138.webp 300w\" sizes=\"(max-width: 594px) 100vw, 594px\" \/>\t\t\t\t\t\t\t\t\t\t\t\t\t\t\t<\/div>\n\t\t\t\t<\/div>\n\t\t\t\t\t<\/div>\n\t\t\t\t<\/div>\n\t\t<div class=\"elementor-element elementor-element-568a5e55 e-flex e-con-boxed e-con e-parent\" data-id=\"568a5e55\" data-element_type=\"container\" data-e-type=\"container\" data-settings=\"{&quot;background_background&quot;:&quot;classic&quot;,&quot;_ob_use_container_extras&quot;:&quot;no&quot;,&quot;_ob_column_hoveranimator&quot;:&quot;no&quot;,&quot;_ob_glider_is_slider&quot;:&quot;no&quot;,&quot;_ob_column_has_pseudo&quot;:&quot;no&quot;}\">\n\t\t\t\t\t<div class=\"e-con-inner\">\n\t\t\t\t<div class=\"elementor-element elementor-element-9f8dbc7 ob-harakiri-inherit ob-has-background-overlay elementor-widget elementor-widget-heading\" data-id=\"9f8dbc7\" data-element_type=\"widget\" data-e-type=\"widget\" data-settings=\"{&quot;_ob_use_harakiri&quot;:&quot;yes&quot;,&quot;_ob_harakiri_writing_mode&quot;:&quot;inherit&quot;,&quot;_ob_harakiri_text_clip&quot;:&quot;none&quot;,&quot;_ob_widget_stalker_use&quot;:&quot;no&quot;,&quot;_ob_poopart_use&quot;:&quot;yes&quot;,&quot;_ob_shadough_use&quot;:&quot;no&quot;,&quot;_ob_allow_hoveranimator&quot;:&quot;no&quot;}\" data-widget_type=\"heading.default\">\n\t\t\t\t<div class=\"elementor-widget-container\">\n\t\t\t\t\t<h2 class=\"elementor-heading-title elementor-size-default\">Reg\u00edstrese para ver el caso pr\u00e1ctico<\/h2>\t\t\t\t<\/div>\n\t\t\t\t<\/div>\n\t\t<div class=\"elementor-element elementor-element-5dea8ea7 e-flex e-con-boxed e-con e-parent\" data-id=\"5dea8ea7\" data-element_type=\"container\" data-e-type=\"container\" data-settings=\"{&quot;_ob_use_container_extras&quot;:&quot;no&quot;,&quot;_ob_column_hoveranimator&quot;:&quot;no&quot;,&quot;_ob_glider_is_slider&quot;:&quot;no&quot;,&quot;_ob_column_has_pseudo&quot;:&quot;no&quot;}\">\n\t\t\t\t\t<div class=\"e-con-inner\">\n\t\t<div class=\"elementor-element elementor-element-27cf92dc e-flex e-con-boxed e-con e-parent\" data-id=\"27cf92dc\" data-element_type=\"container\" data-e-type=\"container\" data-settings=\"{&quot;background_background&quot;:&quot;classic&quot;,&quot;_ob_use_container_extras&quot;:&quot;no&quot;,&quot;_ob_column_hoveranimator&quot;:&quot;no&quot;,&quot;_ob_glider_is_slider&quot;:&quot;no&quot;,&quot;_ob_column_has_pseudo&quot;:&quot;no&quot;}\">\n\t\t\t\t\t<div class=\"e-con-inner\">\n\t\t\t\t<div class=\"elementor-element elementor-element-58e250e3 elementor-widget__width-initial ob-has-background-overlay elementor-widget elementor-widget-html\" data-id=\"58e250e3\" data-element_type=\"widget\" data-e-type=\"widget\" data-settings=\"{&quot;_ob_widget_stalker_use&quot;:&quot;no&quot;,&quot;_ob_poopart_use&quot;:&quot;yes&quot;,&quot;_ob_shadough_use&quot;:&quot;no&quot;,&quot;_ob_allow_hoveranimator&quot;:&quot;no&quot;}\" data-widget_type=\"html.default\">\n\t\t\t\t<div class=\"elementor-widget-container\">\n\t\t\t\t\t<script charset=\"utf-8\" type=\"text\/javascript\" src=\"\/\/js-eu1.hsforms.net\/forms\/embed\/v2.js\"><\/script>\n<script>\n  hbspt.forms.create({\n    region: \"eu1\",\n    portalId: \"25740744\",\n    formId: \"08038355-acf7-44bd-8dc6-fe15fabb3522\"\n  });\n<\/script>\t\t\t\t<\/div>\n\t\t\t\t<\/div>\n\t\t\t\t\t<\/div>\n\t\t\t\t<\/div>\n\t\t\t\t\t<\/div>\n\t\t\t\t<\/div>\n\t\t\t\t\t<\/div>\n\t\t\t\t<\/div>\n\t\t\t\t\t<\/div>\n\t\t\t\t<\/div>\n\t\t\t\t<\/div>\n\t\t","protected":false},"excerpt":{"rendered":"<p>Monoblock de indexaci\u00f3n multifuncional para diversas aplicaciones Descubra c\u00f3mo nuestro monoblock de indexaci\u00f3n multifuncional puede revolucionar sus operaciones de envasado, especialmente en las industrias de cuidado personal, cuidado de la salud y cuidado del hogar. Esta vers\u00e1til m\u00e1quina integra a la perfecci\u00f3n las operaciones de llenado, inserci\u00f3n de mecha + tap\u00f3n y tapado con rosca [&hellip;]<\/p>\n","protected":false},"author":6,"featured_media":0,"parent":0,"menu_order":0,"comment_status":"closed","ping_status":"closed","template":"","meta":{"_acf_changed":false,"content-type":"","footnotes":""},"class_list":["post-28750","page","type-page","status-publish","hentry"],"acf":[],"yoast_head":"<!-- This site is optimized with the Yoast SEO plugin v27.3 - https:\/\/yoast.com\/product\/yoast-seo-wordpress\/ -->\n<title>Ver estudio de caso: Monoblock de indexaci\u00f3n multifuncional para diversas aplicaciones - MENGIBAR - Packaging Machinery<\/title>\n<meta name=\"robots\" content=\"index, follow, max-snippet:-1, max-image-preview:large, max-video-preview:-1\" \/>\n<link rel=\"canonical\" href=\"https:\/\/www.mengibarfillers.com\/es\/ver-estudio-de-caso-monoblock-de-indexacion-multifuncional-para-diversas-aplicaciones\/\" \/>\n<meta property=\"og:locale\" content=\"es_ES\" \/>\n<meta property=\"og:type\" content=\"article\" \/>\n<meta property=\"og:title\" content=\"Ver estudio de caso: Monoblock de indexaci\u00f3n multifuncional para diversas aplicaciones - MENGIBAR - Packaging Machinery\" \/>\n<meta property=\"og:description\" content=\"Monoblock de indexaci\u00f3n multifuncional para diversas aplicaciones Descubra c\u00f3mo nuestro monoblock de indexaci\u00f3n multifuncional puede revolucionar sus operaciones de envasado, especialmente en las industrias de cuidado personal, cuidado de la salud y cuidado del hogar. Esta vers\u00e1til m\u00e1quina integra a la perfecci\u00f3n las operaciones de llenado, inserci\u00f3n de mecha + tap\u00f3n y tapado con rosca [&hellip;]\" \/>\n<meta property=\"og:url\" content=\"https:\/\/www.mengibarfillers.com\/es\/ver-estudio-de-caso-monoblock-de-indexacion-multifuncional-para-diversas-aplicaciones\/\" \/>\n<meta property=\"og:site_name\" content=\"MENGIBAR - Packaging Machinery\" \/>\n<meta property=\"article:modified_time\" content=\"2024-01-05T11:26:00+00:00\" \/>\n<meta property=\"og:image\" content=\"https:\/\/www.mengibarfillers.com\/wp-content\/uploads\/2024\/01\/Multifunctional-Indexing-Monoblock-for-various-applications-.webp\" \/>\n<meta name=\"twitter:card\" content=\"summary_large_image\" \/>\n<meta name=\"twitter:label1\" content=\"Tiempo de lectura\" \/>\n\t<meta name=\"twitter:data1\" content=\"1 minuto\" \/>\n<script type=\"application\/ld+json\" class=\"yoast-schema-graph\">{\"@context\":\"https:\\\/\\\/schema.org\",\"@graph\":[{\"@type\":\"WebPage\",\"@id\":\"https:\\\/\\\/www.mengibarfillers.com\\\/es\\\/ver-estudio-de-caso-monoblock-de-indexacion-multifuncional-para-diversas-aplicaciones\\\/\",\"url\":\"https:\\\/\\\/www.mengibarfillers.com\\\/es\\\/ver-estudio-de-caso-monoblock-de-indexacion-multifuncional-para-diversas-aplicaciones\\\/\",\"name\":\"Ver estudio de caso: Monoblock de indexaci\u00f3n multifuncional para diversas aplicaciones - MENGIBAR - Packaging Machinery\",\"isPartOf\":{\"@id\":\"https:\\\/\\\/www.mengibarfillers.com\\\/es\\\/#website\"},\"primaryImageOfPage\":{\"@id\":\"https:\\\/\\\/www.mengibarfillers.com\\\/es\\\/ver-estudio-de-caso-monoblock-de-indexacion-multifuncional-para-diversas-aplicaciones\\\/#primaryimage\"},\"image\":{\"@id\":\"https:\\\/\\\/www.mengibarfillers.com\\\/es\\\/ver-estudio-de-caso-monoblock-de-indexacion-multifuncional-para-diversas-aplicaciones\\\/#primaryimage\"},\"thumbnailUrl\":\"https:\\\/\\\/www.mengibarfillers.com\\\/wp-content\\\/uploads\\\/2024\\\/01\\\/Multifunctional-Indexing-Monoblock-for-various-applications-.webp\",\"datePublished\":\"2024-01-05T11:03:07+00:00\",\"dateModified\":\"2024-01-05T11:26:00+00:00\",\"breadcrumb\":{\"@id\":\"https:\\\/\\\/www.mengibarfillers.com\\\/es\\\/ver-estudio-de-caso-monoblock-de-indexacion-multifuncional-para-diversas-aplicaciones\\\/#breadcrumb\"},\"inLanguage\":\"es\",\"potentialAction\":[{\"@type\":\"ReadAction\",\"target\":[\"https:\\\/\\\/www.mengibarfillers.com\\\/es\\\/ver-estudio-de-caso-monoblock-de-indexacion-multifuncional-para-diversas-aplicaciones\\\/\"]}]},{\"@type\":\"ImageObject\",\"inLanguage\":\"es\",\"@id\":\"https:\\\/\\\/www.mengibarfillers.com\\\/es\\\/ver-estudio-de-caso-monoblock-de-indexacion-multifuncional-para-diversas-aplicaciones\\\/#primaryimage\",\"url\":\"https:\\\/\\\/www.mengibarfillers.com\\\/wp-content\\\/uploads\\\/2024\\\/01\\\/Multifunctional-Indexing-Monoblock-for-various-applications-.webp\",\"contentUrl\":\"https:\\\/\\\/www.mengibarfillers.com\\\/wp-content\\\/uploads\\\/2024\\\/01\\\/Multifunctional-Indexing-Monoblock-for-various-applications-.webp\"},{\"@type\":\"BreadcrumbList\",\"@id\":\"https:\\\/\\\/www.mengibarfillers.com\\\/es\\\/ver-estudio-de-caso-monoblock-de-indexacion-multifuncional-para-diversas-aplicaciones\\\/#breadcrumb\",\"itemListElement\":[{\"@type\":\"ListItem\",\"position\":1,\"name\":\"Home\",\"item\":\"https:\\\/\\\/www.mengibarfillers.com\\\/es\\\/home\\\/\"},{\"@type\":\"ListItem\",\"position\":2,\"name\":\"Ver estudio de caso: Monoblock de indexaci\u00f3n multifuncional para diversas aplicaciones\"}]},{\"@type\":\"WebSite\",\"@id\":\"https:\\\/\\\/www.mengibarfillers.com\\\/es\\\/#website\",\"url\":\"https:\\\/\\\/www.mengibarfillers.com\\\/es\\\/\",\"name\":\"MENGIBAR - Packaging Machinery\",\"description\":\"\",\"publisher\":{\"@id\":\"https:\\\/\\\/www.mengibarfillers.com\\\/es\\\/#organization\"},\"potentialAction\":[{\"@type\":\"SearchAction\",\"target\":{\"@type\":\"EntryPoint\",\"urlTemplate\":\"https:\\\/\\\/www.mengibarfillers.com\\\/es\\\/?s={search_term_string}\"},\"query-input\":{\"@type\":\"PropertyValueSpecification\",\"valueRequired\":true,\"valueName\":\"search_term_string\"}}],\"inLanguage\":\"es\"},{\"@type\":\"Organization\",\"@id\":\"https:\\\/\\\/www.mengibarfillers.com\\\/es\\\/#organization\",\"name\":\"MENGIBAR - Packaging Machinery\",\"url\":\"https:\\\/\\\/www.mengibarfillers.com\\\/es\\\/\",\"logo\":{\"@type\":\"ImageObject\",\"inLanguage\":\"es\",\"@id\":\"https:\\\/\\\/www.mengibarfillers.com\\\/es\\\/#\\\/schema\\\/logo\\\/image\\\/\",\"url\":\"https:\\\/\\\/www.mengibarfillers.com\\\/wp-content\\\/uploads\\\/2023\\\/01\\\/logo-mengibar-color-250px.png\",\"contentUrl\":\"https:\\\/\\\/www.mengibarfillers.com\\\/wp-content\\\/uploads\\\/2023\\\/01\\\/logo-mengibar-color-250px.png\",\"width\":250,\"height\":53,\"caption\":\"MENGIBAR - Packaging Machinery\"},\"image\":{\"@id\":\"https:\\\/\\\/www.mengibarfillers.com\\\/es\\\/#\\\/schema\\\/logo\\\/image\\\/\"}}]}<\/script>\n<!-- \/ Yoast SEO plugin. -->","yoast_head_json":{"title":"Ver estudio de caso: Monoblock de indexaci\u00f3n multifuncional para diversas aplicaciones - MENGIBAR - Packaging Machinery","robots":{"index":"index","follow":"follow","max-snippet":"max-snippet:-1","max-image-preview":"max-image-preview:large","max-video-preview":"max-video-preview:-1"},"canonical":"https:\/\/www.mengibarfillers.com\/es\/ver-estudio-de-caso-monoblock-de-indexacion-multifuncional-para-diversas-aplicaciones\/","og_locale":"es_ES","og_type":"article","og_title":"Ver estudio de caso: Monoblock de indexaci\u00f3n multifuncional para diversas aplicaciones - MENGIBAR - Packaging Machinery","og_description":"Monoblock de indexaci\u00f3n multifuncional para diversas aplicaciones Descubra c\u00f3mo nuestro monoblock de indexaci\u00f3n multifuncional puede revolucionar sus operaciones de envasado, especialmente en las industrias de cuidado personal, cuidado de la salud y cuidado del hogar. Esta vers\u00e1til m\u00e1quina integra a la perfecci\u00f3n las operaciones de llenado, inserci\u00f3n de mecha + tap\u00f3n y tapado con rosca [&hellip;]","og_url":"https:\/\/www.mengibarfillers.com\/es\/ver-estudio-de-caso-monoblock-de-indexacion-multifuncional-para-diversas-aplicaciones\/","og_site_name":"MENGIBAR - Packaging Machinery","article_modified_time":"2024-01-05T11:26:00+00:00","og_image":[{"url":"https:\/\/www.mengibarfillers.com\/wp-content\/uploads\/2024\/01\/Multifunctional-Indexing-Monoblock-for-various-applications-.webp","type":"","width":"","height":""}],"twitter_card":"summary_large_image","twitter_misc":{"Tiempo de lectura":"1 minuto"},"schema":{"@context":"https:\/\/schema.org","@graph":[{"@type":"WebPage","@id":"https:\/\/www.mengibarfillers.com\/es\/ver-estudio-de-caso-monoblock-de-indexacion-multifuncional-para-diversas-aplicaciones\/","url":"https:\/\/www.mengibarfillers.com\/es\/ver-estudio-de-caso-monoblock-de-indexacion-multifuncional-para-diversas-aplicaciones\/","name":"Ver estudio de caso: Monoblock de indexaci\u00f3n multifuncional para diversas aplicaciones - MENGIBAR - Packaging Machinery","isPartOf":{"@id":"https:\/\/www.mengibarfillers.com\/es\/#website"},"primaryImageOfPage":{"@id":"https:\/\/www.mengibarfillers.com\/es\/ver-estudio-de-caso-monoblock-de-indexacion-multifuncional-para-diversas-aplicaciones\/#primaryimage"},"image":{"@id":"https:\/\/www.mengibarfillers.com\/es\/ver-estudio-de-caso-monoblock-de-indexacion-multifuncional-para-diversas-aplicaciones\/#primaryimage"},"thumbnailUrl":"https:\/\/www.mengibarfillers.com\/wp-content\/uploads\/2024\/01\/Multifunctional-Indexing-Monoblock-for-various-applications-.webp","datePublished":"2024-01-05T11:03:07+00:00","dateModified":"2024-01-05T11:26:00+00:00","breadcrumb":{"@id":"https:\/\/www.mengibarfillers.com\/es\/ver-estudio-de-caso-monoblock-de-indexacion-multifuncional-para-diversas-aplicaciones\/#breadcrumb"},"inLanguage":"es","potentialAction":[{"@type":"ReadAction","target":["https:\/\/www.mengibarfillers.com\/es\/ver-estudio-de-caso-monoblock-de-indexacion-multifuncional-para-diversas-aplicaciones\/"]}]},{"@type":"ImageObject","inLanguage":"es","@id":"https:\/\/www.mengibarfillers.com\/es\/ver-estudio-de-caso-monoblock-de-indexacion-multifuncional-para-diversas-aplicaciones\/#primaryimage","url":"https:\/\/www.mengibarfillers.com\/wp-content\/uploads\/2024\/01\/Multifunctional-Indexing-Monoblock-for-various-applications-.webp","contentUrl":"https:\/\/www.mengibarfillers.com\/wp-content\/uploads\/2024\/01\/Multifunctional-Indexing-Monoblock-for-various-applications-.webp"},{"@type":"BreadcrumbList","@id":"https:\/\/www.mengibarfillers.com\/es\/ver-estudio-de-caso-monoblock-de-indexacion-multifuncional-para-diversas-aplicaciones\/#breadcrumb","itemListElement":[{"@type":"ListItem","position":1,"name":"Home","item":"https:\/\/www.mengibarfillers.com\/es\/home\/"},{"@type":"ListItem","position":2,"name":"Ver estudio de caso: Monoblock de indexaci\u00f3n multifuncional para diversas aplicaciones"}]},{"@type":"WebSite","@id":"https:\/\/www.mengibarfillers.com\/es\/#website","url":"https:\/\/www.mengibarfillers.com\/es\/","name":"MENGIBAR - Packaging Machinery","description":"","publisher":{"@id":"https:\/\/www.mengibarfillers.com\/es\/#organization"},"potentialAction":[{"@type":"SearchAction","target":{"@type":"EntryPoint","urlTemplate":"https:\/\/www.mengibarfillers.com\/es\/?s={search_term_string}"},"query-input":{"@type":"PropertyValueSpecification","valueRequired":true,"valueName":"search_term_string"}}],"inLanguage":"es"},{"@type":"Organization","@id":"https:\/\/www.mengibarfillers.com\/es\/#organization","name":"MENGIBAR - Packaging Machinery","url":"https:\/\/www.mengibarfillers.com\/es\/","logo":{"@type":"ImageObject","inLanguage":"es","@id":"https:\/\/www.mengibarfillers.com\/es\/#\/schema\/logo\/image\/","url":"https:\/\/www.mengibarfillers.com\/wp-content\/uploads\/2023\/01\/logo-mengibar-color-250px.png","contentUrl":"https:\/\/www.mengibarfillers.com\/wp-content\/uploads\/2023\/01\/logo-mengibar-color-250px.png","width":250,"height":53,"caption":"MENGIBAR - Packaging Machinery"},"image":{"@id":"https:\/\/www.mengibarfillers.com\/es\/#\/schema\/logo\/image\/"}}]}},"_links":{"self":[{"href":"https:\/\/www.mengibarfillers.com\/es\/wp-json\/wp\/v2\/pages\/28750","targetHints":{"allow":["GET"]}}],"collection":[{"href":"https:\/\/www.mengibarfillers.com\/es\/wp-json\/wp\/v2\/pages"}],"about":[{"href":"https:\/\/www.mengibarfillers.com\/es\/wp-json\/wp\/v2\/types\/page"}],"author":[{"embeddable":true,"href":"https:\/\/www.mengibarfillers.com\/es\/wp-json\/wp\/v2\/users\/6"}],"replies":[{"embeddable":true,"href":"https:\/\/www.mengibarfillers.com\/es\/wp-json\/wp\/v2\/comments?post=28750"}],"version-history":[{"count":4,"href":"https:\/\/www.mengibarfillers.com\/es\/wp-json\/wp\/v2\/pages\/28750\/revisions"}],"predecessor-version":[{"id":28754,"href":"https:\/\/www.mengibarfillers.com\/es\/wp-json\/wp\/v2\/pages\/28750\/revisions\/28754"}],"wp:attachment":[{"href":"https:\/\/www.mengibarfillers.com\/es\/wp-json\/wp\/v2\/media?parent=28750"}],"curies":[{"name":"wp","href":"https:\/\/api.w.org\/{rel}","templated":true}]}}