{"id":24403,"date":"2023-06-15T09:53:40","date_gmt":"2023-06-15T07:53:40","guid":{"rendered":"https:\/\/nova.mengibar.es\/ver-caso-de-exito-llenado-de-inhalador-nasal-con-tapon-de-spray-y-tapado-con-rosca\/"},"modified":"2023-11-28T12:01:43","modified_gmt":"2023-11-28T11:01:43","slug":"ver-caso-de-exito-llenado-de-inhalador-nasal-con-tapon-de-spray-y-tapado-con-rosca","status":"publish","type":"page","link":"https:\/\/www.mengibarfillers.com\/es\/ver-caso-de-exito-llenado-de-inhalador-nasal-con-tapon-de-spray-y-tapado-con-rosca\/","title":{"rendered":"Ver caso de \u00e9xito: Llenado de inhalador nasal, con tap\u00f3n de spray y tapado con rosca"},"content":{"rendered":"\t\t<div data-elementor-type=\"wp-page\" data-elementor-id=\"24403\" class=\"elementor elementor-24403 elementor-24344\" data-elementor-post-type=\"page\">\n\t\t\t\t<div class=\"elementor-element elementor-element-8cf3742 e-flex e-con-boxed e-con e-parent\" data-id=\"8cf3742\" data-element_type=\"container\" data-e-type=\"container\" data-settings=\"{&quot;background_background&quot;:&quot;classic&quot;,&quot;_ob_use_container_extras&quot;:&quot;no&quot;,&quot;_ob_column_hoveranimator&quot;:&quot;no&quot;,&quot;_ob_glider_is_slider&quot;:&quot;no&quot;,&quot;_ob_column_has_pseudo&quot;:&quot;no&quot;}\">\n\t\t\t\t\t<div class=\"e-con-inner\">\n\t\t<div class=\"elementor-element elementor-element-79967ff e-flex e-con-boxed e-con e-parent\" data-id=\"79967ff\" data-element_type=\"container\" data-e-type=\"container\" data-settings=\"{&quot;_ob_use_container_extras&quot;:&quot;no&quot;,&quot;_ob_column_hoveranimator&quot;:&quot;no&quot;,&quot;_ob_glider_is_slider&quot;:&quot;no&quot;,&quot;_ob_column_has_pseudo&quot;:&quot;no&quot;}\">\n\t\t\t\t\t<div class=\"e-con-inner\">\n\t\t\t\t<div class=\"elementor-element elementor-element-953c08c ob-harakiri-inherit ob-has-background-overlay elementor-widget elementor-widget-heading\" data-id=\"953c08c\" data-element_type=\"widget\" data-e-type=\"widget\" data-settings=\"{&quot;_ob_use_harakiri&quot;:&quot;yes&quot;,&quot;_ob_harakiri_writing_mode&quot;:&quot;inherit&quot;,&quot;_ob_harakiri_text_clip&quot;:&quot;none&quot;,&quot;_ob_widget_stalker_use&quot;:&quot;no&quot;,&quot;_ob_poopart_use&quot;:&quot;yes&quot;,&quot;_ob_shadough_use&quot;:&quot;no&quot;,&quot;_ob_allow_hoveranimator&quot;:&quot;no&quot;}\" data-widget_type=\"heading.default\">\n\t\t\t\t<div class=\"elementor-widget-container\">\n\t\t\t\t\t<h1 class=\"elementor-heading-title elementor-size-default\">Llenado de inhalador nasal, con tap\u00f3n de spray y tapado con rosca<\/h1>\t\t\t\t<\/div>\n\t\t\t\t<\/div>\n\t\t\t\t<div class=\"elementor-element elementor-element-15a2c5f ob-harakiri-inherit ob-has-background-overlay elementor-widget elementor-widget-text-editor\" data-id=\"15a2c5f\" data-element_type=\"widget\" data-e-type=\"widget\" data-settings=\"{&quot;_ob_use_harakiri&quot;:&quot;yes&quot;,&quot;_ob_harakiri_writing_mode&quot;:&quot;inherit&quot;,&quot;_ob_postman_use&quot;:&quot;no&quot;,&quot;_ob_widget_stalker_use&quot;:&quot;no&quot;,&quot;_ob_poopart_use&quot;:&quot;yes&quot;,&quot;_ob_shadough_use&quot;:&quot;no&quot;,&quot;_ob_allow_hoveranimator&quot;:&quot;no&quot;}\" data-widget_type=\"text-editor.default\">\n\t\t\t\t<div class=\"elementor-widget-container\">\n\t\t\t\t\t\t\t\t\t<p>Descubre los secretos del \u00e9xito de Mengibar: &#8216;Control de Flujo Inteligente&#8217; y &#8216;Precisi\u00f3n Mejorada&#8217;. Experimenta una desviaci\u00f3n est\u00e1ndar notable de solo 0.03 gramos desde la primera hasta la \u00faltima botella, con micro paradas incluidas. Con un proceso de cambio sin problemas y un sistema automatizado para ajustes precisos, explora la excelencia est\u00e1ndar del equipamiento de Mengibar.<\/p>\n<p>Para obtener acceso exclusivo a este inspirador caso de \u00e9xito, le solicitamos que complete el siguiente formulario.<\/p>\n\t\t\t\t\t\t\t\t<\/div>\n\t\t\t\t<\/div>\n\t\t\t\t<div class=\"elementor-element elementor-element-f43c76e ob-has-background-overlay elementor-widget elementor-widget-image\" data-id=\"f43c76e\" data-element_type=\"widget\" data-e-type=\"widget\" data-settings=\"{&quot;_ob_photomorph_use&quot;:&quot;no&quot;,&quot;_ob_widget_stalker_use&quot;:&quot;no&quot;,&quot;_ob_poopart_use&quot;:&quot;yes&quot;,&quot;_ob_shadough_use&quot;:&quot;no&quot;,&quot;_ob_allow_hoveranimator&quot;:&quot;no&quot;}\" data-widget_type=\"image.default\">\n\t\t\t\t<div class=\"elementor-widget-container\">\n\t\t\t\t\t\t\t\t\t\t\t\t\t\t\t<img fetchpriority=\"high\" decoding=\"async\" width=\"594\" height=\"274\" src=\"https:\/\/www.mengibarfillers.com\/wp-content\/uploads\/2023\/06\/Nasal-Spray-Filling-Spray-Inserting-and-Screw-Capping-Monoblock-1.jpg\" class=\"attachment-large size-large wp-image-24035\" alt=\"\" srcset=\"https:\/\/www.mengibarfillers.com\/wp-content\/uploads\/2023\/06\/Nasal-Spray-Filling-Spray-Inserting-and-Screw-Capping-Monoblock-1.jpg 594w, https:\/\/www.mengibarfillers.com\/wp-content\/uploads\/2023\/06\/Nasal-Spray-Filling-Spray-Inserting-and-Screw-Capping-Monoblock-1-300x138.jpg 300w\" sizes=\"(max-width: 594px) 100vw, 594px\" \/>\t\t\t\t\t\t\t\t\t\t\t\t\t\t\t<\/div>\n\t\t\t\t<\/div>\n\t\t\t\t\t<\/div>\n\t\t\t\t<\/div>\n\t\t<div class=\"elementor-element elementor-element-c803885 e-flex e-con-boxed e-con e-parent\" data-id=\"c803885\" data-element_type=\"container\" data-e-type=\"container\" data-settings=\"{&quot;background_background&quot;:&quot;classic&quot;,&quot;_ob_use_container_extras&quot;:&quot;no&quot;,&quot;_ob_column_hoveranimator&quot;:&quot;no&quot;,&quot;_ob_glider_is_slider&quot;:&quot;no&quot;,&quot;_ob_column_has_pseudo&quot;:&quot;no&quot;}\">\n\t\t\t\t\t<div class=\"e-con-inner\">\n\t\t\t\t<div class=\"elementor-element elementor-element-16d6c45 ob-harakiri-inherit ob-has-background-overlay elementor-widget elementor-widget-heading\" data-id=\"16d6c45\" data-element_type=\"widget\" data-e-type=\"widget\" data-settings=\"{&quot;_ob_use_harakiri&quot;:&quot;yes&quot;,&quot;_ob_harakiri_writing_mode&quot;:&quot;inherit&quot;,&quot;_ob_harakiri_text_clip&quot;:&quot;none&quot;,&quot;_ob_widget_stalker_use&quot;:&quot;no&quot;,&quot;_ob_poopart_use&quot;:&quot;yes&quot;,&quot;_ob_shadough_use&quot;:&quot;no&quot;,&quot;_ob_allow_hoveranimator&quot;:&quot;no&quot;}\" data-widget_type=\"heading.default\">\n\t\t\t\t<div class=\"elementor-widget-container\">\n\t\t\t\t\t<h2 class=\"elementor-heading-title elementor-size-default\">Reg\u00edstrese para ver el caso pr\u00e1ctico<\/h2>\t\t\t\t<\/div>\n\t\t\t\t<\/div>\n\t\t<div class=\"elementor-element elementor-element-aadbcee e-flex e-con-boxed e-con e-parent\" data-id=\"aadbcee\" data-element_type=\"container\" data-e-type=\"container\" data-settings=\"{&quot;_ob_use_container_extras&quot;:&quot;no&quot;,&quot;_ob_column_hoveranimator&quot;:&quot;no&quot;,&quot;_ob_glider_is_slider&quot;:&quot;no&quot;,&quot;_ob_column_has_pseudo&quot;:&quot;no&quot;}\">\n\t\t\t\t\t<div class=\"e-con-inner\">\n\t\t<div class=\"elementor-element elementor-element-81c6407 e-flex e-con-boxed e-con e-parent\" data-id=\"81c6407\" data-element_type=\"container\" data-e-type=\"container\" data-settings=\"{&quot;background_background&quot;:&quot;classic&quot;,&quot;_ob_use_container_extras&quot;:&quot;no&quot;,&quot;_ob_column_hoveranimator&quot;:&quot;no&quot;,&quot;_ob_glider_is_slider&quot;:&quot;no&quot;,&quot;_ob_column_has_pseudo&quot;:&quot;no&quot;}\">\n\t\t\t\t\t<div class=\"e-con-inner\">\n\t\t\t\t<div class=\"elementor-element elementor-element-a10aa51 elementor-widget__width-initial ob-has-background-overlay elementor-widget elementor-widget-html\" data-id=\"a10aa51\" data-element_type=\"widget\" data-e-type=\"widget\" data-settings=\"{&quot;_ob_widget_stalker_use&quot;:&quot;no&quot;,&quot;_ob_poopart_use&quot;:&quot;yes&quot;,&quot;_ob_shadough_use&quot;:&quot;no&quot;,&quot;_ob_allow_hoveranimator&quot;:&quot;no&quot;}\" data-widget_type=\"html.default\">\n\t\t\t\t<div class=\"elementor-widget-container\">\n\t\t\t\t\t<script charset=\"utf-8\" type=\"text\/javascript\" src=\"\/\/js-eu1.hsforms.net\/forms\/embed\/v2.js\"><\/script>\n<script>\n  hbspt.forms.create({\n    region: \"eu1\",\n    portalId: \"25740744\",\n    formId: \"2a489d8b-72f5-4328-a350-f562983bf97e\"\n  });\n<\/script>\t\t\t\t<\/div>\n\t\t\t\t<\/div>\n\t\t\t\t\t<\/div>\n\t\t\t\t<\/div>\n\t\t\t\t\t<\/div>\n\t\t\t\t<\/div>\n\t\t\t\t\t<\/div>\n\t\t\t\t<\/div>\n\t\t\t\t\t<\/div>\n\t\t\t\t<\/div>\n\t\t\t\t<\/div>\n\t\t","protected":false},"excerpt":{"rendered":"<p>Llenado de inhalador nasal, con tap\u00f3n de spray y tapado con rosca Descubre los secretos del \u00e9xito de Mengibar: &#8216;Control de Flujo Inteligente&#8217; y &#8216;Precisi\u00f3n Mejorada&#8217;. Experimenta una desviaci\u00f3n est\u00e1ndar notable de solo 0.03 gramos desde la primera hasta la \u00faltima botella, con micro paradas incluidas. Con un proceso de cambio sin problemas y un [&hellip;]<\/p>\n","protected":false},"author":6,"featured_media":0,"parent":0,"menu_order":0,"comment_status":"closed","ping_status":"closed","template":"","meta":{"_acf_changed":false,"content-type":"","footnotes":""},"class_list":["post-24403","page","type-page","status-publish","hentry"],"acf":[],"yoast_head":"<!-- This site is optimized with the Yoast SEO plugin v27.3 - https:\/\/yoast.com\/product\/yoast-seo-wordpress\/ -->\n<title>Caso pr\u00e1ctico: Llenado y tapado de aerosoles nasales - Mengibar<\/title>\n<meta name=\"description\" content=\"Con un proceso de cambio sin problemas y un sistema automatizado para ajustes precisos, explora la excelencia est\u00e1ndar del equipamiento de Mengibar.\" \/>\n<meta name=\"robots\" content=\"index, follow, max-snippet:-1, max-image-preview:large, max-video-preview:-1\" \/>\n<link rel=\"canonical\" href=\"https:\/\/www.mengibarfillers.com\/es\/ver-caso-de-exito-llenado-de-inhalador-nasal-con-tapon-de-spray-y-tapado-con-rosca\/\" \/>\n<meta property=\"og:locale\" content=\"es_ES\" \/>\n<meta property=\"og:type\" content=\"article\" \/>\n<meta property=\"og:title\" content=\"Caso pr\u00e1ctico: Llenado y tapado de aerosoles nasales - Mengibar\" \/>\n<meta property=\"og:description\" content=\"Con un proceso de cambio sin problemas y un sistema automatizado para ajustes precisos, explora la excelencia est\u00e1ndar del equipamiento de Mengibar.\" \/>\n<meta property=\"og:url\" content=\"https:\/\/www.mengibarfillers.com\/es\/ver-caso-de-exito-llenado-de-inhalador-nasal-con-tapon-de-spray-y-tapado-con-rosca\/\" \/>\n<meta property=\"og:site_name\" content=\"MENGIBAR - Packaging Machinery\" \/>\n<meta property=\"article:modified_time\" content=\"2023-11-28T11:01:43+00:00\" \/>\n<meta property=\"og:image\" content=\"https:\/\/www.mengibarfillers.com\/wp-content\/uploads\/2023\/06\/Nasal-Spray-Filling-Spray-Inserting-and-Screw-Capping-Monoblock-1.jpg\" \/>\n<meta name=\"twitter:card\" content=\"summary_large_image\" \/>\n<script type=\"application\/ld+json\" class=\"yoast-schema-graph\">{\"@context\":\"https:\\\/\\\/schema.org\",\"@graph\":[{\"@type\":\"WebPage\",\"@id\":\"https:\\\/\\\/www.mengibarfillers.com\\\/es\\\/ver-caso-de-exito-llenado-de-inhalador-nasal-con-tapon-de-spray-y-tapado-con-rosca\\\/\",\"url\":\"https:\\\/\\\/www.mengibarfillers.com\\\/es\\\/ver-caso-de-exito-llenado-de-inhalador-nasal-con-tapon-de-spray-y-tapado-con-rosca\\\/\",\"name\":\"Caso pr\u00e1ctico: Llenado y tapado de aerosoles nasales - Mengibar\",\"isPartOf\":{\"@id\":\"https:\\\/\\\/www.mengibarfillers.com\\\/es\\\/#website\"},\"primaryImageOfPage\":{\"@id\":\"https:\\\/\\\/www.mengibarfillers.com\\\/es\\\/ver-caso-de-exito-llenado-de-inhalador-nasal-con-tapon-de-spray-y-tapado-con-rosca\\\/#primaryimage\"},\"image\":{\"@id\":\"https:\\\/\\\/www.mengibarfillers.com\\\/es\\\/ver-caso-de-exito-llenado-de-inhalador-nasal-con-tapon-de-spray-y-tapado-con-rosca\\\/#primaryimage\"},\"thumbnailUrl\":\"https:\\\/\\\/www.mengibarfillers.com\\\/wp-content\\\/uploads\\\/2023\\\/06\\\/Nasal-Spray-Filling-Spray-Inserting-and-Screw-Capping-Monoblock-1.jpg\",\"datePublished\":\"2023-06-15T07:53:40+00:00\",\"dateModified\":\"2023-11-28T11:01:43+00:00\",\"description\":\"Con un proceso de cambio sin problemas y un sistema automatizado para ajustes precisos, explora la excelencia est\u00e1ndar del equipamiento de Mengibar.\",\"breadcrumb\":{\"@id\":\"https:\\\/\\\/www.mengibarfillers.com\\\/es\\\/ver-caso-de-exito-llenado-de-inhalador-nasal-con-tapon-de-spray-y-tapado-con-rosca\\\/#breadcrumb\"},\"inLanguage\":\"es\",\"potentialAction\":[{\"@type\":\"ReadAction\",\"target\":[\"https:\\\/\\\/www.mengibarfillers.com\\\/es\\\/ver-caso-de-exito-llenado-de-inhalador-nasal-con-tapon-de-spray-y-tapado-con-rosca\\\/\"]}]},{\"@type\":\"ImageObject\",\"inLanguage\":\"es\",\"@id\":\"https:\\\/\\\/www.mengibarfillers.com\\\/es\\\/ver-caso-de-exito-llenado-de-inhalador-nasal-con-tapon-de-spray-y-tapado-con-rosca\\\/#primaryimage\",\"url\":\"https:\\\/\\\/www.mengibarfillers.com\\\/wp-content\\\/uploads\\\/2023\\\/06\\\/Nasal-Spray-Filling-Spray-Inserting-and-Screw-Capping-Monoblock-1.jpg\",\"contentUrl\":\"https:\\\/\\\/www.mengibarfillers.com\\\/wp-content\\\/uploads\\\/2023\\\/06\\\/Nasal-Spray-Filling-Spray-Inserting-and-Screw-Capping-Monoblock-1.jpg\"},{\"@type\":\"BreadcrumbList\",\"@id\":\"https:\\\/\\\/www.mengibarfillers.com\\\/es\\\/ver-caso-de-exito-llenado-de-inhalador-nasal-con-tapon-de-spray-y-tapado-con-rosca\\\/#breadcrumb\",\"itemListElement\":[{\"@type\":\"ListItem\",\"position\":1,\"name\":\"Home\",\"item\":\"https:\\\/\\\/www.mengibarfillers.com\\\/es\\\/home\\\/\"},{\"@type\":\"ListItem\",\"position\":2,\"name\":\"Ver caso de \u00e9xito: Llenado de inhalador nasal, con tap\u00f3n de spray y tapado con rosca\"}]},{\"@type\":\"WebSite\",\"@id\":\"https:\\\/\\\/www.mengibarfillers.com\\\/es\\\/#website\",\"url\":\"https:\\\/\\\/www.mengibarfillers.com\\\/es\\\/\",\"name\":\"MENGIBAR - Packaging Machinery\",\"description\":\"\",\"publisher\":{\"@id\":\"https:\\\/\\\/www.mengibarfillers.com\\\/es\\\/#organization\"},\"potentialAction\":[{\"@type\":\"SearchAction\",\"target\":{\"@type\":\"EntryPoint\",\"urlTemplate\":\"https:\\\/\\\/www.mengibarfillers.com\\\/es\\\/?s={search_term_string}\"},\"query-input\":{\"@type\":\"PropertyValueSpecification\",\"valueRequired\":true,\"valueName\":\"search_term_string\"}}],\"inLanguage\":\"es\"},{\"@type\":\"Organization\",\"@id\":\"https:\\\/\\\/www.mengibarfillers.com\\\/es\\\/#organization\",\"name\":\"MENGIBAR - Packaging Machinery\",\"url\":\"https:\\\/\\\/www.mengibarfillers.com\\\/es\\\/\",\"logo\":{\"@type\":\"ImageObject\",\"inLanguage\":\"es\",\"@id\":\"https:\\\/\\\/www.mengibarfillers.com\\\/es\\\/#\\\/schema\\\/logo\\\/image\\\/\",\"url\":\"https:\\\/\\\/www.mengibarfillers.com\\\/wp-content\\\/uploads\\\/2023\\\/01\\\/logo-mengibar-color-250px.png\",\"contentUrl\":\"https:\\\/\\\/www.mengibarfillers.com\\\/wp-content\\\/uploads\\\/2023\\\/01\\\/logo-mengibar-color-250px.png\",\"width\":250,\"height\":53,\"caption\":\"MENGIBAR - Packaging Machinery\"},\"image\":{\"@id\":\"https:\\\/\\\/www.mengibarfillers.com\\\/es\\\/#\\\/schema\\\/logo\\\/image\\\/\"}}]}<\/script>\n<!-- \/ Yoast SEO plugin. -->","yoast_head_json":{"title":"Caso pr\u00e1ctico: Llenado y tapado de aerosoles nasales - Mengibar","description":"Con un proceso de cambio sin problemas y un sistema automatizado para ajustes precisos, explora la excelencia est\u00e1ndar del equipamiento de Mengibar.","robots":{"index":"index","follow":"follow","max-snippet":"max-snippet:-1","max-image-preview":"max-image-preview:large","max-video-preview":"max-video-preview:-1"},"canonical":"https:\/\/www.mengibarfillers.com\/es\/ver-caso-de-exito-llenado-de-inhalador-nasal-con-tapon-de-spray-y-tapado-con-rosca\/","og_locale":"es_ES","og_type":"article","og_title":"Caso pr\u00e1ctico: Llenado y tapado de aerosoles nasales - Mengibar","og_description":"Con un proceso de cambio sin problemas y un sistema automatizado para ajustes precisos, explora la excelencia est\u00e1ndar del equipamiento de Mengibar.","og_url":"https:\/\/www.mengibarfillers.com\/es\/ver-caso-de-exito-llenado-de-inhalador-nasal-con-tapon-de-spray-y-tapado-con-rosca\/","og_site_name":"MENGIBAR - Packaging Machinery","article_modified_time":"2023-11-28T11:01:43+00:00","og_image":[{"url":"https:\/\/www.mengibarfillers.com\/wp-content\/uploads\/2023\/06\/Nasal-Spray-Filling-Spray-Inserting-and-Screw-Capping-Monoblock-1.jpg","type":"","width":"","height":""}],"twitter_card":"summary_large_image","schema":{"@context":"https:\/\/schema.org","@graph":[{"@type":"WebPage","@id":"https:\/\/www.mengibarfillers.com\/es\/ver-caso-de-exito-llenado-de-inhalador-nasal-con-tapon-de-spray-y-tapado-con-rosca\/","url":"https:\/\/www.mengibarfillers.com\/es\/ver-caso-de-exito-llenado-de-inhalador-nasal-con-tapon-de-spray-y-tapado-con-rosca\/","name":"Caso pr\u00e1ctico: Llenado y tapado de aerosoles nasales - Mengibar","isPartOf":{"@id":"https:\/\/www.mengibarfillers.com\/es\/#website"},"primaryImageOfPage":{"@id":"https:\/\/www.mengibarfillers.com\/es\/ver-caso-de-exito-llenado-de-inhalador-nasal-con-tapon-de-spray-y-tapado-con-rosca\/#primaryimage"},"image":{"@id":"https:\/\/www.mengibarfillers.com\/es\/ver-caso-de-exito-llenado-de-inhalador-nasal-con-tapon-de-spray-y-tapado-con-rosca\/#primaryimage"},"thumbnailUrl":"https:\/\/www.mengibarfillers.com\/wp-content\/uploads\/2023\/06\/Nasal-Spray-Filling-Spray-Inserting-and-Screw-Capping-Monoblock-1.jpg","datePublished":"2023-06-15T07:53:40+00:00","dateModified":"2023-11-28T11:01:43+00:00","description":"Con un proceso de cambio sin problemas y un sistema automatizado para ajustes precisos, explora la excelencia est\u00e1ndar del equipamiento de Mengibar.","breadcrumb":{"@id":"https:\/\/www.mengibarfillers.com\/es\/ver-caso-de-exito-llenado-de-inhalador-nasal-con-tapon-de-spray-y-tapado-con-rosca\/#breadcrumb"},"inLanguage":"es","potentialAction":[{"@type":"ReadAction","target":["https:\/\/www.mengibarfillers.com\/es\/ver-caso-de-exito-llenado-de-inhalador-nasal-con-tapon-de-spray-y-tapado-con-rosca\/"]}]},{"@type":"ImageObject","inLanguage":"es","@id":"https:\/\/www.mengibarfillers.com\/es\/ver-caso-de-exito-llenado-de-inhalador-nasal-con-tapon-de-spray-y-tapado-con-rosca\/#primaryimage","url":"https:\/\/www.mengibarfillers.com\/wp-content\/uploads\/2023\/06\/Nasal-Spray-Filling-Spray-Inserting-and-Screw-Capping-Monoblock-1.jpg","contentUrl":"https:\/\/www.mengibarfillers.com\/wp-content\/uploads\/2023\/06\/Nasal-Spray-Filling-Spray-Inserting-and-Screw-Capping-Monoblock-1.jpg"},{"@type":"BreadcrumbList","@id":"https:\/\/www.mengibarfillers.com\/es\/ver-caso-de-exito-llenado-de-inhalador-nasal-con-tapon-de-spray-y-tapado-con-rosca\/#breadcrumb","itemListElement":[{"@type":"ListItem","position":1,"name":"Home","item":"https:\/\/www.mengibarfillers.com\/es\/home\/"},{"@type":"ListItem","position":2,"name":"Ver caso de \u00e9xito: Llenado de inhalador nasal, con tap\u00f3n de spray y tapado con rosca"}]},{"@type":"WebSite","@id":"https:\/\/www.mengibarfillers.com\/es\/#website","url":"https:\/\/www.mengibarfillers.com\/es\/","name":"MENGIBAR - Packaging Machinery","description":"","publisher":{"@id":"https:\/\/www.mengibarfillers.com\/es\/#organization"},"potentialAction":[{"@type":"SearchAction","target":{"@type":"EntryPoint","urlTemplate":"https:\/\/www.mengibarfillers.com\/es\/?s={search_term_string}"},"query-input":{"@type":"PropertyValueSpecification","valueRequired":true,"valueName":"search_term_string"}}],"inLanguage":"es"},{"@type":"Organization","@id":"https:\/\/www.mengibarfillers.com\/es\/#organization","name":"MENGIBAR - Packaging Machinery","url":"https:\/\/www.mengibarfillers.com\/es\/","logo":{"@type":"ImageObject","inLanguage":"es","@id":"https:\/\/www.mengibarfillers.com\/es\/#\/schema\/logo\/image\/","url":"https:\/\/www.mengibarfillers.com\/wp-content\/uploads\/2023\/01\/logo-mengibar-color-250px.png","contentUrl":"https:\/\/www.mengibarfillers.com\/wp-content\/uploads\/2023\/01\/logo-mengibar-color-250px.png","width":250,"height":53,"caption":"MENGIBAR - Packaging Machinery"},"image":{"@id":"https:\/\/www.mengibarfillers.com\/es\/#\/schema\/logo\/image\/"}}]}},"_links":{"self":[{"href":"https:\/\/www.mengibarfillers.com\/es\/wp-json\/wp\/v2\/pages\/24403","targetHints":{"allow":["GET"]}}],"collection":[{"href":"https:\/\/www.mengibarfillers.com\/es\/wp-json\/wp\/v2\/pages"}],"about":[{"href":"https:\/\/www.mengibarfillers.com\/es\/wp-json\/wp\/v2\/types\/page"}],"author":[{"embeddable":true,"href":"https:\/\/www.mengibarfillers.com\/es\/wp-json\/wp\/v2\/users\/6"}],"replies":[{"embeddable":true,"href":"https:\/\/www.mengibarfillers.com\/es\/wp-json\/wp\/v2\/comments?post=24403"}],"version-history":[{"count":5,"href":"https:\/\/www.mengibarfillers.com\/es\/wp-json\/wp\/v2\/pages\/24403\/revisions"}],"predecessor-version":[{"id":28056,"href":"https:\/\/www.mengibarfillers.com\/es\/wp-json\/wp\/v2\/pages\/24403\/revisions\/28056"}],"wp:attachment":[{"href":"https:\/\/www.mengibarfillers.com\/es\/wp-json\/wp\/v2\/media?parent=24403"}],"curies":[{"name":"wp","href":"https:\/\/api.w.org\/{rel}","templated":true}]}}