{"id":24401,"date":"2023-06-15T09:49:18","date_gmt":"2023-06-15T07:49:18","guid":{"rendered":"https:\/\/nova.mengibar.es\/ver-caso-de-exito-monoblock-para-llenado-y-tapado-de-18-formatos-cosmeticos-diferentes\/"},"modified":"2026-03-16T16:55:39","modified_gmt":"2026-03-16T15:55:39","slug":"ver-caso-de-exito-monoblock-para-llenado-y-tapado-de-18-formatos-cosmeticos-diferentes","status":"publish","type":"page","link":"https:\/\/www.mengibarfillers.com\/es\/ver-caso-de-exito-monoblock-para-llenado-y-tapado-de-18-formatos-cosmeticos-diferentes\/","title":{"rendered":"Ver caso de \u00e9xito: Monoblock para Llenado y Tapado de 18 formatos cosm\u00e9ticos diferentes"},"content":{"rendered":"\t\t<div data-elementor-type=\"wp-page\" data-elementor-id=\"24401\" class=\"elementor elementor-24401 elementor-24316\" data-elementor-post-type=\"page\">\n\t\t\t\t<div class=\"elementor-element elementor-element-4cc9c4f e-flex e-con-boxed e-con e-parent\" data-id=\"4cc9c4f\" data-element_type=\"container\" data-e-type=\"container\" data-settings=\"{&quot;background_background&quot;:&quot;classic&quot;,&quot;_ob_use_container_extras&quot;:&quot;no&quot;,&quot;_ob_column_hoveranimator&quot;:&quot;no&quot;,&quot;_ob_glider_is_slider&quot;:&quot;no&quot;,&quot;_ob_column_has_pseudo&quot;:&quot;no&quot;}\">\n\t\t\t\t\t<div class=\"e-con-inner\">\n\t\t<div class=\"elementor-element elementor-element-d0ca195 e-flex e-con-boxed e-con e-child\" data-id=\"d0ca195\" data-element_type=\"container\" data-e-type=\"container\" data-settings=\"{&quot;_ob_use_container_extras&quot;:&quot;no&quot;,&quot;_ob_column_hoveranimator&quot;:&quot;no&quot;,&quot;_ob_glider_is_slider&quot;:&quot;no&quot;,&quot;_ob_column_has_pseudo&quot;:&quot;no&quot;}\">\n\t\t\t\t\t<div class=\"e-con-inner\">\n\t\t\t\t<div class=\"elementor-element elementor-element-595e258 ob-harakiri-inherit ob-has-background-overlay elementor-widget elementor-widget-heading\" data-id=\"595e258\" data-element_type=\"widget\" data-e-type=\"widget\" data-settings=\"{&quot;_ob_use_harakiri&quot;:&quot;yes&quot;,&quot;_ob_harakiri_writing_mode&quot;:&quot;inherit&quot;,&quot;_ob_harakiri_text_clip&quot;:&quot;none&quot;,&quot;_ob_widget_stalker_use&quot;:&quot;no&quot;,&quot;_ob_poopart_use&quot;:&quot;yes&quot;,&quot;_ob_shadough_use&quot;:&quot;no&quot;,&quot;_ob_allow_hoveranimator&quot;:&quot;no&quot;}\" data-widget_type=\"heading.default\">\n\t\t\t\t<div class=\"elementor-widget-container\">\n\t\t\t\t\t<h1 class=\"elementor-heading-title elementor-size-default\">Monoblock para Llenado, Tapado y Sobretapado en enjuague bucal espumante.<\/h1>\t\t\t\t<\/div>\n\t\t\t\t<\/div>\n\t\t\t\t<div class=\"elementor-element elementor-element-94f1143 ob-harakiri-inherit ob-has-background-overlay elementor-widget elementor-widget-text-editor\" data-id=\"94f1143\" data-element_type=\"widget\" data-e-type=\"widget\" data-settings=\"{&quot;_ob_use_harakiri&quot;:&quot;yes&quot;,&quot;_ob_harakiri_writing_mode&quot;:&quot;inherit&quot;,&quot;_ob_postman_use&quot;:&quot;no&quot;,&quot;_ob_widget_stalker_use&quot;:&quot;no&quot;,&quot;_ob_poopart_use&quot;:&quot;yes&quot;,&quot;_ob_shadough_use&quot;:&quot;no&quot;,&quot;_ob_allow_hoveranimator&quot;:&quot;no&quot;}\" data-widget_type=\"text-editor.default\">\n\t\t\t\t<div class=\"elementor-widget-container\">\n\t\t\t\t\t\t\t\t\t<p>Descubre c\u00f3mo Mengibar super\u00f3 el desaf\u00edo del enjuague bucal espumoso. Nuestro compacto Monoblock llena, tapa y coloca sobretapas a 100 u.p.m. con precisi\u00f3n, utilizando la tecnolog\u00eda SmartFlow y cabezales de llenado de bajo n\u00famero de Reynolds para evitar la contaminaci\u00f3n y la formaci\u00f3n de espuma.<\/p><p>Para acceder en exclusiva al v\u00eddeo de este inspirador caso de \u00e9xito, te invitamos a completar un breve formulario.<\/p>\t\t\t\t\t\t\t\t<\/div>\n\t\t\t\t<\/div>\n\t\t\t\t<div class=\"elementor-element elementor-element-61b43f5 ob-has-background-overlay elementor-widget elementor-widget-image\" data-id=\"61b43f5\" data-element_type=\"widget\" data-e-type=\"widget\" data-settings=\"{&quot;_ob_photomorph_use&quot;:&quot;no&quot;,&quot;_ob_widget_stalker_use&quot;:&quot;no&quot;,&quot;_ob_poopart_use&quot;:&quot;yes&quot;,&quot;_ob_shadough_use&quot;:&quot;no&quot;,&quot;_ob_allow_hoveranimator&quot;:&quot;no&quot;}\" data-widget_type=\"image.default\">\n\t\t\t\t<div class=\"elementor-widget-container\">\n\t\t\t\t\t\t\t\t\t\t\t\t\t\t\t<img fetchpriority=\"high\" decoding=\"async\" width=\"594\" height=\"274\" src=\"https:\/\/www.mengibarfillers.com\/wp-content\/uploads\/2025\/05\/Complete-atex-rated-line.png\" class=\"attachment-large size-large wp-image-32773\" alt=\"Botellas de enjuague bucal siendo llenadas por una l\u00ednea de llenado monoblock automatizada con tecnolog\u00eda SmartFlow.\" srcset=\"https:\/\/www.mengibarfillers.com\/wp-content\/uploads\/2025\/05\/Complete-atex-rated-line.png 594w, https:\/\/www.mengibarfillers.com\/wp-content\/uploads\/2025\/05\/Complete-atex-rated-line-300x138.png 300w\" sizes=\"(max-width: 594px) 100vw, 594px\" \/>\t\t\t\t\t\t\t\t\t\t\t\t\t\t\t<\/div>\n\t\t\t\t<\/div>\n\t\t\t\t\t<\/div>\n\t\t\t\t<\/div>\n\t\t<div class=\"elementor-element elementor-element-f8e4e41 e-flex e-con-boxed e-con e-child\" data-id=\"f8e4e41\" data-element_type=\"container\" data-e-type=\"container\" data-settings=\"{&quot;background_background&quot;:&quot;classic&quot;,&quot;_ob_use_container_extras&quot;:&quot;no&quot;,&quot;_ob_column_hoveranimator&quot;:&quot;no&quot;,&quot;_ob_glider_is_slider&quot;:&quot;no&quot;,&quot;_ob_column_has_pseudo&quot;:&quot;no&quot;}\">\n\t\t\t\t\t<div class=\"e-con-inner\">\n\t\t\t\t<div class=\"elementor-element elementor-element-7e5f23c ob-harakiri-inherit ob-has-background-overlay elementor-widget elementor-widget-heading\" data-id=\"7e5f23c\" data-element_type=\"widget\" data-e-type=\"widget\" data-settings=\"{&quot;_ob_use_harakiri&quot;:&quot;yes&quot;,&quot;_ob_harakiri_writing_mode&quot;:&quot;inherit&quot;,&quot;_ob_harakiri_text_clip&quot;:&quot;none&quot;,&quot;_ob_widget_stalker_use&quot;:&quot;no&quot;,&quot;_ob_poopart_use&quot;:&quot;yes&quot;,&quot;_ob_shadough_use&quot;:&quot;no&quot;,&quot;_ob_allow_hoveranimator&quot;:&quot;no&quot;}\" data-widget_type=\"heading.default\">\n\t\t\t\t<div class=\"elementor-widget-container\">\n\t\t\t\t\t<h2 class=\"elementor-heading-title elementor-size-default\">Reg\u00edstrese para ver el caso pr\u00e1ctico<\/h2>\t\t\t\t<\/div>\n\t\t\t\t<\/div>\n\t\t<div class=\"elementor-element elementor-element-fcdfc4f e-flex e-con-boxed e-con e-child\" data-id=\"fcdfc4f\" data-element_type=\"container\" data-e-type=\"container\" data-settings=\"{&quot;_ob_use_container_extras&quot;:&quot;no&quot;,&quot;_ob_column_hoveranimator&quot;:&quot;no&quot;,&quot;_ob_glider_is_slider&quot;:&quot;no&quot;,&quot;_ob_column_has_pseudo&quot;:&quot;no&quot;}\">\n\t\t\t\t\t<div class=\"e-con-inner\">\n\t\t<div class=\"elementor-element elementor-element-651e7bc e-flex e-con-boxed e-con e-child\" data-id=\"651e7bc\" data-element_type=\"container\" data-e-type=\"container\" data-settings=\"{&quot;background_background&quot;:&quot;classic&quot;,&quot;_ob_use_container_extras&quot;:&quot;no&quot;,&quot;_ob_column_hoveranimator&quot;:&quot;no&quot;,&quot;_ob_glider_is_slider&quot;:&quot;no&quot;,&quot;_ob_column_has_pseudo&quot;:&quot;no&quot;}\">\n\t\t\t\t\t<div class=\"e-con-inner\">\n\t\t\t\t<div class=\"elementor-element elementor-element-79d8d1c elementor-widget__width-initial ob-has-background-overlay elementor-widget elementor-widget-html\" data-id=\"79d8d1c\" data-element_type=\"widget\" data-e-type=\"widget\" data-settings=\"{&quot;_ob_widget_stalker_use&quot;:&quot;no&quot;,&quot;_ob_poopart_use&quot;:&quot;yes&quot;,&quot;_ob_shadough_use&quot;:&quot;no&quot;,&quot;_ob_allow_hoveranimator&quot;:&quot;no&quot;}\" data-widget_type=\"html.default\">\n\t\t\t\t<div class=\"elementor-widget-container\">\n\t\t\t\t\t<script charset=\"utf-8\" type=\"text\/javascript\" src=\"\/\/js-eu1.hsforms.net\/forms\/embed\/v2.js\"><\/script>\n<script>\n  hbspt.forms.create({\n    portalId: \"25740744\",\n    formId: \"43dfedd5-e08b-4375-9b00-31f2d4ae3abe\",\n    region: \"eu1\"\n  });\n<\/script>\t\t\t\t<\/div>\n\t\t\t\t<\/div>\n\t\t\t\t\t<\/div>\n\t\t\t\t<\/div>\n\t\t\t\t\t<\/div>\n\t\t\t\t<\/div>\n\t\t\t\t\t<\/div>\n\t\t\t\t<\/div>\n\t\t\t\t\t<\/div>\n\t\t\t\t<\/div>\n\t\t\t\t<\/div>\n\t\t","protected":false},"excerpt":{"rendered":"<p>Monoblock para Llenado, Tapado y Sobretapado en enjuague bucal espumante. Descubre c\u00f3mo Mengibar super\u00f3 el desaf\u00edo del enjuague bucal espumoso. Nuestro compacto Monoblock llena, tapa y coloca sobretapas a 100 u.p.m. con precisi\u00f3n, utilizando la tecnolog\u00eda SmartFlow y cabezales de llenado de bajo n\u00famero de Reynolds para evitar la contaminaci\u00f3n y la formaci\u00f3n de espuma. [&hellip;]<\/p>\n","protected":false},"author":6,"featured_media":0,"parent":0,"menu_order":0,"comment_status":"closed","ping_status":"closed","template":"","meta":{"_acf_changed":false,"content-type":"","footnotes":""},"class_list":["post-24401","page","type-page","status-publish","hentry"],"acf":[],"yoast_head":"<!-- This site is optimized with the Yoast SEO plugin v27.5 - https:\/\/yoast.com\/product\/yoast-seo-wordpress\/ -->\n<title>Estudio de caso: Monobloque para 18 cosm\u00e9ticos diferentes - Mengibar<\/title>\n<meta name=\"description\" content=\"Descubra c\u00f3mo nuestra m\u00e1quina de vanguardia ha transformado la industria del cuidado personal, ofreciendo soluciones innovadoras de llenado y tapado.\" \/>\n<meta name=\"robots\" content=\"index, follow, max-snippet:-1, max-image-preview:large, max-video-preview:-1\" \/>\n<link rel=\"canonical\" href=\"https:\/\/www.mengibarfillers.com\/es\/ver-caso-de-exito-monoblock-para-llenado-y-tapado-de-18-formatos-cosmeticos-diferentes\/\" \/>\n<meta property=\"og:locale\" content=\"es_ES\" \/>\n<meta property=\"og:type\" content=\"article\" \/>\n<meta property=\"og:title\" content=\"Estudio de caso: Monobloque para 18 cosm\u00e9ticos diferentes - Mengibar\" \/>\n<meta property=\"og:description\" content=\"Descubra c\u00f3mo nuestra m\u00e1quina de vanguardia ha transformado la industria del cuidado personal, ofreciendo soluciones innovadoras de llenado y tapado.\" \/>\n<meta property=\"og:url\" content=\"https:\/\/www.mengibarfillers.com\/es\/ver-caso-de-exito-monoblock-para-llenado-y-tapado-de-18-formatos-cosmeticos-diferentes\/\" \/>\n<meta property=\"og:site_name\" content=\"MENGIBAR - Packaging Machinery\" \/>\n<meta property=\"article:modified_time\" content=\"2026-03-16T15:55:39+00:00\" \/>\n<meta property=\"og:image\" content=\"https:\/\/www.mengibarfillers.com\/wp-content\/uploads\/2025\/05\/Complete-atex-rated-line.png\" \/>\n\t<meta property=\"og:image:width\" content=\"594\" \/>\n\t<meta property=\"og:image:height\" content=\"274\" \/>\n\t<meta property=\"og:image:type\" content=\"image\/png\" \/>\n<meta name=\"twitter:card\" content=\"summary_large_image\" \/>\n<meta name=\"twitter:label1\" content=\"Tiempo de lectura\" \/>\n\t<meta name=\"twitter:data1\" content=\"1 minuto\" \/>\n<script type=\"application\/ld+json\" class=\"yoast-schema-graph\">{\"@context\":\"https:\\\/\\\/schema.org\",\"@graph\":[{\"@type\":\"WebPage\",\"@id\":\"https:\\\/\\\/www.mengibarfillers.com\\\/es\\\/ver-caso-de-exito-monoblock-para-llenado-y-tapado-de-18-formatos-cosmeticos-diferentes\\\/\",\"url\":\"https:\\\/\\\/www.mengibarfillers.com\\\/es\\\/ver-caso-de-exito-monoblock-para-llenado-y-tapado-de-18-formatos-cosmeticos-diferentes\\\/\",\"name\":\"Estudio de caso: Monobloque para 18 cosm\u00e9ticos diferentes - Mengibar\",\"isPartOf\":{\"@id\":\"https:\\\/\\\/www.mengibarfillers.com\\\/es\\\/#website\"},\"primaryImageOfPage\":{\"@id\":\"https:\\\/\\\/www.mengibarfillers.com\\\/es\\\/ver-caso-de-exito-monoblock-para-llenado-y-tapado-de-18-formatos-cosmeticos-diferentes\\\/#primaryimage\"},\"image\":{\"@id\":\"https:\\\/\\\/www.mengibarfillers.com\\\/es\\\/ver-caso-de-exito-monoblock-para-llenado-y-tapado-de-18-formatos-cosmeticos-diferentes\\\/#primaryimage\"},\"thumbnailUrl\":\"https:\\\/\\\/www.mengibarfillers.com\\\/wp-content\\\/uploads\\\/2025\\\/05\\\/Complete-atex-rated-line.png\",\"datePublished\":\"2023-06-15T07:49:18+00:00\",\"dateModified\":\"2026-03-16T15:55:39+00:00\",\"description\":\"Descubra c\u00f3mo nuestra m\u00e1quina de vanguardia ha transformado la industria del cuidado personal, ofreciendo soluciones innovadoras de llenado y tapado.\",\"breadcrumb\":{\"@id\":\"https:\\\/\\\/www.mengibarfillers.com\\\/es\\\/ver-caso-de-exito-monoblock-para-llenado-y-tapado-de-18-formatos-cosmeticos-diferentes\\\/#breadcrumb\"},\"inLanguage\":\"es\",\"potentialAction\":[{\"@type\":\"ReadAction\",\"target\":[\"https:\\\/\\\/www.mengibarfillers.com\\\/es\\\/ver-caso-de-exito-monoblock-para-llenado-y-tapado-de-18-formatos-cosmeticos-diferentes\\\/\"]}]},{\"@type\":\"ImageObject\",\"inLanguage\":\"es\",\"@id\":\"https:\\\/\\\/www.mengibarfillers.com\\\/es\\\/ver-caso-de-exito-monoblock-para-llenado-y-tapado-de-18-formatos-cosmeticos-diferentes\\\/#primaryimage\",\"url\":\"https:\\\/\\\/www.mengibarfillers.com\\\/wp-content\\\/uploads\\\/2025\\\/05\\\/Complete-atex-rated-line.png\",\"contentUrl\":\"https:\\\/\\\/www.mengibarfillers.com\\\/wp-content\\\/uploads\\\/2025\\\/05\\\/Complete-atex-rated-line.png\"},{\"@type\":\"BreadcrumbList\",\"@id\":\"https:\\\/\\\/www.mengibarfillers.com\\\/es\\\/ver-caso-de-exito-monoblock-para-llenado-y-tapado-de-18-formatos-cosmeticos-diferentes\\\/#breadcrumb\",\"itemListElement\":[{\"@type\":\"ListItem\",\"position\":1,\"name\":\"Home\",\"item\":\"https:\\\/\\\/www.mengibarfillers.com\\\/es\\\/home\\\/\"},{\"@type\":\"ListItem\",\"position\":2,\"name\":\"Ver caso de \u00e9xito: Monoblock para Llenado y Tapado de 18 formatos cosm\u00e9ticos diferentes\"}]},{\"@type\":\"WebSite\",\"@id\":\"https:\\\/\\\/www.mengibarfillers.com\\\/es\\\/#website\",\"url\":\"https:\\\/\\\/www.mengibarfillers.com\\\/es\\\/\",\"name\":\"MENGIBAR - Packaging Machinery\",\"description\":\"\",\"publisher\":{\"@id\":\"https:\\\/\\\/www.mengibarfillers.com\\\/es\\\/#organization\"},\"potentialAction\":[{\"@type\":\"SearchAction\",\"target\":{\"@type\":\"EntryPoint\",\"urlTemplate\":\"https:\\\/\\\/www.mengibarfillers.com\\\/es\\\/?s={search_term_string}\"},\"query-input\":{\"@type\":\"PropertyValueSpecification\",\"valueRequired\":true,\"valueName\":\"search_term_string\"}}],\"inLanguage\":\"es\"},{\"@type\":\"Organization\",\"@id\":\"https:\\\/\\\/www.mengibarfillers.com\\\/es\\\/#organization\",\"name\":\"MENGIBAR - Packaging Machinery\",\"url\":\"https:\\\/\\\/www.mengibarfillers.com\\\/es\\\/\",\"logo\":{\"@type\":\"ImageObject\",\"inLanguage\":\"es\",\"@id\":\"https:\\\/\\\/www.mengibarfillers.com\\\/es\\\/#\\\/schema\\\/logo\\\/image\\\/\",\"url\":\"https:\\\/\\\/www.mengibarfillers.com\\\/wp-content\\\/uploads\\\/2023\\\/01\\\/logo-mengibar-color-250px.png\",\"contentUrl\":\"https:\\\/\\\/www.mengibarfillers.com\\\/wp-content\\\/uploads\\\/2023\\\/01\\\/logo-mengibar-color-250px.png\",\"width\":250,\"height\":53,\"caption\":\"MENGIBAR - Packaging Machinery\"},\"image\":{\"@id\":\"https:\\\/\\\/www.mengibarfillers.com\\\/es\\\/#\\\/schema\\\/logo\\\/image\\\/\"}}]}<\/script>\n<!-- \/ Yoast SEO plugin. -->","yoast_head_json":{"title":"Estudio de caso: Monobloque para 18 cosm\u00e9ticos diferentes - Mengibar","description":"Descubra c\u00f3mo nuestra m\u00e1quina de vanguardia ha transformado la industria del cuidado personal, ofreciendo soluciones innovadoras de llenado y tapado.","robots":{"index":"index","follow":"follow","max-snippet":"max-snippet:-1","max-image-preview":"max-image-preview:large","max-video-preview":"max-video-preview:-1"},"canonical":"https:\/\/www.mengibarfillers.com\/es\/ver-caso-de-exito-monoblock-para-llenado-y-tapado-de-18-formatos-cosmeticos-diferentes\/","og_locale":"es_ES","og_type":"article","og_title":"Estudio de caso: Monobloque para 18 cosm\u00e9ticos diferentes - Mengibar","og_description":"Descubra c\u00f3mo nuestra m\u00e1quina de vanguardia ha transformado la industria del cuidado personal, ofreciendo soluciones innovadoras de llenado y tapado.","og_url":"https:\/\/www.mengibarfillers.com\/es\/ver-caso-de-exito-monoblock-para-llenado-y-tapado-de-18-formatos-cosmeticos-diferentes\/","og_site_name":"MENGIBAR - Packaging Machinery","article_modified_time":"2026-03-16T15:55:39+00:00","og_image":[{"width":594,"height":274,"url":"https:\/\/www.mengibarfillers.com\/wp-content\/uploads\/2025\/05\/Complete-atex-rated-line.png","type":"image\/png"}],"twitter_card":"summary_large_image","twitter_misc":{"Tiempo de lectura":"1 minuto"},"schema":{"@context":"https:\/\/schema.org","@graph":[{"@type":"WebPage","@id":"https:\/\/www.mengibarfillers.com\/es\/ver-caso-de-exito-monoblock-para-llenado-y-tapado-de-18-formatos-cosmeticos-diferentes\/","url":"https:\/\/www.mengibarfillers.com\/es\/ver-caso-de-exito-monoblock-para-llenado-y-tapado-de-18-formatos-cosmeticos-diferentes\/","name":"Estudio de caso: Monobloque para 18 cosm\u00e9ticos diferentes - Mengibar","isPartOf":{"@id":"https:\/\/www.mengibarfillers.com\/es\/#website"},"primaryImageOfPage":{"@id":"https:\/\/www.mengibarfillers.com\/es\/ver-caso-de-exito-monoblock-para-llenado-y-tapado-de-18-formatos-cosmeticos-diferentes\/#primaryimage"},"image":{"@id":"https:\/\/www.mengibarfillers.com\/es\/ver-caso-de-exito-monoblock-para-llenado-y-tapado-de-18-formatos-cosmeticos-diferentes\/#primaryimage"},"thumbnailUrl":"https:\/\/www.mengibarfillers.com\/wp-content\/uploads\/2025\/05\/Complete-atex-rated-line.png","datePublished":"2023-06-15T07:49:18+00:00","dateModified":"2026-03-16T15:55:39+00:00","description":"Descubra c\u00f3mo nuestra m\u00e1quina de vanguardia ha transformado la industria del cuidado personal, ofreciendo soluciones innovadoras de llenado y tapado.","breadcrumb":{"@id":"https:\/\/www.mengibarfillers.com\/es\/ver-caso-de-exito-monoblock-para-llenado-y-tapado-de-18-formatos-cosmeticos-diferentes\/#breadcrumb"},"inLanguage":"es","potentialAction":[{"@type":"ReadAction","target":["https:\/\/www.mengibarfillers.com\/es\/ver-caso-de-exito-monoblock-para-llenado-y-tapado-de-18-formatos-cosmeticos-diferentes\/"]}]},{"@type":"ImageObject","inLanguage":"es","@id":"https:\/\/www.mengibarfillers.com\/es\/ver-caso-de-exito-monoblock-para-llenado-y-tapado-de-18-formatos-cosmeticos-diferentes\/#primaryimage","url":"https:\/\/www.mengibarfillers.com\/wp-content\/uploads\/2025\/05\/Complete-atex-rated-line.png","contentUrl":"https:\/\/www.mengibarfillers.com\/wp-content\/uploads\/2025\/05\/Complete-atex-rated-line.png"},{"@type":"BreadcrumbList","@id":"https:\/\/www.mengibarfillers.com\/es\/ver-caso-de-exito-monoblock-para-llenado-y-tapado-de-18-formatos-cosmeticos-diferentes\/#breadcrumb","itemListElement":[{"@type":"ListItem","position":1,"name":"Home","item":"https:\/\/www.mengibarfillers.com\/es\/home\/"},{"@type":"ListItem","position":2,"name":"Ver caso de \u00e9xito: Monoblock para Llenado y Tapado de 18 formatos cosm\u00e9ticos diferentes"}]},{"@type":"WebSite","@id":"https:\/\/www.mengibarfillers.com\/es\/#website","url":"https:\/\/www.mengibarfillers.com\/es\/","name":"MENGIBAR - Packaging Machinery","description":"","publisher":{"@id":"https:\/\/www.mengibarfillers.com\/es\/#organization"},"potentialAction":[{"@type":"SearchAction","target":{"@type":"EntryPoint","urlTemplate":"https:\/\/www.mengibarfillers.com\/es\/?s={search_term_string}"},"query-input":{"@type":"PropertyValueSpecification","valueRequired":true,"valueName":"search_term_string"}}],"inLanguage":"es"},{"@type":"Organization","@id":"https:\/\/www.mengibarfillers.com\/es\/#organization","name":"MENGIBAR - Packaging Machinery","url":"https:\/\/www.mengibarfillers.com\/es\/","logo":{"@type":"ImageObject","inLanguage":"es","@id":"https:\/\/www.mengibarfillers.com\/es\/#\/schema\/logo\/image\/","url":"https:\/\/www.mengibarfillers.com\/wp-content\/uploads\/2023\/01\/logo-mengibar-color-250px.png","contentUrl":"https:\/\/www.mengibarfillers.com\/wp-content\/uploads\/2023\/01\/logo-mengibar-color-250px.png","width":250,"height":53,"caption":"MENGIBAR - Packaging Machinery"},"image":{"@id":"https:\/\/www.mengibarfillers.com\/es\/#\/schema\/logo\/image\/"}}]}},"_links":{"self":[{"href":"https:\/\/www.mengibarfillers.com\/es\/wp-json\/wp\/v2\/pages\/24401","targetHints":{"allow":["GET"]}}],"collection":[{"href":"https:\/\/www.mengibarfillers.com\/es\/wp-json\/wp\/v2\/pages"}],"about":[{"href":"https:\/\/www.mengibarfillers.com\/es\/wp-json\/wp\/v2\/types\/page"}],"author":[{"embeddable":true,"href":"https:\/\/www.mengibarfillers.com\/es\/wp-json\/wp\/v2\/users\/6"}],"replies":[{"embeddable":true,"href":"https:\/\/www.mengibarfillers.com\/es\/wp-json\/wp\/v2\/comments?post=24401"}],"version-history":[{"count":17,"href":"https:\/\/www.mengibarfillers.com\/es\/wp-json\/wp\/v2\/pages\/24401\/revisions"}],"predecessor-version":[{"id":33752,"href":"https:\/\/www.mengibarfillers.com\/es\/wp-json\/wp\/v2\/pages\/24401\/revisions\/33752"}],"wp:attachment":[{"href":"https:\/\/www.mengibarfillers.com\/es\/wp-json\/wp\/v2\/media?parent=24401"}],"curies":[{"name":"wp","href":"https:\/\/api.w.org\/{rel}","templated":true}]}}