{"id":24397,"date":"2023-06-15T09:51:54","date_gmt":"2023-06-15T07:51:54","guid":{"rendered":"https:\/\/nova.mengibar.es\/ver-caso-de-exito-linea-monoblock-de-llenado-y-tapado-para-el-cuidado-del-cabello\/"},"modified":"2023-11-28T12:05:47","modified_gmt":"2023-11-28T11:05:47","slug":"ver-caso-de-exito-linea-monoblock-de-llenado-y-tapado-para-el-cuidado-del-cabello","status":"publish","type":"page","link":"https:\/\/www.mengibarfillers.com\/es\/ver-caso-de-exito-linea-monoblock-de-llenado-y-tapado-para-el-cuidado-del-cabello\/","title":{"rendered":"Ver caso de \u00e9xito: L\u00ednea Monoblock de llenado y tapado para el cuidado del cabello"},"content":{"rendered":"\t\t<div data-elementor-type=\"wp-page\" data-elementor-id=\"24397\" class=\"elementor elementor-24397 elementor-24329\" data-elementor-post-type=\"page\">\n\t\t\t\t<div class=\"elementor-element elementor-element-172f89b e-flex e-con-boxed e-con e-parent\" data-id=\"172f89b\" data-element_type=\"container\" data-e-type=\"container\" data-settings=\"{&quot;background_background&quot;:&quot;classic&quot;,&quot;_ob_use_container_extras&quot;:&quot;no&quot;,&quot;_ob_column_hoveranimator&quot;:&quot;no&quot;,&quot;_ob_glider_is_slider&quot;:&quot;no&quot;,&quot;_ob_column_has_pseudo&quot;:&quot;no&quot;}\">\n\t\t\t\t\t<div class=\"e-con-inner\">\n\t\t<div class=\"elementor-element elementor-element-e7d38c2 e-flex e-con-boxed e-con e-parent\" data-id=\"e7d38c2\" data-element_type=\"container\" data-e-type=\"container\" data-settings=\"{&quot;_ob_use_container_extras&quot;:&quot;no&quot;,&quot;_ob_column_hoveranimator&quot;:&quot;no&quot;,&quot;_ob_glider_is_slider&quot;:&quot;no&quot;,&quot;_ob_column_has_pseudo&quot;:&quot;no&quot;}\">\n\t\t\t\t\t<div class=\"e-con-inner\">\n\t\t\t\t<div class=\"elementor-element elementor-element-3bdb0f9 ob-harakiri-inherit ob-has-background-overlay elementor-widget elementor-widget-heading\" data-id=\"3bdb0f9\" data-element_type=\"widget\" data-e-type=\"widget\" data-settings=\"{&quot;_ob_use_harakiri&quot;:&quot;yes&quot;,&quot;_ob_harakiri_writing_mode&quot;:&quot;inherit&quot;,&quot;_ob_harakiri_text_clip&quot;:&quot;none&quot;,&quot;_ob_widget_stalker_use&quot;:&quot;no&quot;,&quot;_ob_poopart_use&quot;:&quot;yes&quot;,&quot;_ob_shadough_use&quot;:&quot;no&quot;,&quot;_ob_allow_hoveranimator&quot;:&quot;no&quot;}\" data-widget_type=\"heading.default\">\n\t\t\t\t<div class=\"elementor-widget-container\">\n\t\t\t\t\t<h1 class=\"elementor-heading-title elementor-size-default\">L\u00ednea Monoblock de llenado y tapado para el cuidado del cabello<\/h1>\t\t\t\t<\/div>\n\t\t\t\t<\/div>\n\t\t\t\t<div class=\"elementor-element elementor-element-9940d48 ob-harakiri-inherit ob-has-background-overlay elementor-widget elementor-widget-text-editor\" data-id=\"9940d48\" data-element_type=\"widget\" data-e-type=\"widget\" data-settings=\"{&quot;_ob_use_harakiri&quot;:&quot;yes&quot;,&quot;_ob_harakiri_writing_mode&quot;:&quot;inherit&quot;,&quot;_ob_postman_use&quot;:&quot;no&quot;,&quot;_ob_widget_stalker_use&quot;:&quot;no&quot;,&quot;_ob_poopart_use&quot;:&quot;yes&quot;,&quot;_ob_shadough_use&quot;:&quot;no&quot;,&quot;_ob_allow_hoveranimator&quot;:&quot;no&quot;}\" data-widget_type=\"text-editor.default\">\n\t\t\t\t<div class=\"elementor-widget-container\">\n\t\t\t\t\t\t\t\t\t<div class=\"group w-full text-gray-800 dark:text-gray-100 border-b border-black\/10 dark:border-gray-900\/50 bg-gray-50 dark:bg-[#444654]\">\n<div class=\"flex p-4 gap-4 text-base md:gap-6 md:max-w-2xl lg:max-w-[38rem] xl:max-w-3xl md:py-6 lg:px-0 m-auto\">\n<div class=\"relative flex w-[calc(100%-50px)] flex-col gap-1 md:gap-3 lg:w-[calc(100%-115px)]\">\n<div class=\"flex flex-grow flex-col gap-3\">\n<div class=\"min-h-[20px] flex flex-col items-start gap-4 whitespace-pre-wrap break-words\">\n<div class=\"markdown prose w-full break-words dark:prose-invert light\">\n<p>Nuestro Monoblock compacto con 9 estaciones de llenado y 4 estaciones de tapado utiliza caudal\u00edmetros m\u00e1sicos para un llenado preciso de los productos para el cuidado del cabello. Un sistema de visi\u00f3n garantiza la orientaci\u00f3n precisa de los tapones girando autom\u00e1ticamente cualquier tap\u00f3n desalineado antes de insertarlo durante el proceso de taponado.<\/p>\n<\/div>\n<\/div>\n<\/div>\n<\/div>\n<\/div>\n<\/div>\n<p>Para obtener acceso exclusivo a este inspirador caso de \u00e9xito, le solicitamos que complete el siguiente formulario.<\/p>\n\t\t\t\t\t\t\t\t<\/div>\n\t\t\t\t<\/div>\n\t\t\t\t<div class=\"elementor-element elementor-element-84c6c64 ob-has-background-overlay elementor-widget elementor-widget-image\" data-id=\"84c6c64\" data-element_type=\"widget\" data-e-type=\"widget\" data-settings=\"{&quot;_ob_photomorph_use&quot;:&quot;no&quot;,&quot;_ob_widget_stalker_use&quot;:&quot;no&quot;,&quot;_ob_poopart_use&quot;:&quot;yes&quot;,&quot;_ob_shadough_use&quot;:&quot;no&quot;,&quot;_ob_allow_hoveranimator&quot;:&quot;no&quot;}\" data-widget_type=\"image.default\">\n\t\t\t\t<div class=\"elementor-widget-container\">\n\t\t\t\t\t\t\t\t\t\t\t\t\t\t\t<img fetchpriority=\"high\" decoding=\"async\" width=\"594\" height=\"274\" src=\"https:\/\/www.mengibarfillers.com\/wp-content\/uploads\/2023\/06\/Hair-Care-Body-Care-Filler-and-Capper-Monoblock.jpg\" class=\"attachment-large size-large wp-image-23952\" alt=\"Hair Care &amp; Body Care - Filler and Capper Monoblock\" srcset=\"https:\/\/www.mengibarfillers.com\/wp-content\/uploads\/2023\/06\/Hair-Care-Body-Care-Filler-and-Capper-Monoblock.jpg 594w, https:\/\/www.mengibarfillers.com\/wp-content\/uploads\/2023\/06\/Hair-Care-Body-Care-Filler-and-Capper-Monoblock-300x138.jpg 300w\" sizes=\"(max-width: 594px) 100vw, 594px\" \/>\t\t\t\t\t\t\t\t\t\t\t\t\t\t\t<\/div>\n\t\t\t\t<\/div>\n\t\t\t\t\t<\/div>\n\t\t\t\t<\/div>\n\t\t<div class=\"elementor-element elementor-element-69b878e e-flex e-con-boxed e-con e-parent\" data-id=\"69b878e\" data-element_type=\"container\" data-e-type=\"container\" data-settings=\"{&quot;background_background&quot;:&quot;classic&quot;,&quot;_ob_use_container_extras&quot;:&quot;no&quot;,&quot;_ob_column_hoveranimator&quot;:&quot;no&quot;,&quot;_ob_glider_is_slider&quot;:&quot;no&quot;,&quot;_ob_column_has_pseudo&quot;:&quot;no&quot;}\">\n\t\t\t\t\t<div class=\"e-con-inner\">\n\t\t\t\t<div class=\"elementor-element elementor-element-215aaf9 ob-harakiri-inherit ob-has-background-overlay elementor-widget elementor-widget-heading\" data-id=\"215aaf9\" data-element_type=\"widget\" data-e-type=\"widget\" data-settings=\"{&quot;_ob_use_harakiri&quot;:&quot;yes&quot;,&quot;_ob_harakiri_writing_mode&quot;:&quot;inherit&quot;,&quot;_ob_harakiri_text_clip&quot;:&quot;none&quot;,&quot;_ob_widget_stalker_use&quot;:&quot;no&quot;,&quot;_ob_poopart_use&quot;:&quot;yes&quot;,&quot;_ob_shadough_use&quot;:&quot;no&quot;,&quot;_ob_allow_hoveranimator&quot;:&quot;no&quot;}\" data-widget_type=\"heading.default\">\n\t\t\t\t<div class=\"elementor-widget-container\">\n\t\t\t\t\t<h2 class=\"elementor-heading-title elementor-size-default\">Reg\u00edstrese para ver el caso pr\u00e1ctico<\/h2>\t\t\t\t<\/div>\n\t\t\t\t<\/div>\n\t\t<div class=\"elementor-element elementor-element-bc7867e e-flex e-con-boxed e-con e-parent\" data-id=\"bc7867e\" data-element_type=\"container\" data-e-type=\"container\" data-settings=\"{&quot;_ob_use_container_extras&quot;:&quot;no&quot;,&quot;_ob_column_hoveranimator&quot;:&quot;no&quot;,&quot;_ob_glider_is_slider&quot;:&quot;no&quot;,&quot;_ob_column_has_pseudo&quot;:&quot;no&quot;}\">\n\t\t\t\t\t<div class=\"e-con-inner\">\n\t\t<div class=\"elementor-element elementor-element-dce7ca8 e-flex e-con-boxed e-con e-parent\" data-id=\"dce7ca8\" data-element_type=\"container\" data-e-type=\"container\" data-settings=\"{&quot;background_background&quot;:&quot;classic&quot;,&quot;_ob_use_container_extras&quot;:&quot;no&quot;,&quot;_ob_column_hoveranimator&quot;:&quot;no&quot;,&quot;_ob_glider_is_slider&quot;:&quot;no&quot;,&quot;_ob_column_has_pseudo&quot;:&quot;no&quot;}\">\n\t\t\t\t\t<div class=\"e-con-inner\">\n\t\t\t\t<div class=\"elementor-element elementor-element-5ed8387 elementor-widget__width-initial ob-has-background-overlay elementor-widget elementor-widget-html\" data-id=\"5ed8387\" data-element_type=\"widget\" data-e-type=\"widget\" data-settings=\"{&quot;_ob_widget_stalker_use&quot;:&quot;no&quot;,&quot;_ob_poopart_use&quot;:&quot;yes&quot;,&quot;_ob_shadough_use&quot;:&quot;no&quot;,&quot;_ob_allow_hoveranimator&quot;:&quot;no&quot;}\" data-widget_type=\"html.default\">\n\t\t\t\t<div class=\"elementor-widget-container\">\n\t\t\t\t\t<script charset=\"utf-8\" type=\"text\/javascript\" src=\"\/\/js-eu1.hsforms.net\/forms\/embed\/v2.js\"><\/script>\n<script>\n  hbspt.forms.create({\n    region: \"eu1\",\n    portalId: \"25740744\",\n    formId: \"89cfd708-d7a0-455c-9257-46e9698c2387\"\n  });\n<\/script>\t\t\t\t<\/div>\n\t\t\t\t<\/div>\n\t\t\t\t\t<\/div>\n\t\t\t\t<\/div>\n\t\t\t\t\t<\/div>\n\t\t\t\t<\/div>\n\t\t\t\t\t<\/div>\n\t\t\t\t<\/div>\n\t\t\t\t\t<\/div>\n\t\t\t\t<\/div>\n\t\t\t\t<\/div>\n\t\t","protected":false},"excerpt":{"rendered":"<p>L\u00ednea Monoblock de llenado y tapado para el cuidado del cabello Nuestro Monoblock compacto con 9 estaciones de llenado y 4 estaciones de tapado utiliza caudal\u00edmetros m\u00e1sicos para un llenado preciso de los productos para el cuidado del cabello. Un sistema de visi\u00f3n garantiza la orientaci\u00f3n precisa de los tapones girando autom\u00e1ticamente cualquier tap\u00f3n desalineado [&hellip;]<\/p>\n","protected":false},"author":6,"featured_media":0,"parent":0,"menu_order":0,"comment_status":"closed","ping_status":"closed","template":"","meta":{"_acf_changed":false,"content-type":"","footnotes":""},"class_list":["post-24397","page","type-page","status-publish","hentry"],"acf":[],"yoast_head":"<!-- This site is optimized with the Yoast SEO plugin v27.4 - https:\/\/yoast.com\/product\/yoast-seo-wordpress\/ -->\n<title>Caso pr\u00e1ctico: Monoblock llenado y tapado para el cuidado del cabello<\/title>\n<meta name=\"description\" content=\"Monoblock compacto con 9 estaciones de llenado y 4 de tapado para un llenado preciso de productos de cuidado del cabello.\" \/>\n<meta name=\"robots\" content=\"index, follow, max-snippet:-1, max-image-preview:large, max-video-preview:-1\" \/>\n<link rel=\"canonical\" href=\"https:\/\/www.mengibarfillers.com\/es\/ver-caso-de-exito-linea-monoblock-de-llenado-y-tapado-para-el-cuidado-del-cabello\/\" \/>\n<meta property=\"og:locale\" content=\"es_ES\" \/>\n<meta property=\"og:type\" content=\"article\" \/>\n<meta property=\"og:title\" content=\"Caso pr\u00e1ctico: Monoblock llenado y tapado para el cuidado del cabello\" \/>\n<meta property=\"og:description\" content=\"Monoblock compacto con 9 estaciones de llenado y 4 de tapado para un llenado preciso de productos de cuidado del cabello.\" \/>\n<meta property=\"og:url\" content=\"https:\/\/www.mengibarfillers.com\/es\/ver-caso-de-exito-linea-monoblock-de-llenado-y-tapado-para-el-cuidado-del-cabello\/\" \/>\n<meta property=\"og:site_name\" content=\"MENGIBAR - Packaging Machinery\" \/>\n<meta property=\"article:modified_time\" content=\"2023-11-28T11:05:47+00:00\" \/>\n<meta property=\"og:image\" content=\"https:\/\/www.mengibarfillers.com\/wp-content\/uploads\/2023\/06\/Hair-Care-Body-Care-Filler-and-Capper-Monoblock.jpg\" \/>\n<meta name=\"twitter:card\" content=\"summary_large_image\" \/>\n<script type=\"application\/ld+json\" class=\"yoast-schema-graph\">{\"@context\":\"https:\\\/\\\/schema.org\",\"@graph\":[{\"@type\":\"WebPage\",\"@id\":\"https:\\\/\\\/www.mengibarfillers.com\\\/es\\\/ver-caso-de-exito-linea-monoblock-de-llenado-y-tapado-para-el-cuidado-del-cabello\\\/\",\"url\":\"https:\\\/\\\/www.mengibarfillers.com\\\/es\\\/ver-caso-de-exito-linea-monoblock-de-llenado-y-tapado-para-el-cuidado-del-cabello\\\/\",\"name\":\"Caso pr\u00e1ctico: Monoblock llenado y tapado para el cuidado del cabello\",\"isPartOf\":{\"@id\":\"https:\\\/\\\/www.mengibarfillers.com\\\/es\\\/#website\"},\"primaryImageOfPage\":{\"@id\":\"https:\\\/\\\/www.mengibarfillers.com\\\/es\\\/ver-caso-de-exito-linea-monoblock-de-llenado-y-tapado-para-el-cuidado-del-cabello\\\/#primaryimage\"},\"image\":{\"@id\":\"https:\\\/\\\/www.mengibarfillers.com\\\/es\\\/ver-caso-de-exito-linea-monoblock-de-llenado-y-tapado-para-el-cuidado-del-cabello\\\/#primaryimage\"},\"thumbnailUrl\":\"https:\\\/\\\/www.mengibarfillers.com\\\/wp-content\\\/uploads\\\/2023\\\/06\\\/Hair-Care-Body-Care-Filler-and-Capper-Monoblock.jpg\",\"datePublished\":\"2023-06-15T07:51:54+00:00\",\"dateModified\":\"2023-11-28T11:05:47+00:00\",\"description\":\"Monoblock compacto con 9 estaciones de llenado y 4 de tapado para un llenado preciso de productos de cuidado del cabello.\",\"breadcrumb\":{\"@id\":\"https:\\\/\\\/www.mengibarfillers.com\\\/es\\\/ver-caso-de-exito-linea-monoblock-de-llenado-y-tapado-para-el-cuidado-del-cabello\\\/#breadcrumb\"},\"inLanguage\":\"es\",\"potentialAction\":[{\"@type\":\"ReadAction\",\"target\":[\"https:\\\/\\\/www.mengibarfillers.com\\\/es\\\/ver-caso-de-exito-linea-monoblock-de-llenado-y-tapado-para-el-cuidado-del-cabello\\\/\"]}]},{\"@type\":\"ImageObject\",\"inLanguage\":\"es\",\"@id\":\"https:\\\/\\\/www.mengibarfillers.com\\\/es\\\/ver-caso-de-exito-linea-monoblock-de-llenado-y-tapado-para-el-cuidado-del-cabello\\\/#primaryimage\",\"url\":\"https:\\\/\\\/www.mengibarfillers.com\\\/wp-content\\\/uploads\\\/2023\\\/06\\\/Hair-Care-Body-Care-Filler-and-Capper-Monoblock.jpg\",\"contentUrl\":\"https:\\\/\\\/www.mengibarfillers.com\\\/wp-content\\\/uploads\\\/2023\\\/06\\\/Hair-Care-Body-Care-Filler-and-Capper-Monoblock.jpg\"},{\"@type\":\"BreadcrumbList\",\"@id\":\"https:\\\/\\\/www.mengibarfillers.com\\\/es\\\/ver-caso-de-exito-linea-monoblock-de-llenado-y-tapado-para-el-cuidado-del-cabello\\\/#breadcrumb\",\"itemListElement\":[{\"@type\":\"ListItem\",\"position\":1,\"name\":\"Home\",\"item\":\"https:\\\/\\\/www.mengibarfillers.com\\\/es\\\/home\\\/\"},{\"@type\":\"ListItem\",\"position\":2,\"name\":\"Ver caso de \u00e9xito: L\u00ednea Monoblock de llenado y tapado para el cuidado del cabello\"}]},{\"@type\":\"WebSite\",\"@id\":\"https:\\\/\\\/www.mengibarfillers.com\\\/es\\\/#website\",\"url\":\"https:\\\/\\\/www.mengibarfillers.com\\\/es\\\/\",\"name\":\"MENGIBAR - Packaging Machinery\",\"description\":\"\",\"publisher\":{\"@id\":\"https:\\\/\\\/www.mengibarfillers.com\\\/es\\\/#organization\"},\"potentialAction\":[{\"@type\":\"SearchAction\",\"target\":{\"@type\":\"EntryPoint\",\"urlTemplate\":\"https:\\\/\\\/www.mengibarfillers.com\\\/es\\\/?s={search_term_string}\"},\"query-input\":{\"@type\":\"PropertyValueSpecification\",\"valueRequired\":true,\"valueName\":\"search_term_string\"}}],\"inLanguage\":\"es\"},{\"@type\":\"Organization\",\"@id\":\"https:\\\/\\\/www.mengibarfillers.com\\\/es\\\/#organization\",\"name\":\"MENGIBAR - Packaging Machinery\",\"url\":\"https:\\\/\\\/www.mengibarfillers.com\\\/es\\\/\",\"logo\":{\"@type\":\"ImageObject\",\"inLanguage\":\"es\",\"@id\":\"https:\\\/\\\/www.mengibarfillers.com\\\/es\\\/#\\\/schema\\\/logo\\\/image\\\/\",\"url\":\"https:\\\/\\\/www.mengibarfillers.com\\\/wp-content\\\/uploads\\\/2023\\\/01\\\/logo-mengibar-color-250px.png\",\"contentUrl\":\"https:\\\/\\\/www.mengibarfillers.com\\\/wp-content\\\/uploads\\\/2023\\\/01\\\/logo-mengibar-color-250px.png\",\"width\":250,\"height\":53,\"caption\":\"MENGIBAR - Packaging Machinery\"},\"image\":{\"@id\":\"https:\\\/\\\/www.mengibarfillers.com\\\/es\\\/#\\\/schema\\\/logo\\\/image\\\/\"}}]}<\/script>\n<!-- \/ Yoast SEO plugin. -->","yoast_head_json":{"title":"Caso pr\u00e1ctico: Monoblock llenado y tapado para el cuidado del cabello","description":"Monoblock compacto con 9 estaciones de llenado y 4 de tapado para un llenado preciso de productos de cuidado del cabello.","robots":{"index":"index","follow":"follow","max-snippet":"max-snippet:-1","max-image-preview":"max-image-preview:large","max-video-preview":"max-video-preview:-1"},"canonical":"https:\/\/www.mengibarfillers.com\/es\/ver-caso-de-exito-linea-monoblock-de-llenado-y-tapado-para-el-cuidado-del-cabello\/","og_locale":"es_ES","og_type":"article","og_title":"Caso pr\u00e1ctico: Monoblock llenado y tapado para el cuidado del cabello","og_description":"Monoblock compacto con 9 estaciones de llenado y 4 de tapado para un llenado preciso de productos de cuidado del cabello.","og_url":"https:\/\/www.mengibarfillers.com\/es\/ver-caso-de-exito-linea-monoblock-de-llenado-y-tapado-para-el-cuidado-del-cabello\/","og_site_name":"MENGIBAR - Packaging Machinery","article_modified_time":"2023-11-28T11:05:47+00:00","og_image":[{"url":"https:\/\/www.mengibarfillers.com\/wp-content\/uploads\/2023\/06\/Hair-Care-Body-Care-Filler-and-Capper-Monoblock.jpg","type":"","width":"","height":""}],"twitter_card":"summary_large_image","schema":{"@context":"https:\/\/schema.org","@graph":[{"@type":"WebPage","@id":"https:\/\/www.mengibarfillers.com\/es\/ver-caso-de-exito-linea-monoblock-de-llenado-y-tapado-para-el-cuidado-del-cabello\/","url":"https:\/\/www.mengibarfillers.com\/es\/ver-caso-de-exito-linea-monoblock-de-llenado-y-tapado-para-el-cuidado-del-cabello\/","name":"Caso pr\u00e1ctico: Monoblock llenado y tapado para el cuidado del cabello","isPartOf":{"@id":"https:\/\/www.mengibarfillers.com\/es\/#website"},"primaryImageOfPage":{"@id":"https:\/\/www.mengibarfillers.com\/es\/ver-caso-de-exito-linea-monoblock-de-llenado-y-tapado-para-el-cuidado-del-cabello\/#primaryimage"},"image":{"@id":"https:\/\/www.mengibarfillers.com\/es\/ver-caso-de-exito-linea-monoblock-de-llenado-y-tapado-para-el-cuidado-del-cabello\/#primaryimage"},"thumbnailUrl":"https:\/\/www.mengibarfillers.com\/wp-content\/uploads\/2023\/06\/Hair-Care-Body-Care-Filler-and-Capper-Monoblock.jpg","datePublished":"2023-06-15T07:51:54+00:00","dateModified":"2023-11-28T11:05:47+00:00","description":"Monoblock compacto con 9 estaciones de llenado y 4 de tapado para un llenado preciso de productos de cuidado del cabello.","breadcrumb":{"@id":"https:\/\/www.mengibarfillers.com\/es\/ver-caso-de-exito-linea-monoblock-de-llenado-y-tapado-para-el-cuidado-del-cabello\/#breadcrumb"},"inLanguage":"es","potentialAction":[{"@type":"ReadAction","target":["https:\/\/www.mengibarfillers.com\/es\/ver-caso-de-exito-linea-monoblock-de-llenado-y-tapado-para-el-cuidado-del-cabello\/"]}]},{"@type":"ImageObject","inLanguage":"es","@id":"https:\/\/www.mengibarfillers.com\/es\/ver-caso-de-exito-linea-monoblock-de-llenado-y-tapado-para-el-cuidado-del-cabello\/#primaryimage","url":"https:\/\/www.mengibarfillers.com\/wp-content\/uploads\/2023\/06\/Hair-Care-Body-Care-Filler-and-Capper-Monoblock.jpg","contentUrl":"https:\/\/www.mengibarfillers.com\/wp-content\/uploads\/2023\/06\/Hair-Care-Body-Care-Filler-and-Capper-Monoblock.jpg"},{"@type":"BreadcrumbList","@id":"https:\/\/www.mengibarfillers.com\/es\/ver-caso-de-exito-linea-monoblock-de-llenado-y-tapado-para-el-cuidado-del-cabello\/#breadcrumb","itemListElement":[{"@type":"ListItem","position":1,"name":"Home","item":"https:\/\/www.mengibarfillers.com\/es\/home\/"},{"@type":"ListItem","position":2,"name":"Ver caso de \u00e9xito: L\u00ednea Monoblock de llenado y tapado para el cuidado del cabello"}]},{"@type":"WebSite","@id":"https:\/\/www.mengibarfillers.com\/es\/#website","url":"https:\/\/www.mengibarfillers.com\/es\/","name":"MENGIBAR - Packaging Machinery","description":"","publisher":{"@id":"https:\/\/www.mengibarfillers.com\/es\/#organization"},"potentialAction":[{"@type":"SearchAction","target":{"@type":"EntryPoint","urlTemplate":"https:\/\/www.mengibarfillers.com\/es\/?s={search_term_string}"},"query-input":{"@type":"PropertyValueSpecification","valueRequired":true,"valueName":"search_term_string"}}],"inLanguage":"es"},{"@type":"Organization","@id":"https:\/\/www.mengibarfillers.com\/es\/#organization","name":"MENGIBAR - Packaging Machinery","url":"https:\/\/www.mengibarfillers.com\/es\/","logo":{"@type":"ImageObject","inLanguage":"es","@id":"https:\/\/www.mengibarfillers.com\/es\/#\/schema\/logo\/image\/","url":"https:\/\/www.mengibarfillers.com\/wp-content\/uploads\/2023\/01\/logo-mengibar-color-250px.png","contentUrl":"https:\/\/www.mengibarfillers.com\/wp-content\/uploads\/2023\/01\/logo-mengibar-color-250px.png","width":250,"height":53,"caption":"MENGIBAR - Packaging Machinery"},"image":{"@id":"https:\/\/www.mengibarfillers.com\/es\/#\/schema\/logo\/image\/"}}]}},"_links":{"self":[{"href":"https:\/\/www.mengibarfillers.com\/es\/wp-json\/wp\/v2\/pages\/24397","targetHints":{"allow":["GET"]}}],"collection":[{"href":"https:\/\/www.mengibarfillers.com\/es\/wp-json\/wp\/v2\/pages"}],"about":[{"href":"https:\/\/www.mengibarfillers.com\/es\/wp-json\/wp\/v2\/types\/page"}],"author":[{"embeddable":true,"href":"https:\/\/www.mengibarfillers.com\/es\/wp-json\/wp\/v2\/users\/6"}],"replies":[{"embeddable":true,"href":"https:\/\/www.mengibarfillers.com\/es\/wp-json\/wp\/v2\/comments?post=24397"}],"version-history":[{"count":4,"href":"https:\/\/www.mengibarfillers.com\/es\/wp-json\/wp\/v2\/pages\/24397\/revisions"}],"predecessor-version":[{"id":28062,"href":"https:\/\/www.mengibarfillers.com\/es\/wp-json\/wp\/v2\/pages\/24397\/revisions\/28062"}],"wp:attachment":[{"href":"https:\/\/www.mengibarfillers.com\/es\/wp-json\/wp\/v2\/media?parent=24397"}],"curies":[{"name":"wp","href":"https:\/\/api.w.org\/{rel}","templated":true}]}}