{"id":24381,"date":"2023-06-15T09:50:51","date_gmt":"2023-06-15T07:50:51","guid":{"rendered":"https:\/\/nova.mengibar.es\/ver-caso-de-exito-llenado-y-tapado-del-limpiador-con-la-botella-mas-ligera\/"},"modified":"2023-11-28T12:05:07","modified_gmt":"2023-11-28T11:05:07","slug":"ver-caso-de-exito-llenado-y-tapado-del-limpiador-con-la-botella-mas-ligera","status":"publish","type":"page","link":"https:\/\/www.mengibarfillers.com\/es\/ver-caso-de-exito-llenado-y-tapado-del-limpiador-con-la-botella-mas-ligera\/","title":{"rendered":"Ver caso de \u00e9xito: Llenado y Tapado del limpiador con la botella m\u00e1s ligera"},"content":{"rendered":"\t\t<div data-elementor-type=\"wp-page\" data-elementor-id=\"24381\" class=\"elementor elementor-24381 elementor-24321\" data-elementor-post-type=\"page\">\n\t\t\t\t<div class=\"elementor-element elementor-element-1537362 e-flex e-con-boxed e-con e-parent\" data-id=\"1537362\" data-element_type=\"container\" data-e-type=\"container\" data-settings=\"{&quot;background_background&quot;:&quot;classic&quot;,&quot;_ob_use_container_extras&quot;:&quot;no&quot;,&quot;_ob_column_hoveranimator&quot;:&quot;no&quot;,&quot;_ob_glider_is_slider&quot;:&quot;no&quot;,&quot;_ob_column_has_pseudo&quot;:&quot;no&quot;}\">\n\t\t\t\t\t<div class=\"e-con-inner\">\n\t\t<div class=\"elementor-element elementor-element-6df9d80 e-flex e-con-boxed e-con e-parent\" data-id=\"6df9d80\" data-element_type=\"container\" data-e-type=\"container\" data-settings=\"{&quot;_ob_use_container_extras&quot;:&quot;no&quot;,&quot;_ob_column_hoveranimator&quot;:&quot;no&quot;,&quot;_ob_glider_is_slider&quot;:&quot;no&quot;,&quot;_ob_column_has_pseudo&quot;:&quot;no&quot;}\">\n\t\t\t\t\t<div class=\"e-con-inner\">\n\t\t\t\t<div class=\"elementor-element elementor-element-5586785 ob-harakiri-inherit ob-has-background-overlay elementor-widget elementor-widget-heading\" data-id=\"5586785\" data-element_type=\"widget\" data-e-type=\"widget\" data-settings=\"{&quot;_ob_use_harakiri&quot;:&quot;yes&quot;,&quot;_ob_harakiri_writing_mode&quot;:&quot;inherit&quot;,&quot;_ob_harakiri_text_clip&quot;:&quot;none&quot;,&quot;_ob_widget_stalker_use&quot;:&quot;no&quot;,&quot;_ob_poopart_use&quot;:&quot;yes&quot;,&quot;_ob_shadough_use&quot;:&quot;no&quot;,&quot;_ob_allow_hoveranimator&quot;:&quot;no&quot;}\" data-widget_type=\"heading.default\">\n\t\t\t\t<div class=\"elementor-widget-container\">\n\t\t\t\t\t<h1 class=\"elementor-heading-title elementor-size-default\">Llenado del limpiador con la botella m\u00e1s ligera<\/h1>\t\t\t\t<\/div>\n\t\t\t\t<\/div>\n\t\t\t\t<div class=\"elementor-element elementor-element-2c1d702 ob-harakiri-inherit ob-has-background-overlay elementor-widget elementor-widget-text-editor\" data-id=\"2c1d702\" data-element_type=\"widget\" data-e-type=\"widget\" data-settings=\"{&quot;_ob_use_harakiri&quot;:&quot;yes&quot;,&quot;_ob_harakiri_writing_mode&quot;:&quot;inherit&quot;,&quot;_ob_postman_use&quot;:&quot;no&quot;,&quot;_ob_widget_stalker_use&quot;:&quot;no&quot;,&quot;_ob_poopart_use&quot;:&quot;yes&quot;,&quot;_ob_shadough_use&quot;:&quot;no&quot;,&quot;_ob_allow_hoveranimator&quot;:&quot;no&quot;}\" data-widget_type=\"text-editor.default\">\n\t\t\t\t<div class=\"elementor-widget-container\">\n\t\t\t\t\t\t\t\t\t<p>Descubre la tecnolog\u00eda innovadora de las Cabezales de Llenado Mengibar MassFlow y MagFlow que mantienen la integridad de la botella al evitar el contacto con el cuello de la botella. Adem\u00e1s, la estrella de tapado especialmente dise\u00f1ada preserva la forma de las botellas de HDPE durante el proceso de tapado, lo que la convierte en un elemento crucial para el \u00e9xito del proyecto.<\/p>\n<p>Para obtener acceso exclusivo a este inspirador caso de \u00e9xito, le solicitamos que complete el siguiente formulario.<\/p>\n\t\t\t\t\t\t\t\t<\/div>\n\t\t\t\t<\/div>\n\t\t\t\t<div class=\"elementor-element elementor-element-9111d1d ob-has-background-overlay elementor-widget elementor-widget-image\" data-id=\"9111d1d\" data-element_type=\"widget\" data-e-type=\"widget\" data-settings=\"{&quot;_ob_photomorph_use&quot;:&quot;no&quot;,&quot;_ob_widget_stalker_use&quot;:&quot;no&quot;,&quot;_ob_poopart_use&quot;:&quot;yes&quot;,&quot;_ob_shadough_use&quot;:&quot;no&quot;,&quot;_ob_allow_hoveranimator&quot;:&quot;no&quot;}\" data-widget_type=\"image.default\">\n\t\t\t\t<div class=\"elementor-widget-container\">\n\t\t\t\t\t\t\t\t\t\t\t\t\t\t\t<img fetchpriority=\"high\" decoding=\"async\" width=\"594\" height=\"274\" src=\"https:\/\/www.mengibarfillers.com\/wp-content\/uploads\/2023\/06\/Filling-the-lightest-homecare-bottle.jpg\" class=\"attachment-large size-large wp-image-23924\" alt=\"Filling the lightest homecare bottle\" srcset=\"https:\/\/www.mengibarfillers.com\/wp-content\/uploads\/2023\/06\/Filling-the-lightest-homecare-bottle.jpg 594w, https:\/\/www.mengibarfillers.com\/wp-content\/uploads\/2023\/06\/Filling-the-lightest-homecare-bottle-300x138.jpg 300w\" sizes=\"(max-width: 594px) 100vw, 594px\" \/>\t\t\t\t\t\t\t\t\t\t\t\t\t\t\t<\/div>\n\t\t\t\t<\/div>\n\t\t\t\t\t<\/div>\n\t\t\t\t<\/div>\n\t\t<div class=\"elementor-element elementor-element-e8b53aa e-flex e-con-boxed e-con e-parent\" data-id=\"e8b53aa\" data-element_type=\"container\" data-e-type=\"container\" data-settings=\"{&quot;background_background&quot;:&quot;classic&quot;,&quot;_ob_use_container_extras&quot;:&quot;no&quot;,&quot;_ob_column_hoveranimator&quot;:&quot;no&quot;,&quot;_ob_glider_is_slider&quot;:&quot;no&quot;,&quot;_ob_column_has_pseudo&quot;:&quot;no&quot;}\">\n\t\t\t\t\t<div class=\"e-con-inner\">\n\t\t\t\t<div class=\"elementor-element elementor-element-14b974d ob-harakiri-inherit ob-has-background-overlay elementor-widget elementor-widget-heading\" data-id=\"14b974d\" data-element_type=\"widget\" data-e-type=\"widget\" data-settings=\"{&quot;_ob_use_harakiri&quot;:&quot;yes&quot;,&quot;_ob_harakiri_writing_mode&quot;:&quot;inherit&quot;,&quot;_ob_harakiri_text_clip&quot;:&quot;none&quot;,&quot;_ob_widget_stalker_use&quot;:&quot;no&quot;,&quot;_ob_poopart_use&quot;:&quot;yes&quot;,&quot;_ob_shadough_use&quot;:&quot;no&quot;,&quot;_ob_allow_hoveranimator&quot;:&quot;no&quot;}\" data-widget_type=\"heading.default\">\n\t\t\t\t<div class=\"elementor-widget-container\">\n\t\t\t\t\t<h2 class=\"elementor-heading-title elementor-size-default\">Reg\u00edstrese para ver el caso pr\u00e1ctico<\/h2>\t\t\t\t<\/div>\n\t\t\t\t<\/div>\n\t\t<div class=\"elementor-element elementor-element-9b0424c e-flex e-con-boxed e-con e-parent\" data-id=\"9b0424c\" data-element_type=\"container\" data-e-type=\"container\" data-settings=\"{&quot;_ob_use_container_extras&quot;:&quot;no&quot;,&quot;_ob_column_hoveranimator&quot;:&quot;no&quot;,&quot;_ob_glider_is_slider&quot;:&quot;no&quot;,&quot;_ob_column_has_pseudo&quot;:&quot;no&quot;}\">\n\t\t\t\t\t<div class=\"e-con-inner\">\n\t\t<div class=\"elementor-element elementor-element-43645f9 e-flex e-con-boxed e-con e-parent\" data-id=\"43645f9\" data-element_type=\"container\" data-e-type=\"container\" data-settings=\"{&quot;background_background&quot;:&quot;classic&quot;,&quot;_ob_use_container_extras&quot;:&quot;no&quot;,&quot;_ob_column_hoveranimator&quot;:&quot;no&quot;,&quot;_ob_glider_is_slider&quot;:&quot;no&quot;,&quot;_ob_column_has_pseudo&quot;:&quot;no&quot;}\">\n\t\t\t\t\t<div class=\"e-con-inner\">\n\t\t\t\t<div class=\"elementor-element elementor-element-109f5d9 elementor-widget__width-initial ob-has-background-overlay elementor-widget elementor-widget-html\" data-id=\"109f5d9\" data-element_type=\"widget\" data-e-type=\"widget\" data-settings=\"{&quot;_ob_widget_stalker_use&quot;:&quot;no&quot;,&quot;_ob_poopart_use&quot;:&quot;yes&quot;,&quot;_ob_shadough_use&quot;:&quot;no&quot;,&quot;_ob_allow_hoveranimator&quot;:&quot;no&quot;}\" data-widget_type=\"html.default\">\n\t\t\t\t<div class=\"elementor-widget-container\">\n\t\t\t\t\t<script charset=\"utf-8\" type=\"text\/javascript\" src=\"\/\/js-eu1.hsforms.net\/forms\/embed\/v2.js\"><\/script>\n<script>\n  hbspt.forms.create({\n    region: \"eu1\",\n    portalId: \"25740744\",\n    formId: \"f2f0250e-3ddb-4ad1-a54e-a3a729f901f6\"\n  });\n<\/script>\t\t\t\t<\/div>\n\t\t\t\t<\/div>\n\t\t\t\t\t<\/div>\n\t\t\t\t<\/div>\n\t\t\t\t\t<\/div>\n\t\t\t\t<\/div>\n\t\t\t\t\t<\/div>\n\t\t\t\t<\/div>\n\t\t\t\t\t<\/div>\n\t\t\t\t<\/div>\n\t\t\t\t<\/div>\n\t\t","protected":false},"excerpt":{"rendered":"<p>Llenado del limpiador con la botella m\u00e1s ligera Descubre la tecnolog\u00eda innovadora de las Cabezales de Llenado Mengibar MassFlow y MagFlow que mantienen la integridad de la botella al evitar el contacto con el cuello de la botella. Adem\u00e1s, la estrella de tapado especialmente dise\u00f1ada preserva la forma de las botellas de HDPE durante el [&hellip;]<\/p>\n","protected":false},"author":6,"featured_media":0,"parent":0,"menu_order":0,"comment_status":"closed","ping_status":"closed","template":"","meta":{"_acf_changed":false,"content-type":"","footnotes":""},"class_list":["post-24381","page","type-page","status-publish","hentry"],"acf":[],"yoast_head":"<!-- This site is optimized with the Yoast SEO plugin v27.3 - https:\/\/yoast.com\/product\/yoast-seo-wordpress\/ -->\n<title>Caso pr\u00e1ctico: llenado de la botella m\u00e1s ligera para homecare<\/title>\n<meta name=\"description\" content=\"Descubra la innovadora tecnolog\u00eda de los cabezales de llenado que mantienen la integridad de la botella evitando el contacto con el cuello de la botella.\" \/>\n<meta name=\"robots\" content=\"index, follow, max-snippet:-1, max-image-preview:large, max-video-preview:-1\" \/>\n<link rel=\"canonical\" href=\"https:\/\/www.mengibarfillers.com\/es\/ver-caso-de-exito-llenado-y-tapado-del-limpiador-con-la-botella-mas-ligera\/\" \/>\n<meta property=\"og:locale\" content=\"es_ES\" \/>\n<meta property=\"og:type\" content=\"article\" \/>\n<meta property=\"og:title\" content=\"Caso pr\u00e1ctico: llenado de la botella m\u00e1s ligera para homecare\" \/>\n<meta property=\"og:description\" content=\"Descubra la innovadora tecnolog\u00eda de los cabezales de llenado que mantienen la integridad de la botella evitando el contacto con el cuello de la botella.\" \/>\n<meta property=\"og:url\" content=\"https:\/\/www.mengibarfillers.com\/es\/ver-caso-de-exito-llenado-y-tapado-del-limpiador-con-la-botella-mas-ligera\/\" \/>\n<meta property=\"og:site_name\" content=\"MENGIBAR - Packaging Machinery\" \/>\n<meta property=\"article:modified_time\" content=\"2023-11-28T11:05:07+00:00\" \/>\n<meta property=\"og:image\" content=\"https:\/\/www.mengibarfillers.com\/wp-content\/uploads\/2023\/06\/Filling-the-lightest-homecare-bottle.jpg\" \/>\n<meta name=\"twitter:card\" content=\"summary_large_image\" \/>\n<meta name=\"twitter:label1\" content=\"Tiempo de lectura\" \/>\n\t<meta name=\"twitter:data1\" content=\"1 minuto\" \/>\n<script type=\"application\/ld+json\" class=\"yoast-schema-graph\">{\"@context\":\"https:\\\/\\\/schema.org\",\"@graph\":[{\"@type\":\"WebPage\",\"@id\":\"https:\\\/\\\/www.mengibarfillers.com\\\/es\\\/ver-caso-de-exito-llenado-y-tapado-del-limpiador-con-la-botella-mas-ligera\\\/\",\"url\":\"https:\\\/\\\/www.mengibarfillers.com\\\/es\\\/ver-caso-de-exito-llenado-y-tapado-del-limpiador-con-la-botella-mas-ligera\\\/\",\"name\":\"Caso pr\u00e1ctico: llenado de la botella m\u00e1s ligera para homecare\",\"isPartOf\":{\"@id\":\"https:\\\/\\\/www.mengibarfillers.com\\\/es\\\/#website\"},\"primaryImageOfPage\":{\"@id\":\"https:\\\/\\\/www.mengibarfillers.com\\\/es\\\/ver-caso-de-exito-llenado-y-tapado-del-limpiador-con-la-botella-mas-ligera\\\/#primaryimage\"},\"image\":{\"@id\":\"https:\\\/\\\/www.mengibarfillers.com\\\/es\\\/ver-caso-de-exito-llenado-y-tapado-del-limpiador-con-la-botella-mas-ligera\\\/#primaryimage\"},\"thumbnailUrl\":\"https:\\\/\\\/www.mengibarfillers.com\\\/wp-content\\\/uploads\\\/2023\\\/06\\\/Filling-the-lightest-homecare-bottle.jpg\",\"datePublished\":\"2023-06-15T07:50:51+00:00\",\"dateModified\":\"2023-11-28T11:05:07+00:00\",\"description\":\"Descubra la innovadora tecnolog\u00eda de los cabezales de llenado que mantienen la integridad de la botella evitando el contacto con el cuello de la botella.\",\"breadcrumb\":{\"@id\":\"https:\\\/\\\/www.mengibarfillers.com\\\/es\\\/ver-caso-de-exito-llenado-y-tapado-del-limpiador-con-la-botella-mas-ligera\\\/#breadcrumb\"},\"inLanguage\":\"es\",\"potentialAction\":[{\"@type\":\"ReadAction\",\"target\":[\"https:\\\/\\\/www.mengibarfillers.com\\\/es\\\/ver-caso-de-exito-llenado-y-tapado-del-limpiador-con-la-botella-mas-ligera\\\/\"]}]},{\"@type\":\"ImageObject\",\"inLanguage\":\"es\",\"@id\":\"https:\\\/\\\/www.mengibarfillers.com\\\/es\\\/ver-caso-de-exito-llenado-y-tapado-del-limpiador-con-la-botella-mas-ligera\\\/#primaryimage\",\"url\":\"https:\\\/\\\/www.mengibarfillers.com\\\/wp-content\\\/uploads\\\/2023\\\/06\\\/Filling-the-lightest-homecare-bottle.jpg\",\"contentUrl\":\"https:\\\/\\\/www.mengibarfillers.com\\\/wp-content\\\/uploads\\\/2023\\\/06\\\/Filling-the-lightest-homecare-bottle.jpg\"},{\"@type\":\"BreadcrumbList\",\"@id\":\"https:\\\/\\\/www.mengibarfillers.com\\\/es\\\/ver-caso-de-exito-llenado-y-tapado-del-limpiador-con-la-botella-mas-ligera\\\/#breadcrumb\",\"itemListElement\":[{\"@type\":\"ListItem\",\"position\":1,\"name\":\"Home\",\"item\":\"https:\\\/\\\/www.mengibarfillers.com\\\/es\\\/home\\\/\"},{\"@type\":\"ListItem\",\"position\":2,\"name\":\"Ver caso de \u00e9xito: Llenado y Tapado del limpiador con la botella m\u00e1s ligera\"}]},{\"@type\":\"WebSite\",\"@id\":\"https:\\\/\\\/www.mengibarfillers.com\\\/es\\\/#website\",\"url\":\"https:\\\/\\\/www.mengibarfillers.com\\\/es\\\/\",\"name\":\"MENGIBAR - Packaging Machinery\",\"description\":\"\",\"publisher\":{\"@id\":\"https:\\\/\\\/www.mengibarfillers.com\\\/es\\\/#organization\"},\"potentialAction\":[{\"@type\":\"SearchAction\",\"target\":{\"@type\":\"EntryPoint\",\"urlTemplate\":\"https:\\\/\\\/www.mengibarfillers.com\\\/es\\\/?s={search_term_string}\"},\"query-input\":{\"@type\":\"PropertyValueSpecification\",\"valueRequired\":true,\"valueName\":\"search_term_string\"}}],\"inLanguage\":\"es\"},{\"@type\":\"Organization\",\"@id\":\"https:\\\/\\\/www.mengibarfillers.com\\\/es\\\/#organization\",\"name\":\"MENGIBAR - Packaging Machinery\",\"url\":\"https:\\\/\\\/www.mengibarfillers.com\\\/es\\\/\",\"logo\":{\"@type\":\"ImageObject\",\"inLanguage\":\"es\",\"@id\":\"https:\\\/\\\/www.mengibarfillers.com\\\/es\\\/#\\\/schema\\\/logo\\\/image\\\/\",\"url\":\"https:\\\/\\\/www.mengibarfillers.com\\\/wp-content\\\/uploads\\\/2023\\\/01\\\/logo-mengibar-color-250px.png\",\"contentUrl\":\"https:\\\/\\\/www.mengibarfillers.com\\\/wp-content\\\/uploads\\\/2023\\\/01\\\/logo-mengibar-color-250px.png\",\"width\":250,\"height\":53,\"caption\":\"MENGIBAR - Packaging Machinery\"},\"image\":{\"@id\":\"https:\\\/\\\/www.mengibarfillers.com\\\/es\\\/#\\\/schema\\\/logo\\\/image\\\/\"}}]}<\/script>\n<!-- \/ Yoast SEO plugin. -->","yoast_head_json":{"title":"Caso pr\u00e1ctico: llenado de la botella m\u00e1s ligera para homecare","description":"Descubra la innovadora tecnolog\u00eda de los cabezales de llenado que mantienen la integridad de la botella evitando el contacto con el cuello de la botella.","robots":{"index":"index","follow":"follow","max-snippet":"max-snippet:-1","max-image-preview":"max-image-preview:large","max-video-preview":"max-video-preview:-1"},"canonical":"https:\/\/www.mengibarfillers.com\/es\/ver-caso-de-exito-llenado-y-tapado-del-limpiador-con-la-botella-mas-ligera\/","og_locale":"es_ES","og_type":"article","og_title":"Caso pr\u00e1ctico: llenado de la botella m\u00e1s ligera para homecare","og_description":"Descubra la innovadora tecnolog\u00eda de los cabezales de llenado que mantienen la integridad de la botella evitando el contacto con el cuello de la botella.","og_url":"https:\/\/www.mengibarfillers.com\/es\/ver-caso-de-exito-llenado-y-tapado-del-limpiador-con-la-botella-mas-ligera\/","og_site_name":"MENGIBAR - Packaging Machinery","article_modified_time":"2023-11-28T11:05:07+00:00","og_image":[{"url":"https:\/\/www.mengibarfillers.com\/wp-content\/uploads\/2023\/06\/Filling-the-lightest-homecare-bottle.jpg","type":"","width":"","height":""}],"twitter_card":"summary_large_image","twitter_misc":{"Tiempo de lectura":"1 minuto"},"schema":{"@context":"https:\/\/schema.org","@graph":[{"@type":"WebPage","@id":"https:\/\/www.mengibarfillers.com\/es\/ver-caso-de-exito-llenado-y-tapado-del-limpiador-con-la-botella-mas-ligera\/","url":"https:\/\/www.mengibarfillers.com\/es\/ver-caso-de-exito-llenado-y-tapado-del-limpiador-con-la-botella-mas-ligera\/","name":"Caso pr\u00e1ctico: llenado de la botella m\u00e1s ligera para homecare","isPartOf":{"@id":"https:\/\/www.mengibarfillers.com\/es\/#website"},"primaryImageOfPage":{"@id":"https:\/\/www.mengibarfillers.com\/es\/ver-caso-de-exito-llenado-y-tapado-del-limpiador-con-la-botella-mas-ligera\/#primaryimage"},"image":{"@id":"https:\/\/www.mengibarfillers.com\/es\/ver-caso-de-exito-llenado-y-tapado-del-limpiador-con-la-botella-mas-ligera\/#primaryimage"},"thumbnailUrl":"https:\/\/www.mengibarfillers.com\/wp-content\/uploads\/2023\/06\/Filling-the-lightest-homecare-bottle.jpg","datePublished":"2023-06-15T07:50:51+00:00","dateModified":"2023-11-28T11:05:07+00:00","description":"Descubra la innovadora tecnolog\u00eda de los cabezales de llenado que mantienen la integridad de la botella evitando el contacto con el cuello de la botella.","breadcrumb":{"@id":"https:\/\/www.mengibarfillers.com\/es\/ver-caso-de-exito-llenado-y-tapado-del-limpiador-con-la-botella-mas-ligera\/#breadcrumb"},"inLanguage":"es","potentialAction":[{"@type":"ReadAction","target":["https:\/\/www.mengibarfillers.com\/es\/ver-caso-de-exito-llenado-y-tapado-del-limpiador-con-la-botella-mas-ligera\/"]}]},{"@type":"ImageObject","inLanguage":"es","@id":"https:\/\/www.mengibarfillers.com\/es\/ver-caso-de-exito-llenado-y-tapado-del-limpiador-con-la-botella-mas-ligera\/#primaryimage","url":"https:\/\/www.mengibarfillers.com\/wp-content\/uploads\/2023\/06\/Filling-the-lightest-homecare-bottle.jpg","contentUrl":"https:\/\/www.mengibarfillers.com\/wp-content\/uploads\/2023\/06\/Filling-the-lightest-homecare-bottle.jpg"},{"@type":"BreadcrumbList","@id":"https:\/\/www.mengibarfillers.com\/es\/ver-caso-de-exito-llenado-y-tapado-del-limpiador-con-la-botella-mas-ligera\/#breadcrumb","itemListElement":[{"@type":"ListItem","position":1,"name":"Home","item":"https:\/\/www.mengibarfillers.com\/es\/home\/"},{"@type":"ListItem","position":2,"name":"Ver caso de \u00e9xito: Llenado y Tapado del limpiador con la botella m\u00e1s ligera"}]},{"@type":"WebSite","@id":"https:\/\/www.mengibarfillers.com\/es\/#website","url":"https:\/\/www.mengibarfillers.com\/es\/","name":"MENGIBAR - Packaging Machinery","description":"","publisher":{"@id":"https:\/\/www.mengibarfillers.com\/es\/#organization"},"potentialAction":[{"@type":"SearchAction","target":{"@type":"EntryPoint","urlTemplate":"https:\/\/www.mengibarfillers.com\/es\/?s={search_term_string}"},"query-input":{"@type":"PropertyValueSpecification","valueRequired":true,"valueName":"search_term_string"}}],"inLanguage":"es"},{"@type":"Organization","@id":"https:\/\/www.mengibarfillers.com\/es\/#organization","name":"MENGIBAR - Packaging Machinery","url":"https:\/\/www.mengibarfillers.com\/es\/","logo":{"@type":"ImageObject","inLanguage":"es","@id":"https:\/\/www.mengibarfillers.com\/es\/#\/schema\/logo\/image\/","url":"https:\/\/www.mengibarfillers.com\/wp-content\/uploads\/2023\/01\/logo-mengibar-color-250px.png","contentUrl":"https:\/\/www.mengibarfillers.com\/wp-content\/uploads\/2023\/01\/logo-mengibar-color-250px.png","width":250,"height":53,"caption":"MENGIBAR - Packaging Machinery"},"image":{"@id":"https:\/\/www.mengibarfillers.com\/es\/#\/schema\/logo\/image\/"}}]}},"_links":{"self":[{"href":"https:\/\/www.mengibarfillers.com\/es\/wp-json\/wp\/v2\/pages\/24381","targetHints":{"allow":["GET"]}}],"collection":[{"href":"https:\/\/www.mengibarfillers.com\/es\/wp-json\/wp\/v2\/pages"}],"about":[{"href":"https:\/\/www.mengibarfillers.com\/es\/wp-json\/wp\/v2\/types\/page"}],"author":[{"embeddable":true,"href":"https:\/\/www.mengibarfillers.com\/es\/wp-json\/wp\/v2\/users\/6"}],"replies":[{"embeddable":true,"href":"https:\/\/www.mengibarfillers.com\/es\/wp-json\/wp\/v2\/comments?post=24381"}],"version-history":[{"count":4,"href":"https:\/\/www.mengibarfillers.com\/es\/wp-json\/wp\/v2\/pages\/24381\/revisions"}],"predecessor-version":[{"id":28061,"href":"https:\/\/www.mengibarfillers.com\/es\/wp-json\/wp\/v2\/pages\/24381\/revisions\/28061"}],"wp:attachment":[{"href":"https:\/\/www.mengibarfillers.com\/es\/wp-json\/wp\/v2\/media?parent=24381"}],"curies":[{"name":"wp","href":"https:\/\/api.w.org\/{rel}","templated":true}]}}