{"id":21389,"date":"2023-02-23T10:07:57","date_gmt":"2023-02-23T09:07:57","guid":{"rendered":"https:\/\/nova.mengibar.es\/politica-de-privacidad\/"},"modified":"2023-08-30T11:59:52","modified_gmt":"2023-08-30T09:59:52","slug":"politica-de-privacidad","status":"publish","type":"page","link":"https:\/\/www.mengibarfillers.com\/es\/politica-de-privacidad\/","title":{"rendered":"Pol\u00edtica de privacidad"},"content":{"rendered":"\t\t<div data-elementor-type=\"wp-page\" data-elementor-id=\"21389\" class=\"elementor elementor-21389 elementor-21348\" data-elementor-post-type=\"page\">\n\t\t\t\t<div class=\"elementor-element elementor-element-6c7825aa e-flex e-con-boxed e-con e-parent\" data-id=\"6c7825aa\" data-element_type=\"container\" data-e-type=\"container\" data-settings=\"{&quot;background_background&quot;:&quot;classic&quot;,&quot;_ob_use_container_extras&quot;:&quot;no&quot;,&quot;_ob_column_hoveranimator&quot;:&quot;no&quot;,&quot;_ob_glider_is_slider&quot;:&quot;no&quot;,&quot;_ob_column_has_pseudo&quot;:&quot;no&quot;}\">\n\t\t\t\t\t<div class=\"e-con-inner\">\n\t\t\t\t<div class=\"elementor-element elementor-element-1886193a ob-harakiri-inherit ob-has-background-overlay elementor-widget elementor-widget-heading\" data-id=\"1886193a\" data-element_type=\"widget\" data-e-type=\"widget\" data-settings=\"{&quot;_ob_use_harakiri&quot;:&quot;yes&quot;,&quot;_ob_harakiri_writing_mode&quot;:&quot;inherit&quot;,&quot;_ob_harakiri_text_clip&quot;:&quot;none&quot;,&quot;_ob_widget_stalker_use&quot;:&quot;no&quot;,&quot;_ob_poopart_use&quot;:&quot;yes&quot;,&quot;_ob_shadough_use&quot;:&quot;no&quot;,&quot;_ob_allow_hoveranimator&quot;:&quot;no&quot;}\" data-widget_type=\"heading.default\">\n\t\t\t\t<div class=\"elementor-widget-container\">\n\t\t\t\t\t<h1 class=\"elementor-heading-title elementor-size-default\">Pol\u00edtica de privacidad<\/h1>\t\t\t\t<\/div>\n\t\t\t\t<\/div>\n\t\t\t\t<div class=\"elementor-element elementor-element-7a697c5d ob-has-background-overlay elementor-widget elementor-widget-breadcrumbs\" data-id=\"7a697c5d\" data-element_type=\"widget\" data-e-type=\"widget\" data-settings=\"{&quot;_ob_widget_stalker_use&quot;:&quot;no&quot;,&quot;_ob_poopart_use&quot;:&quot;yes&quot;,&quot;_ob_shadough_use&quot;:&quot;no&quot;,&quot;_ob_allow_hoveranimator&quot;:&quot;no&quot;}\" data-widget_type=\"breadcrumbs.default\">\n\t\t\t\t<div class=\"elementor-widget-container\">\n\t\t\t\t\t<p id=\"breadcrumbs\"><span><span><a href=\"https:\/\/www.mengibarfillers.com\/es\/home\/\">Home<\/a><\/span><\/span><\/p>\t\t\t\t<\/div>\n\t\t\t\t<\/div>\n\t\t\t\t\t<\/div>\n\t\t\t\t<\/div>\n\t\t<div class=\"elementor-element elementor-element-a41ac4c e-flex e-con-boxed e-con e-parent\" data-id=\"a41ac4c\" data-element_type=\"container\" data-e-type=\"container\" data-settings=\"{&quot;_ob_use_container_extras&quot;:&quot;no&quot;,&quot;_ob_column_hoveranimator&quot;:&quot;no&quot;,&quot;_ob_glider_is_slider&quot;:&quot;no&quot;,&quot;_ob_column_has_pseudo&quot;:&quot;no&quot;}\">\n\t\t\t\t\t<div class=\"e-con-inner\">\n\t\t\t\t<div class=\"elementor-element elementor-element-2b5d334 ob-harakiri-inherit ob-has-background-overlay elementor-widget elementor-widget-heading\" data-id=\"2b5d334\" data-element_type=\"widget\" data-e-type=\"widget\" data-settings=\"{&quot;_ob_use_harakiri&quot;:&quot;yes&quot;,&quot;_ob_harakiri_writing_mode&quot;:&quot;inherit&quot;,&quot;_ob_harakiri_text_clip&quot;:&quot;none&quot;,&quot;_ob_widget_stalker_use&quot;:&quot;no&quot;,&quot;_ob_poopart_use&quot;:&quot;yes&quot;,&quot;_ob_shadough_use&quot;:&quot;no&quot;,&quot;_ob_allow_hoveranimator&quot;:&quot;no&quot;}\" data-widget_type=\"heading.default\">\n\t\t\t\t<div class=\"elementor-widget-container\">\n\t\t\t\t\t<h2 class=\"elementor-heading-title elementor-size-default\">Informaci\u00f3n b\u00e1sica sobre Protecci\u00f3n de Datos<\/h2>\t\t\t\t<\/div>\n\t\t\t\t<\/div>\n\t\t\t\t<div class=\"elementor-element elementor-element-f048eff elementor-widget-divider--view-line ob-has-background-overlay elementor-widget elementor-widget-global elementor-global-24810 elementor-global-173 elementor-widget-divider\" data-id=\"f048eff\" data-element_type=\"widget\" data-e-type=\"widget\" data-settings=\"{&quot;_ob_widget_stalker_use&quot;:&quot;no&quot;,&quot;_ob_poopart_use&quot;:&quot;yes&quot;,&quot;_ob_shadough_use&quot;:&quot;no&quot;,&quot;_ob_allow_hoveranimator&quot;:&quot;no&quot;}\" data-widget_type=\"divider.default\">\n\t\t\t\t<div class=\"elementor-widget-container\">\n\t\t\t\t\t\t\t<div class=\"elementor-divider\">\n\t\t\t<span class=\"elementor-divider-separator\">\n\t\t\t\t\t\t<\/span>\n\t\t<\/div>\n\t\t\t\t\t\t<\/div>\n\t\t\t\t<\/div>\n\t\t\t\t<div class=\"elementor-element elementor-element-02b22d0 ob-harakiri-inherit ob-has-background-overlay elementor-widget elementor-widget-text-editor\" data-id=\"02b22d0\" data-element_type=\"widget\" data-e-type=\"widget\" data-settings=\"{&quot;_ob_use_harakiri&quot;:&quot;yes&quot;,&quot;_ob_harakiri_writing_mode&quot;:&quot;inherit&quot;,&quot;_ob_postman_use&quot;:&quot;no&quot;,&quot;_ob_widget_stalker_use&quot;:&quot;no&quot;,&quot;_ob_poopart_use&quot;:&quot;yes&quot;,&quot;_ob_shadough_use&quot;:&quot;no&quot;,&quot;_ob_allow_hoveranimator&quot;:&quot;no&quot;}\" data-widget_type=\"text-editor.default\">\n\t\t\t\t<div class=\"elementor-widget-container\">\n\t\t\t\t\t\t\t\t\t<h3>Responsable<\/h3>\n<p>ANTONIO MENGIBAR S.A.<\/p>\n<h3>Finalidad<\/h3>\n<p>Prestaci\u00f3n de servicios online<br \/>Gesti\u00f3n de consultas a trav\u00e9s de formularios.<br \/>Gesti\u00f3n de promociones de servicios.<\/p>\n<h3>Legitimaci\u00f3n<\/h3>\n<p>Consentimiento expreso e inter\u00e9s leg\u00edtimo<br \/>Ejecuci\u00f3n de un contrato o aplicaci\u00f3n de medidas precontractuales.<br \/>Inter\u00e9s leg\u00edtimo para el tratamiento de datos.<br \/>Cumplimiento de obligaciones legales.<\/p>\n<h3>Destinatarios<\/h3>\n<p>No se ceden datos a terceros, salvo obligaci\u00f3n legal Sin perjuicio de aquellos terceros que presten servicios a ANTONIO MENGIBAR S.A. con la finalidad de gestionar la prestaci\u00f3n de servicios, la relaci\u00f3n contractual y\/o precontractual con los interesados o la tramitaci\u00f3n de las solicitudes formuladas por los mismos.<\/p>\n<h3>Derechos<\/h3>\n<p>Acceder, rectificar y suprimir los datos, as\u00ed como otros derechos, como se explica en la informaci\u00f3n adicional<\/p>\n<h3>Informaci\u00f3n adicional<\/h3>\n<p>Puede consultar la informaci\u00f3n adicional y detallada sobre Protecci\u00f3n de Datos en las cl\u00e1usulas anexas que se encuentran <a href=\"https:\/\/mengibarfillers.com\/privacy-policy\/\">aqu\u00ed<\/a>.<\/p>\n<p>Informaci\u00f3n adicional<\/p>\n<h3>\u00bfQui\u00e9n es el responsable del tratamiento de sus datos personales?<\/h3>\n<p>Los datos personales que nos haya facilitado en esta y otras comunicaciones mantenidas con usted ser\u00e1n incluidos en los Registros de Actividades de Tratamiento de ANTONIO MENGIBAR S.A. con domicilio en PASEO DE LA CASTELLANA 40 8\u00ba&#8217; Madrid 28046 Espa\u00f1a y correo electr\u00f3nico lopd@ mengibar.es.<\/p>\n<h3>\u00bfQu\u00e9 datos personales recopilamos?<\/h3>\n<p>Los datos personales que el usuario puede facilitar:<br \/>\u2022 Nombre, direcci\u00f3n y fecha de nacimiento.<br \/>\u2022 N\u00famero de tel\u00e9fono y direcci\u00f3n de correo electr\u00f3nico.<br \/>\u2022 Ubicaci\u00f3n.<br \/>\u2022 Informaci\u00f3n de pagos y entregas.<br \/>\u2022 Direcci\u00f3n IP, fecha y hora en que accede a nuestros servicios, navegador y datos sobre el sistema operativo de su dispositivo.<br \/>\u2022 Cualquier otra informaci\u00f3n o dato que decida compartir con nosotros.<\/p>\n<p>La mayor parte de la informaci\u00f3n personal que procesamos nos la proporciona usted directamente. En algunos casos, es obligatoria la cumplimentaci\u00f3n de un formulario para acceder a determinados servicios. El no facilitar los datos personales solicitados o el no aceptar la presente pol\u00edtica de protecci\u00f3n de datos supone la imposibilidad de navegar por el sitio web.<\/p>\n<h3>\u00bfQui\u00e9n es el responsable del tratamiento de sus datos personales?<\/h3>\n<p>ANTONIO MENGIBAR S.A., no se hace responsable de la veracidad de los datos facilitados por sus usuarios. Es responsabilidad del usuario garantizar, en cualquier caso, la exactitud y autenticidad de los datos personales facilitados. El usuario se compromete a proporcionar informaci\u00f3n completa y correcta. ANTONIO MENGIBAR S.A. queda exonerado de cualquier responsabilidad al respecto, por lo que no asume responsabilidad alguna en cuanto a hipot\u00e9ticos perjuicios que pudieran originarse por el uso de dicha informaci\u00f3n.<\/p>\n<p>ANTONIO MENGIBAR S.A. \u00fanicamente responde de la veracidad de la informaci\u00f3n de elaboraci\u00f3n propia. ANTONIO MENGIBAR S.A. se reserva el derecho a actualizar, modificar o eliminar la informaci\u00f3n contenida en sus p\u00e1ginas web pudiendo incluso limitar o no permitir el acceso a dicha informaci\u00f3n. Se exonera a ANTONIO MENGIBAR S.A. de responsabilidad ante cualquier da\u00f1o o perjuicio que pudiera sufrir el usuario como consecuencia de errores, defectos u omisiones, en la informaci\u00f3n facilitada por ANTONIO MENGIBAR S.A. siempre que proceda de fuentes ajenas o p\u00fablicas a la empresa.<\/p>\n<h3>\u00bfCu\u00e1l es la legitimaci\u00f3n para el tratamiento de tus datos?<\/h3>\n<p>El tratamiento de tus datos puede fundamentarse en las siguientes bases legales:<\/p>\n<p>\u2022 Consentimiento expreso del interesado. \u2022 Consentimiento del interesado para la contrataci\u00f3n de servicios y productos, para los formularios de contacto, las solicitudes de informaci\u00f3n o alta en e-newsletters.<br \/>\u2022 Ejecuci\u00f3n de un contrato o aplicaci\u00f3n de medidas precontractuales.<br \/>\u2022 Inter\u00e9s leg\u00edtimo para el tratamiento de datos de nuestros clientes en acciones de marketing directo y consentimiento expreso del interesado para todo lo relativo a las valoraciones autom\u00e1ticas y elaboraci\u00f3n de perfiles.<br \/>\u2022 Cumplimiento de obligaciones legales para prevenci\u00f3n del fraude, comunicaci\u00f3n con Autoridades p\u00fablicas y reclamaciones de terceros.<\/p>\n<h3>\u00bfQu\u00e9 derechos le asisten y c\u00f3mo puede ejercerlos?<\/h3>\n<p>Seg\u00fan la ley de protecci\u00f3n de datos, tiene derechos que debemos informarle. Podr\u00e1 dirigir sus comunicaciones y ejercitar sus derechos mediante comunicaci\u00f3n escrita al siguiente correo electr\u00f3nico: lopd@mengibar.es.<\/p>\n<p>En virtud de lo dispuesto en la normativa de protecci\u00f3n de datos puede solicitar:<\/p>\n<p>\u2022 <strong>Derecho de acceso:<\/strong> puedes pedir informaci\u00f3n de aquellos datos personales que dispongamos acerca de ti. Tiene derecho a solicitarnos copias de su informaci\u00f3n personal.<\/p>\n<p>\u2022 <strong>Derecho a rectificaci\u00f3n:<\/strong> puedes comunicar cualquier cambio en tus datos personales. Tambi\u00e9n tiene derecho a pedirnos que completemos la informaci\u00f3n que cree que est\u00e1 incompleta. Podr\u00e1 comunicar cualquier cambio en sus datos personales.<\/p>\n<p>\u2022 <strong>Derecho de supresi\u00f3n y al olvido:<\/strong> puedes solicitar la eliminaci\u00f3n previo bloqueo de los datos personales.<\/p>\n<p>\u2022 <strong>Derecho de limitaci\u00f3n al tratamiento:<\/strong> supone la restricci\u00f3n del tratamiento de los datos personales.<\/p>\n<p>\u2022 <strong>Derecho de oposici\u00f3n:<\/strong> puedes retirar el consentimiento del tratamiento de los datos, oponi\u00e9ndose a que se sigan tratando.<\/p>\n<p>\u2022 <strong>Derecho a la portabilidad:<\/strong> en algunos casos, puedes pedir una copia de los datos personales en un formato estructurado, de uso com\u00fan y lectura mec\u00e1nica para su transmisi\u00f3n a otro responsable.<\/p>\n<p>\u2022 <strong>Derecho a no ser objeto de decisiones individualizadas:<\/strong> puedes solicitar que no se tomen decisiones que se basen \u00fanicamente en el tratamiento automatizado, incluyendo la elaboraci\u00f3n de perfiles, que produzca efectos jur\u00eddicos o afecte significativamente al interesado.<\/p>\n<p>En algunos casos, se podr\u00e1 rechazar la solicitud si solicitas que se eliminen datos necesarios para el cumplimiento de obligaciones legales. Asimismo, si tienes alguna queja sobre el tratamiento de los datos puedes presentar una reclamaci\u00f3n a la autoridad de protecci\u00f3n de datos.<\/p>\n<p>\u00bfPor qu\u00e9 y para qu\u00e9 tratamos tus datos?<\/p>\n<p>Seg\u00fan las finalidades necesitaremos tratar unos datos u otros, que con car\u00e1cter general ser\u00e1n, seg\u00fan los casos, los siguientes:<\/p>\n<p>\u2022 Gestionar pedidos o contratar alguno de nuestros servicios, ya sea online o en las tiendas f\u00edsicas.<\/p>\n<p>\u2022 Gestionar el env\u00edo de la informaci\u00f3n que nos soliciten.<\/p>\n<p>\u2022 Desarrollar acciones comerciales y realizar el mantenimiento y gesti\u00f3n de la relaci\u00f3n con el usuario, as\u00ed como la gesti\u00f3n de los servicios ofrecido a trav\u00e9s del sitio web y las labores de informaci\u00f3n, pudiendo realizar valoraciones autom\u00e1ticas, obtenci\u00f3n de perfiles y labores de segmentaci\u00f3n de los clientes con el objeto de personalizar el trato conforme a sus caracter\u00edsticas y necesidades y mejorar la experiencia en l\u00ednea del cliente.<\/p>\n<p>\u2022 Desarrollar y gestionar los concursos, sorteos u otras actividades promocionales que se puedan organizar.<\/p>\n<p>\u2022 En algunos casos ser\u00e1 necesario facilitar informaci\u00f3n a las Autoridades o terceras empresas por motivos de auditor\u00eda, as\u00ed como manejar datos personales de facturas, contratos y documentos para responder a reclamaciones de clientes o de las Administraciones P\u00fablicas<\/p>\n<h3>\u00bfCu\u00e1nto tiempo conservamos tus datos?<\/h3>\n<p>El tratamiento de los datos con las finalidades descritas se mantendr\u00e1 durante el tiempo necesario para cumplir con la finalidad de su recogida (por ejemplo, mientras dure la relaci\u00f3n comercial), as\u00ed como para el cumplimiento de las obligaciones legales que se deriven del tratamiento de los datos. Sin perjuicio de que la conservaci\u00f3n sea necesaria para la formulaci\u00f3n, ejercicio o defensa de posibles reclamaciones y\/o siempre que lo permita la legislaci\u00f3n aplicable.<\/p>\n<p>ANTONIO MENGIBAR S.A. se compromete a cesar en el tratamiento de los datos personales al finalizar el plazo de conservaci\u00f3n y a bloquearlos en nuestras bases de datos.<\/p>\n<h3>\u00bfA qu\u00e9 destinatarios se comunican tus datos?<\/h3>\n<p>Con car\u00e1cter general, ANTONIO MENGIBAR S.A. no ceder\u00e1 los datos personales a terceros, salvo en aquellos supuestos en los que dichos datos puedan ser cedidos a otros colaboradores que presten servicios a ANTONIO MENGIBAR S.A., con la finalidad de gestionar la prestaci\u00f3n de estos servicios. Asimismo, cualquier cesi\u00f3n, ser\u00e1 informada al interesado a trav\u00e9s de las cl\u00e1usulas de consentimiento establecidas en la normativa de protecci\u00f3n de datos.<\/p>\n<p>ANTONIO MENGIBAR S.A. vela por la seguridad de los datos personales cuando se env\u00edan fuera de la empresa, y se asegura de que los terceros proveedores de servicios respeten la confidencialidad y dispongan de las medidas adecuadas para proteger los datos personales. Dichos terceros tienen la obligaci\u00f3n de garantizar que la informaci\u00f3n se trate de acuerdo con las normas de privacidad de datos. En algunos casos, la ley puede exigir que los datos personales se divulguen a organismos p\u00fablicos u otras partes, solo en la medida estrictamente necesaria para el cumplimiento de dichas obligaciones legales.<\/p>\n<h3>Actualizaciones a este Aviso<\/h3>\n<p>ANTONIO MENGIBAR S.A. mantiene su aviso de privacidad bajo revisi\u00f3n peri\u00f3dica para asegurarse de que est\u00e9 actualizado y sea exacto. Le recomendamos que revise la pol\u00edtica de privacidad de vez en cuando.<\/p>\n\t\t\t\t\t\t\t\t<\/div>\n\t\t\t\t<\/div>\n\t\t\t\t\t<\/div>\n\t\t\t\t<\/div>\n\t\t\t\t<\/div>\n\t\t","protected":false},"excerpt":{"rendered":"<p>Informaci\u00f3n b\u00e1sica sobre Protecci\u00f3n de Datos Responsable ANTONIO MENGIBAR S.A. Finalidad Prestaci\u00f3n de servicios onlineGesti\u00f3n de consultas a trav\u00e9s de formularios.Gesti\u00f3n de promociones de servicios. Legitimaci\u00f3n Consentimiento expreso e inter\u00e9s leg\u00edtimoEjecuci\u00f3n de un contrato o aplicaci\u00f3n de medidas precontractuales.Inter\u00e9s leg\u00edtimo para el tratamiento de datos.Cumplimiento de obligaciones legales. Destinatarios No se ceden datos a terceros, [&hellip;]<\/p>\n","protected":false},"author":1,"featured_media":20981,"parent":0,"menu_order":100,"comment_status":"closed","ping_status":"closed","template":"","meta":{"_acf_changed":false,"content-type":"","footnotes":""},"class_list":["post-21389","page","type-page","status-publish","has-post-thumbnail","hentry"],"acf":[],"yoast_head":"<!-- This site is optimized with the Yoast SEO plugin v27.5 - https:\/\/yoast.com\/product\/yoast-seo-wordpress\/ -->\n<title>Pol\u00edtica de privacidad - MENGIBAR - Packaging Machinery<\/title>\n<meta name=\"robots\" content=\"noindex, nofollow\" \/>\n<meta property=\"og:locale\" content=\"es_ES\" \/>\n<meta property=\"og:type\" content=\"article\" \/>\n<meta property=\"og:title\" content=\"Pol\u00edtica de privacidad - MENGIBAR - Packaging Machinery\" \/>\n<meta property=\"og:description\" content=\"Informaci\u00f3n b\u00e1sica sobre Protecci\u00f3n de Datos Responsable ANTONIO MENGIBAR S.A. Finalidad Prestaci\u00f3n de servicios onlineGesti\u00f3n de consultas a trav\u00e9s de formularios.Gesti\u00f3n de promociones de servicios. Legitimaci\u00f3n Consentimiento expreso e inter\u00e9s leg\u00edtimoEjecuci\u00f3n de un contrato o aplicaci\u00f3n de medidas precontractuales.Inter\u00e9s leg\u00edtimo para el tratamiento de datos.Cumplimiento de obligaciones legales. Destinatarios No se ceden datos a terceros, [&hellip;]\" \/>\n<meta property=\"og:url\" content=\"https:\/\/www.mengibarfillers.com\/es\/politica-de-privacidad\/\" \/>\n<meta property=\"og:site_name\" content=\"MENGIBAR - Packaging Machinery\" \/>\n<meta property=\"article:modified_time\" content=\"2023-08-30T09:59:52+00:00\" \/>\n<meta property=\"og:image\" content=\"https:\/\/www.mengibarfillers.com\/wp-content\/uploads\/2023\/02\/cabecera_market_2-scaled-1.jpg\" \/>\n\t<meta property=\"og:image:width\" content=\"2560\" \/>\n\t<meta property=\"og:image:height\" content=\"343\" \/>\n\t<meta property=\"og:image:type\" content=\"image\/jpeg\" \/>\n<meta name=\"twitter:card\" content=\"summary_large_image\" \/>\n<meta name=\"twitter:label1\" content=\"Tiempo de lectura\" \/>\n\t<meta name=\"twitter:data1\" content=\"7 minutos\" \/>\n<script type=\"application\/ld+json\" class=\"yoast-schema-graph\">{\"@context\":\"https:\\\/\\\/schema.org\",\"@graph\":[{\"@type\":\"WebPage\",\"@id\":\"https:\\\/\\\/www.mengibarfillers.com\\\/es\\\/politica-de-privacidad\\\/\",\"url\":\"https:\\\/\\\/www.mengibarfillers.com\\\/es\\\/politica-de-privacidad\\\/\",\"name\":\"Pol\u00edtica de privacidad - MENGIBAR - Packaging Machinery\",\"isPartOf\":{\"@id\":\"https:\\\/\\\/www.mengibarfillers.com\\\/es\\\/#website\"},\"primaryImageOfPage\":{\"@id\":\"https:\\\/\\\/www.mengibarfillers.com\\\/es\\\/politica-de-privacidad\\\/#primaryimage\"},\"image\":{\"@id\":\"https:\\\/\\\/www.mengibarfillers.com\\\/es\\\/politica-de-privacidad\\\/#primaryimage\"},\"thumbnailUrl\":\"https:\\\/\\\/www.mengibarfillers.com\\\/wp-content\\\/uploads\\\/2023\\\/02\\\/cabecera_market_2-scaled-1.jpg\",\"datePublished\":\"2023-02-23T09:07:57+00:00\",\"dateModified\":\"2023-08-30T09:59:52+00:00\",\"breadcrumb\":{\"@id\":\"https:\\\/\\\/www.mengibarfillers.com\\\/es\\\/politica-de-privacidad\\\/#breadcrumb\"},\"inLanguage\":\"es\",\"potentialAction\":[{\"@type\":\"ReadAction\",\"target\":[\"https:\\\/\\\/www.mengibarfillers.com\\\/es\\\/politica-de-privacidad\\\/\"]}]},{\"@type\":\"ImageObject\",\"inLanguage\":\"es\",\"@id\":\"https:\\\/\\\/www.mengibarfillers.com\\\/es\\\/politica-de-privacidad\\\/#primaryimage\",\"url\":\"https:\\\/\\\/www.mengibarfillers.com\\\/wp-content\\\/uploads\\\/2023\\\/02\\\/cabecera_market_2-scaled-1.jpg\",\"contentUrl\":\"https:\\\/\\\/www.mengibarfillers.com\\\/wp-content\\\/uploads\\\/2023\\\/02\\\/cabecera_market_2-scaled-1.jpg\",\"width\":2560,\"height\":343},{\"@type\":\"BreadcrumbList\",\"@id\":\"https:\\\/\\\/www.mengibarfillers.com\\\/es\\\/politica-de-privacidad\\\/#breadcrumb\",\"itemListElement\":[{\"@type\":\"ListItem\",\"position\":1,\"name\":\"Home\",\"item\":\"https:\\\/\\\/www.mengibarfillers.com\\\/es\\\/home\\\/\"},{\"@type\":\"ListItem\",\"position\":2,\"name\":\"Pol\u00edtica de privacidad\"}]},{\"@type\":\"WebSite\",\"@id\":\"https:\\\/\\\/www.mengibarfillers.com\\\/es\\\/#website\",\"url\":\"https:\\\/\\\/www.mengibarfillers.com\\\/es\\\/\",\"name\":\"MENGIBAR - Packaging Machinery\",\"description\":\"\",\"publisher\":{\"@id\":\"https:\\\/\\\/www.mengibarfillers.com\\\/es\\\/#organization\"},\"potentialAction\":[{\"@type\":\"SearchAction\",\"target\":{\"@type\":\"EntryPoint\",\"urlTemplate\":\"https:\\\/\\\/www.mengibarfillers.com\\\/es\\\/?s={search_term_string}\"},\"query-input\":{\"@type\":\"PropertyValueSpecification\",\"valueRequired\":true,\"valueName\":\"search_term_string\"}}],\"inLanguage\":\"es\"},{\"@type\":\"Organization\",\"@id\":\"https:\\\/\\\/www.mengibarfillers.com\\\/es\\\/#organization\",\"name\":\"MENGIBAR - Packaging Machinery\",\"url\":\"https:\\\/\\\/www.mengibarfillers.com\\\/es\\\/\",\"logo\":{\"@type\":\"ImageObject\",\"inLanguage\":\"es\",\"@id\":\"https:\\\/\\\/www.mengibarfillers.com\\\/es\\\/#\\\/schema\\\/logo\\\/image\\\/\",\"url\":\"https:\\\/\\\/www.mengibarfillers.com\\\/wp-content\\\/uploads\\\/2023\\\/01\\\/logo-mengibar-color-250px.png\",\"contentUrl\":\"https:\\\/\\\/www.mengibarfillers.com\\\/wp-content\\\/uploads\\\/2023\\\/01\\\/logo-mengibar-color-250px.png\",\"width\":250,\"height\":53,\"caption\":\"MENGIBAR - Packaging Machinery\"},\"image\":{\"@id\":\"https:\\\/\\\/www.mengibarfillers.com\\\/es\\\/#\\\/schema\\\/logo\\\/image\\\/\"}}]}<\/script>\n<!-- \/ Yoast SEO plugin. -->","yoast_head_json":{"title":"Pol\u00edtica de privacidad - MENGIBAR - Packaging Machinery","robots":{"index":"noindex","follow":"nofollow"},"og_locale":"es_ES","og_type":"article","og_title":"Pol\u00edtica de privacidad - MENGIBAR - Packaging Machinery","og_description":"Informaci\u00f3n b\u00e1sica sobre Protecci\u00f3n de Datos Responsable ANTONIO MENGIBAR S.A. Finalidad Prestaci\u00f3n de servicios onlineGesti\u00f3n de consultas a trav\u00e9s de formularios.Gesti\u00f3n de promociones de servicios. Legitimaci\u00f3n Consentimiento expreso e inter\u00e9s leg\u00edtimoEjecuci\u00f3n de un contrato o aplicaci\u00f3n de medidas precontractuales.Inter\u00e9s leg\u00edtimo para el tratamiento de datos.Cumplimiento de obligaciones legales. Destinatarios No se ceden datos a terceros, [&hellip;]","og_url":"https:\/\/www.mengibarfillers.com\/es\/politica-de-privacidad\/","og_site_name":"MENGIBAR - Packaging Machinery","article_modified_time":"2023-08-30T09:59:52+00:00","og_image":[{"width":2560,"height":343,"url":"https:\/\/www.mengibarfillers.com\/wp-content\/uploads\/2023\/02\/cabecera_market_2-scaled-1.jpg","type":"image\/jpeg"}],"twitter_card":"summary_large_image","twitter_misc":{"Tiempo de lectura":"7 minutos"},"schema":{"@context":"https:\/\/schema.org","@graph":[{"@type":"WebPage","@id":"https:\/\/www.mengibarfillers.com\/es\/politica-de-privacidad\/","url":"https:\/\/www.mengibarfillers.com\/es\/politica-de-privacidad\/","name":"Pol\u00edtica de privacidad - MENGIBAR - Packaging Machinery","isPartOf":{"@id":"https:\/\/www.mengibarfillers.com\/es\/#website"},"primaryImageOfPage":{"@id":"https:\/\/www.mengibarfillers.com\/es\/politica-de-privacidad\/#primaryimage"},"image":{"@id":"https:\/\/www.mengibarfillers.com\/es\/politica-de-privacidad\/#primaryimage"},"thumbnailUrl":"https:\/\/www.mengibarfillers.com\/wp-content\/uploads\/2023\/02\/cabecera_market_2-scaled-1.jpg","datePublished":"2023-02-23T09:07:57+00:00","dateModified":"2023-08-30T09:59:52+00:00","breadcrumb":{"@id":"https:\/\/www.mengibarfillers.com\/es\/politica-de-privacidad\/#breadcrumb"},"inLanguage":"es","potentialAction":[{"@type":"ReadAction","target":["https:\/\/www.mengibarfillers.com\/es\/politica-de-privacidad\/"]}]},{"@type":"ImageObject","inLanguage":"es","@id":"https:\/\/www.mengibarfillers.com\/es\/politica-de-privacidad\/#primaryimage","url":"https:\/\/www.mengibarfillers.com\/wp-content\/uploads\/2023\/02\/cabecera_market_2-scaled-1.jpg","contentUrl":"https:\/\/www.mengibarfillers.com\/wp-content\/uploads\/2023\/02\/cabecera_market_2-scaled-1.jpg","width":2560,"height":343},{"@type":"BreadcrumbList","@id":"https:\/\/www.mengibarfillers.com\/es\/politica-de-privacidad\/#breadcrumb","itemListElement":[{"@type":"ListItem","position":1,"name":"Home","item":"https:\/\/www.mengibarfillers.com\/es\/home\/"},{"@type":"ListItem","position":2,"name":"Pol\u00edtica de privacidad"}]},{"@type":"WebSite","@id":"https:\/\/www.mengibarfillers.com\/es\/#website","url":"https:\/\/www.mengibarfillers.com\/es\/","name":"MENGIBAR - Packaging Machinery","description":"","publisher":{"@id":"https:\/\/www.mengibarfillers.com\/es\/#organization"},"potentialAction":[{"@type":"SearchAction","target":{"@type":"EntryPoint","urlTemplate":"https:\/\/www.mengibarfillers.com\/es\/?s={search_term_string}"},"query-input":{"@type":"PropertyValueSpecification","valueRequired":true,"valueName":"search_term_string"}}],"inLanguage":"es"},{"@type":"Organization","@id":"https:\/\/www.mengibarfillers.com\/es\/#organization","name":"MENGIBAR - Packaging Machinery","url":"https:\/\/www.mengibarfillers.com\/es\/","logo":{"@type":"ImageObject","inLanguage":"es","@id":"https:\/\/www.mengibarfillers.com\/es\/#\/schema\/logo\/image\/","url":"https:\/\/www.mengibarfillers.com\/wp-content\/uploads\/2023\/01\/logo-mengibar-color-250px.png","contentUrl":"https:\/\/www.mengibarfillers.com\/wp-content\/uploads\/2023\/01\/logo-mengibar-color-250px.png","width":250,"height":53,"caption":"MENGIBAR - Packaging Machinery"},"image":{"@id":"https:\/\/www.mengibarfillers.com\/es\/#\/schema\/logo\/image\/"}}]}},"_links":{"self":[{"href":"https:\/\/www.mengibarfillers.com\/es\/wp-json\/wp\/v2\/pages\/21389","targetHints":{"allow":["GET"]}}],"collection":[{"href":"https:\/\/www.mengibarfillers.com\/es\/wp-json\/wp\/v2\/pages"}],"about":[{"href":"https:\/\/www.mengibarfillers.com\/es\/wp-json\/wp\/v2\/types\/page"}],"author":[{"embeddable":true,"href":"https:\/\/www.mengibarfillers.com\/es\/wp-json\/wp\/v2\/users\/1"}],"replies":[{"embeddable":true,"href":"https:\/\/www.mengibarfillers.com\/es\/wp-json\/wp\/v2\/comments?post=21389"}],"version-history":[{"count":4,"href":"https:\/\/www.mengibarfillers.com\/es\/wp-json\/wp\/v2\/pages\/21389\/revisions"}],"predecessor-version":[{"id":26050,"href":"https:\/\/www.mengibarfillers.com\/es\/wp-json\/wp\/v2\/pages\/21389\/revisions\/26050"}],"wp:featuredmedia":[{"embeddable":true,"href":"https:\/\/www.mengibarfillers.com\/es\/wp-json\/wp\/v2\/media\/20981"}],"wp:attachment":[{"href":"https:\/\/www.mengibarfillers.com\/es\/wp-json\/wp\/v2\/media?parent=21389"}],"curies":[{"name":"wp","href":"https:\/\/api.w.org\/{rel}","templated":true}]}}